{"id":174262,"date":"2025-02-25T08:06:00","date_gmt":"2025-02-25T08:06:00","guid":{"rendered":"https:\/\/nexgendecors.com\/en\/product\/wholesale-custom-pillow-protector-100-waterproof-reusable-pillow-cover-case-for-home-hotel\/"},"modified":"2025-04-06T10:27:48","modified_gmt":"2025-04-06T10:27:48","slug":"housse-de-coussin-personnalisee-en-gros-100-impermeable-et-reutilisable-pour-la-maison-et-lhotel","status":"publish","type":"product","link":"https:\/\/nexgendecors.com\/fr\/product\/housse-de-coussin-personnalisee-en-gros-100-impermeable-et-reutilisable-pour-la-maison-et-lhotel\/","title":{"rendered":"Wholesale Custom Pillow Protector 100% Waterproof Reusable Pillow Cover Case for Home Hotel"},"content":{"rendered":"<ul>\n<li><strong>lieu d&#039;origine : <\/strong> Zhejiang, Chine<\/li>\n<li><strong>nom de marque : <\/strong> SHANDE<\/li>\n<li><strong>num\u00e9ro de mod\u00e8le : <\/strong> ZT-01<\/li>\n<li><strong>fonctionnalit\u00e9 : <\/strong> Antistatique, anti-acariens, musical, r\u00e9sistant aux taches<\/li>\n<li><strong>techniques : <\/strong> tiss\u00e9<\/li>\n<li><strong>mod\u00e8le : <\/strong> Solide<\/li>\n<li><strong>utiliser : <\/strong> H\u00f4tel, Maison, H\u00f4pital<\/li>\n<li><strong>est_personnalis\u00e9 : <\/strong> Oui<\/li>\n<li><strong>degr\u00e9 de solidit\u00e9 des couleurs : <\/strong> Normes nationales<\/li>\n<li><strong>mat\u00e9riel : <\/strong> Coton<\/li>\n<li><strong>Nom du produit : <\/strong> Taie d&#039;oreiller imperm\u00e9able<\/li>\n<li><strong>Mat\u00e9riel : <\/strong> Coton<\/li>\n<li><strong>Utilisation : <\/strong> Accueil<\/li>\n<\/ul>","protected":false},"excerpt":{"rendered":"<p>lieu d'origine : Zhejiang, Chine marque : SHANDE num\u00e9ro de mod\u00e8le : ZT-01 caract\u00e9ristiques : antistatique, anti-acariens,<\/p>","protected":false},"featured_media":174261,"comment_status":"open","ping_status":"closed","template":"","meta":[],"product_brand":[],"product_cat":[30926,30951,30954],"product_tag":[],"class_list":{"0":"post-174262","1":"product","2":"type-product","3":"status-publish","4":"has-post-thumbnail","6":"product_cat-bedding","7":"product_cat-hotel-bedding","8":"product_cat-hotel-pillows-and-covers","10":"first","11":"instock","12":"taxable","13":"shipping-taxable","14":"purchasable","15":"product-type-variable"},"_links":{"self":[{"href":"https:\/\/nexgendecors.com\/fr\/wp-json\/wp\/v2\/product\/174262","targetHints":{"allow":["GET"]}}],"collection":[{"href":"https:\/\/nexgendecors.com\/fr\/wp-json\/wp\/v2\/product"}],"about":[{"href":"https:\/\/nexgendecors.com\/fr\/wp-json\/wp\/v2\/types\/product"}],"replies":[{"embeddable":true,"href":"https:\/\/nexgendecors.com\/fr\/wp-json\/wp\/v2\/comments?post=174262"}],"version-history":[{"count":0,"href":"https:\/\/nexgendecors.com\/fr\/wp-json\/wp\/v2\/product\/174262\/revisions"}],"wp:featuredmedia":[{"embeddable":true,"href":"https:\/\/nexgendecors.com\/fr\/wp-json\/wp\/v2\/media\/174261"}],"wp:attachment":[{"href":"https:\/\/nexgendecors.com\/fr\/wp-json\/wp\/v2\/media?parent=174262"}],"wp:term":[{"taxonomy":"product_brand","embeddable":true,"href":"https:\/\/nexgendecors.com\/fr\/wp-json\/wp\/v2\/product_brand?post=174262"},{"taxonomy":"product_cat","embeddable":true,"href":"https:\/\/nexgendecors.com\/fr\/wp-json\/wp\/v2\/product_cat?post=174262"},{"taxonomy":"product_tag","embeddable":true,"href":"https:\/\/nexgendecors.com\/fr\/wp-json\/wp\/v2\/product_tag?post=174262"}],"curies":[{"name":"wp","href":"https:\/\/api.w.org\/{rel}","templated":true}]}}