{"id":174288,"date":"2025-02-25T08:07:25","date_gmt":"2025-02-25T08:07:25","guid":{"rendered":"https:\/\/nexgendecors.com\/en\/product\/luxury-microfiber-3-pcs-bedding-set-king-size-comforter-set-solid-color-bed-sheets-duvet-cover-set\/"},"modified":"2025-04-06T10:27:59","modified_gmt":"2025-04-06T10:27:59","slug":"luxury-microfiber-3-pcs-bedding-set-king-size-comforter-set-solid-color-bed-sheets-duvet-cover-set","status":"publish","type":"product","link":"https:\/\/nexgendecors.com\/fr\/product\/luxury-microfiber-3-pcs-bedding-set-king-size-comforter-set-solid-color-bed-sheets-duvet-cover-set\/","title":{"rendered":"Parure de lit de luxe 3 pi\u00e8ces en microfibre, ensemble de couette king size, draps de lit de couleur unie, ensemble de housse de couette"},"content":{"rendered":"<ul>\n<li><strong>est_personnalis\u00e9 : <\/strong> Oui<\/li>\n<li><strong>Type de literie de mariage : <\/strong> Kit de mariage quatre pi\u00e8ces<\/li>\n<li><strong>densit\u00e9 du tissu : <\/strong> 128&#215;68<\/li>\n<li><strong>nombre de tissus : <\/strong> 40<\/li>\n<li><strong>degr\u00e9 de solidit\u00e9 des couleurs : <\/strong> Normes nationales<\/li>\n<li><strong>nombre de fils : <\/strong> 300tc<\/li>\n<li><strong>nombre de pi\u00e8ces : <\/strong> 3<\/li>\n<li><strong>Grade : <\/strong> Cat\u00e9gorie A<\/li>\n<li><strong>Taille de l&#039;application : <\/strong> 1.0m 3.3 feet, 2.5m 8 feet, 2.8m 9 feet, 1.2m 4 feet, 2.0m 6.6 feet, 1.35m 4.5 feet, 1.5m 5 feet, 1.8m 6 feet, 2.2m 7 feet<\/li>\n<li><strong>saison : <\/strong> Toutes saisons<\/li>\n<li><strong>taper : <\/strong> Ensembles de draps, taies d&#039;oreiller et housses de couette<\/li>\n<li><strong>utiliser : <\/strong> Home,Hotel<\/li>\n<li><strong>mat\u00e9riel : <\/strong> Coton 100%<\/li>\n<li><strong>mod\u00e8le : <\/strong> Imprim\u00e9<\/li>\n<li><strong>style : <\/strong> Moderne<\/li>\n<li><strong>Quantit\u00e9 : <\/strong> 4 pi\u00e8ces<\/li>\n<li><strong>techniques : <\/strong> tricot\u00e9<\/li>\n<li><strong>fonctionnalit\u00e9 : <\/strong> Non jetable<\/li>\n<li><strong>lieu d&#039;origine : <\/strong> Zhejiang, Chine<\/li>\n<li><strong>nom de marque : <\/strong> SHINED<\/li>\n<li><strong>num\u00e9ro de mod\u00e8le : <\/strong> B-01<\/li>\n<li><strong>Nom du produit : <\/strong> Bedding Set<\/li>\n<li><strong>Couleur : <\/strong> Personnalis\u00e9<\/li>\n<li><strong>Logo : <\/strong> Personnalis\u00e9<\/li>\n<li><strong>Fonctionnalit\u00e9 : <\/strong> eco-friendly<\/li>\n<li><strong>OEM : <\/strong> OEM Avaliable<\/li>\n<li><strong>Emballage : <\/strong> Custom Packing<\/li>\n<li><strong>Logistics Pattern : <\/strong> Express, Sea, Land, Air<\/li>\n<li><strong>PAIEMENT : <\/strong> Banque TT.Paypal.Western Union Trade Assurance<\/li>\n<\/ul>","protected":false},"excerpt":{"rendered":"<p>is_customized : Oui Type de literie de mariage : Kit de mariage quatre pi\u00e8ces densit\u00e9 du tissu : 128\u00d768 nombre de tissus : 40 solidit\u00e9 des couleurs<\/p>","protected":false},"featured_media":174287,"comment_status":"open","ping_status":"closed","template":"","meta":[],"product_brand":[],"product_cat":[30926,30951,30952,30953],"product_tag":[],"class_list":{"0":"post-174288","1":"product","2":"type-product","3":"status-publish","4":"has-post-thumbnail","6":"product_cat-bedding","7":"product_cat-hotel-bedding","8":"product_cat-hotel-blanket-cover","9":"product_cat-hotel-sheet-linen","11":"first","12":"instock","13":"taxable","14":"shipping-taxable","15":"purchasable","16":"product-type-variable"},"_links":{"self":[{"href":"https:\/\/nexgendecors.com\/fr\/wp-json\/wp\/v2\/product\/174288","targetHints":{"allow":["GET"]}}],"collection":[{"href":"https:\/\/nexgendecors.com\/fr\/wp-json\/wp\/v2\/product"}],"about":[{"href":"https:\/\/nexgendecors.com\/fr\/wp-json\/wp\/v2\/types\/product"}],"replies":[{"embeddable":true,"href":"https:\/\/nexgendecors.com\/fr\/wp-json\/wp\/v2\/comments?post=174288"}],"version-history":[{"count":0,"href":"https:\/\/nexgendecors.com\/fr\/wp-json\/wp\/v2\/product\/174288\/revisions"}],"wp:featuredmedia":[{"embeddable":true,"href":"https:\/\/nexgendecors.com\/fr\/wp-json\/wp\/v2\/media\/174287"}],"wp:attachment":[{"href":"https:\/\/nexgendecors.com\/fr\/wp-json\/wp\/v2\/media?parent=174288"}],"wp:term":[{"taxonomy":"product_brand","embeddable":true,"href":"https:\/\/nexgendecors.com\/fr\/wp-json\/wp\/v2\/product_brand?post=174288"},{"taxonomy":"product_cat","embeddable":true,"href":"https:\/\/nexgendecors.com\/fr\/wp-json\/wp\/v2\/product_cat?post=174288"},{"taxonomy":"product_tag","embeddable":true,"href":"https:\/\/nexgendecors.com\/fr\/wp-json\/wp\/v2\/product_tag?post=174288"}],"curies":[{"name":"wp","href":"https:\/\/api.w.org\/{rel}","templated":true}]}}