{"id":174594,"date":"2025-02-25T08:14:28","date_gmt":"2025-02-25T08:14:28","guid":{"rendered":"https:\/\/nexgendecors.com\/en\/product\/solid-color-home-ice-silk-bed-sheet-set-silk-satin-pillowcase-simulation-silk-4-piece-bed-sheet-mattress-protector\/"},"modified":"2025-04-10T15:43:46","modified_gmt":"2025-04-10T15:43:46","slug":"solid-color-home-ice-silk-bed-sheet-set-silk-satin-pillowcase-simulation-silk-4-piece-bed-sheet-mattress-protector","status":"publish","type":"product","link":"https:\/\/nexgendecors.com\/fr\/product\/solid-color-home-ice-silk-bed-sheet-set-silk-satin-pillowcase-simulation-silk-4-piece-bed-sheet-mattress-protector\/","title":{"rendered":"Parure de lit en soie glac\u00e9e de couleur unie, taie d&#039;oreiller en satin de soie, drap de lit en soie synth\u00e9tique, prot\u00e8ge-matelas 4 pi\u00e8ces"},"content":{"rendered":"<ul>\n<li><strong>lieu d&#039;origine : <\/strong> Zhejiang, Chine<\/li>\n<li><strong>nom de marque : <\/strong> SHANDE<\/li>\n<li><strong>num\u00e9ro de mod\u00e8le : <\/strong> SD-57<\/li>\n<li><strong>mat\u00e9riel : <\/strong> Bamboo \/ Silk<\/li>\n<li><strong>fonctionnalit\u00e9 : <\/strong> Anti-static<\/li>\n<li><strong>techniques : <\/strong> tiss\u00e9<\/li>\n<li><strong>style : <\/strong> Europe<\/li>\n<li><strong>quantit\u00e9 : <\/strong> 4 pi\u00e8ces<\/li>\n<li><strong>mod\u00e8le : <\/strong> Festival<\/li>\n<li><strong>application : <\/strong> Hotel, Home, Wedding<\/li>\n<li><strong>est_personnalis\u00e9 : <\/strong> Oui<\/li>\n<li><strong>densit\u00e9 du tissu : <\/strong> 128&#215;70<\/li>\n<li><strong>nombre de tissus : <\/strong> 20<\/li>\n<li><strong>degr\u00e9 de solidit\u00e9 des couleurs : <\/strong> 4<\/li>\n<li><strong>poids : <\/strong> 1-1.5 Kg<\/li>\n<li><strong>Nom du produit : <\/strong> bedding sheet set<\/li>\n<li><strong>Mat\u00e9riel : <\/strong> Bamboo \/ Silk<\/li>\n<li><strong>Taille : <\/strong> personnalis\u00e9<\/li>\n<li><strong>couleur : <\/strong> de nombreuses couleurs peuvent \u00eatre disponibles<\/li>\n<li><strong>Avantage : <\/strong> Silky Smooth<\/li>\n<li><strong>\u00e9chantillon : <\/strong> disponible<\/li>\n<\/ul>","protected":false},"excerpt":{"rendered":"<p>lieu d&#039;origine : Zhejiang, Chine nom de marque : SHANDE num\u00e9ro de mod\u00e8le : SD-57 mat\u00e9riau : Bambou \/ Soie caract\u00e9ristique<\/p>","protected":false},"featured_media":174593,"comment_status":"open","ping_status":"closed","template":"","meta":[],"product_brand":[],"product_cat":[30926,30951,30952,30954,30953],"product_tag":[],"class_list":{"0":"post-174594","1":"product","2":"type-product","3":"status-publish","4":"has-post-thumbnail","6":"product_cat-bedding","7":"product_cat-hotel-bedding","8":"product_cat-hotel-blanket-cover","9":"product_cat-hotel-pillows-and-covers","10":"product_cat-hotel-sheet-linen","12":"first","13":"instock","14":"taxable","15":"shipping-taxable","16":"purchasable","17":"product-type-variable"},"_links":{"self":[{"href":"https:\/\/nexgendecors.com\/fr\/wp-json\/wp\/v2\/product\/174594","targetHints":{"allow":["GET"]}}],"collection":[{"href":"https:\/\/nexgendecors.com\/fr\/wp-json\/wp\/v2\/product"}],"about":[{"href":"https:\/\/nexgendecors.com\/fr\/wp-json\/wp\/v2\/types\/product"}],"replies":[{"embeddable":true,"href":"https:\/\/nexgendecors.com\/fr\/wp-json\/wp\/v2\/comments?post=174594"}],"version-history":[{"count":0,"href":"https:\/\/nexgendecors.com\/fr\/wp-json\/wp\/v2\/product\/174594\/revisions"}],"wp:featuredmedia":[{"embeddable":true,"href":"https:\/\/nexgendecors.com\/fr\/wp-json\/wp\/v2\/media\/174593"}],"wp:attachment":[{"href":"https:\/\/nexgendecors.com\/fr\/wp-json\/wp\/v2\/media?parent=174594"}],"wp:term":[{"taxonomy":"product_brand","embeddable":true,"href":"https:\/\/nexgendecors.com\/fr\/wp-json\/wp\/v2\/product_brand?post=174594"},{"taxonomy":"product_cat","embeddable":true,"href":"https:\/\/nexgendecors.com\/fr\/wp-json\/wp\/v2\/product_cat?post=174594"},{"taxonomy":"product_tag","embeddable":true,"href":"https:\/\/nexgendecors.com\/fr\/wp-json\/wp\/v2\/product_tag?post=174594"}],"curies":[{"name":"wp","href":"https:\/\/api.w.org\/{rel}","templated":true}]}}