{"id":174615,"date":"2025-02-25T15:06:52","date_gmt":"2025-02-25T15:06:52","guid":{"rendered":"https:\/\/nexgendecors.com\/en\/product\/hot-sale-silky-golden-satin-pillowcase-luxury-premium-quality-satin-bedding-pillow-covers-soft-for-hair-and-skin\/"},"modified":"2025-04-06T10:29:20","modified_gmt":"2025-04-06T10:29:20","slug":"hot-sale-silky-golden-satin-pillowcase-luxury-premium-quality-satin-bedding-pillow-covers-soft-for-hair-and-skin","status":"publish","type":"product","link":"https:\/\/nexgendecors.com\/fr\/product\/hot-sale-silky-golden-satin-pillowcase-luxury-premium-quality-satin-bedding-pillow-covers-soft-for-hair-and-skin\/","title":{"rendered":"Taie d&#039;oreiller en satin dor\u00e9 soyeux, offre sp\u00e9ciale, housse de coussin de luxe de qualit\u00e9 sup\u00e9rieure, douce pour les cheveux et la peau"},"content":{"rendered":"<ul>\n<li><strong>lieu d&#039;origine : <\/strong> Zhejiang, Chine<\/li>\n<li><strong>nom de marque : <\/strong> SHINED<\/li>\n<li><strong>num\u00e9ro de mod\u00e8le : <\/strong> SD -90<\/li>\n<li><strong>fonctionnalit\u00e9 : <\/strong> wearable, Sustainable<\/li>\n<li><strong>techniques : <\/strong> tricot\u00e9<\/li>\n<li><strong>mod\u00e8le : <\/strong> Festival, Solid<\/li>\n<li><strong>utiliser : <\/strong> Hotel, Home, Office<\/li>\n<li><strong>est_personnalis\u00e9 : <\/strong> Oui<\/li>\n<li><strong>degr\u00e9 de solidit\u00e9 des couleurs : <\/strong> Normes nationales<\/li>\n<li><strong>mat\u00e9riel : <\/strong> Silk<\/li>\n<li><strong>Nom du produit : <\/strong> Queen Satin Silk Pillowcase Pillow<\/li>\n<li><strong>Mots cl\u00e9s : <\/strong> Cushion Cover<\/li>\n<li><strong>Couleur : <\/strong> Personnalis\u00e9<\/li>\n<li><strong>Logo : <\/strong> Personnalis\u00e9<\/li>\n<li><strong>Fonctionnalit\u00e9 : <\/strong> eco-friendly<\/li>\n<li><strong>OEM : <\/strong> OEM Avaliable<\/li>\n<li><strong>Emballage : <\/strong> Custom Packing<\/li>\n<li><strong>Logistics Pattern : <\/strong> Express, Sea, Land, Air<\/li>\n<li><strong>PAIEMENT : <\/strong> Banque TT.Paypal.Western Union Trade Assurance<\/li>\n<li><strong>Quantit\u00e9 minimale de commande : <\/strong> 100 pi\u00e8ces<\/li>\n<\/ul>","protected":false},"excerpt":{"rendered":"<p>Lieu d&#039;origine : Zhejiang, Chine Nom de marque : SHINED Num\u00e9ro de mod\u00e8le : SD -90 Caract\u00e9ristique : portable, techniques durables<\/p>","protected":false},"featured_media":174614,"comment_status":"open","ping_status":"closed","template":"","meta":[],"product_brand":[],"product_cat":[30926,30951,30954],"product_tag":[],"class_list":{"0":"post-174615","1":"product","2":"type-product","3":"status-publish","4":"has-post-thumbnail","6":"product_cat-bedding","7":"product_cat-hotel-bedding","8":"product_cat-hotel-pillows-and-covers","10":"first","11":"instock","12":"taxable","13":"shipping-taxable","14":"purchasable","15":"product-type-variable"},"_links":{"self":[{"href":"https:\/\/nexgendecors.com\/fr\/wp-json\/wp\/v2\/product\/174615","targetHints":{"allow":["GET"]}}],"collection":[{"href":"https:\/\/nexgendecors.com\/fr\/wp-json\/wp\/v2\/product"}],"about":[{"href":"https:\/\/nexgendecors.com\/fr\/wp-json\/wp\/v2\/types\/product"}],"replies":[{"embeddable":true,"href":"https:\/\/nexgendecors.com\/fr\/wp-json\/wp\/v2\/comments?post=174615"}],"version-history":[{"count":0,"href":"https:\/\/nexgendecors.com\/fr\/wp-json\/wp\/v2\/product\/174615\/revisions"}],"wp:featuredmedia":[{"embeddable":true,"href":"https:\/\/nexgendecors.com\/fr\/wp-json\/wp\/v2\/media\/174614"}],"wp:attachment":[{"href":"https:\/\/nexgendecors.com\/fr\/wp-json\/wp\/v2\/media?parent=174615"}],"wp:term":[{"taxonomy":"product_brand","embeddable":true,"href":"https:\/\/nexgendecors.com\/fr\/wp-json\/wp\/v2\/product_brand?post=174615"},{"taxonomy":"product_cat","embeddable":true,"href":"https:\/\/nexgendecors.com\/fr\/wp-json\/wp\/v2\/product_cat?post=174615"},{"taxonomy":"product_tag","embeddable":true,"href":"https:\/\/nexgendecors.com\/fr\/wp-json\/wp\/v2\/product_tag?post=174615"}],"curies":[{"name":"wp","href":"https:\/\/api.w.org\/{rel}","templated":true}]}}