{"id":174693,"date":"2025-02-25T15:47:43","date_gmt":"2025-02-25T15:47:43","guid":{"rendered":"https:\/\/nexgendecors.com\/en\/product\/beauty-salon-pure-cotton-hole-towel-massage-special-beauty-bed-pure-cotton-hole-towel-face-pad-bed-with-hole-lying-towel-wholesale\/"},"modified":"2025-04-06T10:29:24","modified_gmt":"2025-04-06T10:29:24","slug":"beauty-salon-pure-cotton-hole-towel-massage-special-beauty-bed-pure-cotton-hole-towel-face-pad-bed-with-hole-lying-towel-wholesale","status":"publish","type":"product","link":"https:\/\/nexgendecors.com\/fr\/product\/beauty-salon-pure-cotton-hole-towel-massage-special-beauty-bed-pure-cotton-hole-towel-face-pad-bed-with-hole-lying-towel-wholesale\/","title":{"rendered":"Serviette de massage en coton pur pour salon de beaut\u00e9, lit de beaut\u00e9 sp\u00e9cial, serviette de massage en coton pur, coussin pour le visage, lit avec serviette de couchage trou\u00e9e, vente en gros"},"content":{"rendered":"","protected":false},"excerpt":{"rendered":"","protected":false},"featured_media":174692,"comment_status":"open","ping_status":"closed","template":"","meta":[],"product_brand":[],"product_cat":[30960],"product_tag":[],"class_list":{"0":"post-174693","1":"product","2":"type-product","3":"status-publish","4":"has-post-thumbnail","6":"product_cat-spa-supplies","8":"first","9":"instock","10":"taxable","11":"shipping-taxable","12":"purchasable","13":"product-type-simple"},"_links":{"self":[{"href":"https:\/\/nexgendecors.com\/fr\/wp-json\/wp\/v2\/product\/174693","targetHints":{"allow":["GET"]}}],"collection":[{"href":"https:\/\/nexgendecors.com\/fr\/wp-json\/wp\/v2\/product"}],"about":[{"href":"https:\/\/nexgendecors.com\/fr\/wp-json\/wp\/v2\/types\/product"}],"replies":[{"embeddable":true,"href":"https:\/\/nexgendecors.com\/fr\/wp-json\/wp\/v2\/comments?post=174693"}],"version-history":[{"count":0,"href":"https:\/\/nexgendecors.com\/fr\/wp-json\/wp\/v2\/product\/174693\/revisions"}],"wp:featuredmedia":[{"embeddable":true,"href":"https:\/\/nexgendecors.com\/fr\/wp-json\/wp\/v2\/media\/174692"}],"wp:attachment":[{"href":"https:\/\/nexgendecors.com\/fr\/wp-json\/wp\/v2\/media?parent=174693"}],"wp:term":[{"taxonomy":"product_brand","embeddable":true,"href":"https:\/\/nexgendecors.com\/fr\/wp-json\/wp\/v2\/product_brand?post=174693"},{"taxonomy":"product_cat","embeddable":true,"href":"https:\/\/nexgendecors.com\/fr\/wp-json\/wp\/v2\/product_cat?post=174693"},{"taxonomy":"product_tag","embeddable":true,"href":"https:\/\/nexgendecors.com\/fr\/wp-json\/wp\/v2\/product_tag?post=174693"}],"curies":[{"name":"wp","href":"https:\/\/api.w.org\/{rel}","templated":true}]}}