{"id":174700,"date":"2025-02-25T16:21:13","date_gmt":"2025-02-25T16:21:13","guid":{"rendered":"https:\/\/nexgendecors.com\/en\/product\/100-cotton-600gsm-embroidered-logo-hotel-bathroom-towels-bath-towels\/"},"modified":"2025-04-06T10:29:34","modified_gmt":"2025-04-06T10:29:34","slug":"100-cotton-600gsm-embroidered-logo-hotel-bathroom-towels-bath-towels","status":"publish","type":"product","link":"https:\/\/nexgendecors.com\/fr\/product\/100-cotton-600gsm-embroidered-logo-hotel-bathroom-towels-bath-towels\/","title":{"rendered":"Serviettes de bain en coton 600 g\/m\u00b2 avec logo brod\u00e9, pour h\u00f4tel, 100%"},"content":{"rendered":"<ul>\n<li><strong>lieu d&#039;origine : <\/strong> Jiangsu, Chine<\/li>\n<li><strong>nom de marque : <\/strong> GT<\/li>\n<li><strong>num\u00e9ro de mod\u00e8le : <\/strong> RTShand towel<\/li>\n<li><strong>mat\u00e9riel : <\/strong> Coton<\/li>\n<li><strong>fonctionnalit\u00e9 : <\/strong> Hypoallergenic<\/li>\n<li><strong>techniques : <\/strong> tiss\u00e9<\/li>\n<li><strong>forme : <\/strong> Rectangle<\/li>\n<li><strong>application : <\/strong> H\u00f4tel<\/li>\n<li><strong>mod\u00e8le : <\/strong> Couleur unie<\/li>\n<li><strong>tranche d&#039;\u00e2ge : <\/strong> Adulte<\/li>\n<li><strong>Nom du produit : <\/strong> Hand towel<\/li>\n<li><strong>Mat\u00e9riel : <\/strong> Coton 100%<\/li>\n<li><strong>Fil : <\/strong> 16S<\/li>\n<li><strong>Poids : <\/strong> 600 g\/m\u00b2<\/li>\n<li><strong>Taille : <\/strong> 35*75cm\/40*75cm<\/li>\n<li><strong>Quantit\u00e9 minimale de commande : <\/strong> 50 pcs<\/li>\n<li><strong>Style : <\/strong> Diamond band<\/li>\n<li><strong>Mod\u00e8le : <\/strong> Brod\u00e9<\/li>\n<li><strong>Emballage : <\/strong> Polybag\/Carton\/Personnalis\u00e9 \u00e9tanche accept\u00e9<\/li>\n<li><strong>Certification : <\/strong> OEKO-TEX STANDARD 100<\/li>\n<\/ul>","protected":false},"excerpt":{"rendered":"<p>Lieu d&#039;origine : Jiangsu, Chine Nom de marque : GT Num\u00e9ro de mod\u00e8le : RTS Mat\u00e9riau de la serviette \u00e0 main : Coton Caract\u00e9ristique :<\/p>","protected":false},"featured_media":174699,"comment_status":"open","ping_status":"closed","template":"","meta":[],"product_brand":[],"product_cat":[30927,30937],"product_tag":[],"class_list":{"0":"post-174700","1":"product","2":"type-product","3":"status-publish","4":"has-post-thumbnail","6":"product_cat-bath","7":"product_cat-hotel-towels","9":"first","10":"instock","11":"taxable","12":"shipping-taxable","13":"purchasable","14":"product-type-variable"},"_links":{"self":[{"href":"https:\/\/nexgendecors.com\/fr\/wp-json\/wp\/v2\/product\/174700","targetHints":{"allow":["GET"]}}],"collection":[{"href":"https:\/\/nexgendecors.com\/fr\/wp-json\/wp\/v2\/product"}],"about":[{"href":"https:\/\/nexgendecors.com\/fr\/wp-json\/wp\/v2\/types\/product"}],"replies":[{"embeddable":true,"href":"https:\/\/nexgendecors.com\/fr\/wp-json\/wp\/v2\/comments?post=174700"}],"version-history":[{"count":0,"href":"https:\/\/nexgendecors.com\/fr\/wp-json\/wp\/v2\/product\/174700\/revisions"}],"wp:featuredmedia":[{"embeddable":true,"href":"https:\/\/nexgendecors.com\/fr\/wp-json\/wp\/v2\/media\/174699"}],"wp:attachment":[{"href":"https:\/\/nexgendecors.com\/fr\/wp-json\/wp\/v2\/media?parent=174700"}],"wp:term":[{"taxonomy":"product_brand","embeddable":true,"href":"https:\/\/nexgendecors.com\/fr\/wp-json\/wp\/v2\/product_brand?post=174700"},{"taxonomy":"product_cat","embeddable":true,"href":"https:\/\/nexgendecors.com\/fr\/wp-json\/wp\/v2\/product_cat?post=174700"},{"taxonomy":"product_tag","embeddable":true,"href":"https:\/\/nexgendecors.com\/fr\/wp-json\/wp\/v2\/product_tag?post=174700"}],"curies":[{"name":"wp","href":"https:\/\/api.w.org\/{rel}","templated":true}]}}