{"id":174717,"date":"2025-02-25T16:22:16","date_gmt":"2025-02-25T16:22:16","guid":{"rendered":"https:\/\/nexgendecors.com\/en\/product\/6-pack-egyptian-cotton-palais-royale-face-bath-towel-hotel-towel-sets\/"},"modified":"2025-04-06T10:29:54","modified_gmt":"2025-04-06T10:29:54","slug":"6-pack-egyptian-cotton-palais-royale-face-bath-towel-hotel-towel-sets","status":"publish","type":"product","link":"https:\/\/nexgendecors.com\/fr\/product\/6-pack-egyptian-cotton-palais-royale-face-bath-towel-hotel-towel-sets\/","title":{"rendered":"Lot de 6 serviettes de bain Palais Royale en coton \u00e9gyptien pour le visage et l&#039;h\u00f4tel"},"content":{"rendered":"<ul>\n<li><strong>lieu d&#039;origine : <\/strong> Jiangsu, Chine<\/li>\n<li><strong>nom de marque : <\/strong> TEXTILE G\u00c9N\u00c9RAL<\/li>\n<li><strong>num\u00e9ro de mod\u00e8le : <\/strong> JRRR61<\/li>\n<li><strong>mat\u00e9riel : <\/strong> Coton<\/li>\n<li><strong>fonctionnalit\u00e9 : <\/strong> Excellente capacit\u00e9 d&#039;absorption et grande durabilit\u00e9<\/li>\n<li><strong>techniques : <\/strong> tiss\u00e9<\/li>\n<li><strong>forme : <\/strong> Carr\u00e9<\/li>\n<li><strong>application : <\/strong> Avion<\/li>\n<li><strong>mod\u00e8le : <\/strong> Couleur unie<\/li>\n<li><strong>tranche d&#039;\u00e2ge : <\/strong> Adulte<\/li>\n<li><strong>Nom du produit : <\/strong> 6-pack towel set<\/li>\n<li><strong>Fil : <\/strong> 16S<\/li>\n<li><strong>Tissu : <\/strong> 100% Cotton Terry<\/li>\n<li><strong>One set includes : <\/strong> 2*bath towel, 2* hand towel, 2* face towel<\/li>\n<li><strong>Taille : <\/strong> 70*140cm+600g\/ 35*75cm+150g\/ 32*32cm+60g<\/li>\n<li><strong>Emballage : <\/strong> Polybag\/Carton\/Personnalis\u00e9 \u00e9tanche accept\u00e9<\/li>\n<li><strong>Production time : <\/strong> 7-30 days<\/li>\n<li><strong>Utilisation : <\/strong> beach, gift, hotel, spa, resort, club, airplane, hospital<\/li>\n<li><strong>Mat\u00e9riel : <\/strong> Coton 100%<\/li>\n<li><strong>Mod\u00e8le : <\/strong> Teint uni<\/li>\n<\/ul>","protected":false},"excerpt":{"rendered":"<p>lieu d&#039;origine : Jiangsu, Chine nom de marque : GENERAL TEXTILE num\u00e9ro de mod\u00e8le : JRRR61 mati\u00e8re : Coton caract\u00e9ristique :<\/p>","protected":false},"featured_media":174716,"comment_status":"open","ping_status":"closed","template":"","meta":[],"product_brand":[],"product_cat":[30927,30937],"product_tag":[],"class_list":{"0":"post-174717","1":"product","2":"type-product","3":"status-publish","4":"has-post-thumbnail","6":"product_cat-bath","7":"product_cat-hotel-towels","9":"first","10":"instock","11":"taxable","12":"shipping-taxable","13":"purchasable","14":"product-type-variable"},"_links":{"self":[{"href":"https:\/\/nexgendecors.com\/fr\/wp-json\/wp\/v2\/product\/174717","targetHints":{"allow":["GET"]}}],"collection":[{"href":"https:\/\/nexgendecors.com\/fr\/wp-json\/wp\/v2\/product"}],"about":[{"href":"https:\/\/nexgendecors.com\/fr\/wp-json\/wp\/v2\/types\/product"}],"replies":[{"embeddable":true,"href":"https:\/\/nexgendecors.com\/fr\/wp-json\/wp\/v2\/comments?post=174717"}],"version-history":[{"count":0,"href":"https:\/\/nexgendecors.com\/fr\/wp-json\/wp\/v2\/product\/174717\/revisions"}],"wp:featuredmedia":[{"embeddable":true,"href":"https:\/\/nexgendecors.com\/fr\/wp-json\/wp\/v2\/media\/174716"}],"wp:attachment":[{"href":"https:\/\/nexgendecors.com\/fr\/wp-json\/wp\/v2\/media?parent=174717"}],"wp:term":[{"taxonomy":"product_brand","embeddable":true,"href":"https:\/\/nexgendecors.com\/fr\/wp-json\/wp\/v2\/product_brand?post=174717"},{"taxonomy":"product_cat","embeddable":true,"href":"https:\/\/nexgendecors.com\/fr\/wp-json\/wp\/v2\/product_cat?post=174717"},{"taxonomy":"product_tag","embeddable":true,"href":"https:\/\/nexgendecors.com\/fr\/wp-json\/wp\/v2\/product_tag?post=174717"}],"curies":[{"name":"wp","href":"https:\/\/api.w.org\/{rel}","templated":true}]}}