{"id":174729,"date":"2025-02-25T16:22:46","date_gmt":"2025-02-25T16:22:46","guid":{"rendered":"https:\/\/nexgendecors.com\/en\/product\/diamond-band-design-100-cotton-600gsm-washcloth-bath-set-hotel-hand-towel-with-embroidered-logo\/"},"modified":"2025-04-06T10:30:03","modified_gmt":"2025-04-06T10:30:03","slug":"diamond-band-design-100-cotton-600gsm-washcloth-bath-set-hotel-hand-towel-with-embroidered-logo","status":"publish","type":"product","link":"https:\/\/nexgendecors.com\/fr\/product\/diamond-band-design-100-cotton-600gsm-washcloth-bath-set-hotel-hand-towel-with-embroidered-logo\/","title":{"rendered":"Diamond Band Design 100% Cotton 600gsm Washcloth Bath Set Hotel Hand Towel with Embroidered Logo"},"content":{"rendered":"<ul>\n<li><strong>lieu d&#039;origine : <\/strong> Jiangsu, Chine<\/li>\n<li><strong>nom de marque : <\/strong> TEXTILE G\u00c9N\u00c9RAL<\/li>\n<li><strong>num\u00e9ro de mod\u00e8le : <\/strong> JRCR05<\/li>\n<li><strong>mat\u00e9riel : <\/strong> Coton<\/li>\n<li><strong>fonctionnalit\u00e9 : <\/strong> Excellente capacit\u00e9 d&#039;absorption et grande durabilit\u00e9<\/li>\n<li><strong>techniques : <\/strong> tiss\u00e9<\/li>\n<li><strong>forme : <\/strong> Square, Rectangle<\/li>\n<li><strong>application : <\/strong> H\u00f4tel<\/li>\n<li><strong>mod\u00e8le : <\/strong> Couleur unie<\/li>\n<li><strong>tranche d&#039;\u00e2ge : <\/strong> Adulte<\/li>\n<li><strong>Nom du produit : <\/strong> Hotel towel<\/li>\n<li><strong>Mat\u00e9riel : <\/strong> Coton 100%<\/li>\n<li><strong>Mod\u00e8le : <\/strong> Brod\u00e9<\/li>\n<li><strong>Fil : <\/strong> 16S\/21S\/32S<\/li>\n<li><strong>Couleur : <\/strong> blanc<\/li>\n<li><strong>Taille : <\/strong> 32*32cm\/35*75cm\/40*75cm\/70*140cm\/80*160cm<\/li>\n<li><strong>Quantit\u00e9 minimale de commande : <\/strong> 50 pcs<\/li>\n<li><strong>Logo : <\/strong> Jacquard\/Broderie\/Personnalis\u00e9 accept\u00e9<\/li>\n<li><strong>Emballage : <\/strong> Polybag\/Carton\/Personnalis\u00e9 \u00e9tanche accept\u00e9<\/li>\n<li><strong>Certification : <\/strong> OEKO-TEX STANDARD 100<\/li>\n<\/ul>","protected":false},"excerpt":{"rendered":"<p>place of origin : Jiangsu, China brand name : GENERAL TEXTILE model number : JRCR05 material : Cotton feature :<\/p>","protected":false},"featured_media":174728,"comment_status":"open","ping_status":"closed","template":"","meta":[],"product_brand":[],"product_cat":[30927,30937],"product_tag":[],"class_list":{"0":"post-174729","1":"product","2":"type-product","3":"status-publish","4":"has-post-thumbnail","6":"product_cat-bath","7":"product_cat-hotel-towels","9":"first","10":"instock","11":"taxable","12":"shipping-taxable","13":"purchasable","14":"product-type-variable"},"_links":{"self":[{"href":"https:\/\/nexgendecors.com\/fr\/wp-json\/wp\/v2\/product\/174729","targetHints":{"allow":["GET"]}}],"collection":[{"href":"https:\/\/nexgendecors.com\/fr\/wp-json\/wp\/v2\/product"}],"about":[{"href":"https:\/\/nexgendecors.com\/fr\/wp-json\/wp\/v2\/types\/product"}],"replies":[{"embeddable":true,"href":"https:\/\/nexgendecors.com\/fr\/wp-json\/wp\/v2\/comments?post=174729"}],"version-history":[{"count":0,"href":"https:\/\/nexgendecors.com\/fr\/wp-json\/wp\/v2\/product\/174729\/revisions"}],"wp:featuredmedia":[{"embeddable":true,"href":"https:\/\/nexgendecors.com\/fr\/wp-json\/wp\/v2\/media\/174728"}],"wp:attachment":[{"href":"https:\/\/nexgendecors.com\/fr\/wp-json\/wp\/v2\/media?parent=174729"}],"wp:term":[{"taxonomy":"product_brand","embeddable":true,"href":"https:\/\/nexgendecors.com\/fr\/wp-json\/wp\/v2\/product_brand?post=174729"},{"taxonomy":"product_cat","embeddable":true,"href":"https:\/\/nexgendecors.com\/fr\/wp-json\/wp\/v2\/product_cat?post=174729"},{"taxonomy":"product_tag","embeddable":true,"href":"https:\/\/nexgendecors.com\/fr\/wp-json\/wp\/v2\/product_tag?post=174729"}],"curies":[{"name":"wp","href":"https:\/\/api.w.org\/{rel}","templated":true}]}}