{"id":174744,"date":"2025-02-25T16:23:08","date_gmt":"2025-02-25T16:23:08","guid":{"rendered":"https:\/\/nexgendecors.com\/en\/product\/china-factory-dobby-soft-white-100-cotton-small-face-towel-with-custom-logo\/"},"modified":"2025-04-06T10:30:14","modified_gmt":"2025-04-06T10:30:14","slug":"china-factory-dobby-soft-white-100-cotton-small-face-towel-with-custom-logo","status":"publish","type":"product","link":"https:\/\/nexgendecors.com\/fr\/product\/china-factory-dobby-soft-white-100-cotton-small-face-towel-with-custom-logo\/","title":{"rendered":"Serviette de toilette en coton blanc doux Dobby 100%, petite taille, avec logo personnalis\u00e9, fabriqu\u00e9e en Chine"},"content":{"rendered":"<ul>\n<li><strong>lieu d&#039;origine : <\/strong> Jiangsu, Chine<\/li>\n<li><strong>nom de marque : <\/strong> TEXTILE G\u00c9N\u00c9RAL<\/li>\n<li><strong>num\u00e9ro de mod\u00e8le : <\/strong> IC23<\/li>\n<li><strong>mat\u00e9riel : <\/strong> Coton<\/li>\n<li><strong>fonctionnalit\u00e9 : <\/strong> QUICK-DRY, Outstanding Absorbency, High Durability<\/li>\n<li><strong>techniques : <\/strong> tiss\u00e9<\/li>\n<li><strong>forme : <\/strong> Carr\u00e9<\/li>\n<li><strong>application : <\/strong> H\u00f4tel<\/li>\n<li><strong>mod\u00e8le : <\/strong> Couleur unie<\/li>\n<li><strong>tranche d&#039;\u00e2ge : <\/strong> Adulte<\/li>\n<li><strong>Nom du produit : <\/strong> towel<\/li>\n<li><strong>Mat\u00e9riel : <\/strong> Coton 100%<\/li>\n<li><strong>Fil : <\/strong> 16S<\/li>\n<li><strong>Taille : <\/strong> 32*32cm<\/li>\n<li><strong>Poids : <\/strong> 60g<\/li>\n<li><strong>Couleur : <\/strong> White color<\/li>\n<li><strong>Quantit\u00e9 minimale de commande : <\/strong> 10 pieces<\/li>\n<li><strong>Emballage : <\/strong> Sac en poly\u00e9thyl\u00e8ne imperm\u00e9able<\/li>\n<li><strong>D\u00e9lai de livraison : <\/strong> 5 \u00e0 7 jours<\/li>\n<li><strong>Conditions de paiement : <\/strong> 30% deposit by T\/T, Ali Trade Assurance<\/li>\n<\/ul>","protected":false},"excerpt":{"rendered":"<p>lieu d&#039;origine : Jiangsu, Chine nom de marque : GENERAL TEXTILE num\u00e9ro de mod\u00e8le : IC23 mati\u00e8re : Coton caract\u00e9ristique :<\/p>","protected":false},"featured_media":174743,"comment_status":"open","ping_status":"closed","template":"","meta":[],"product_brand":[],"product_cat":[30927,30937],"product_tag":[],"class_list":{"0":"post-174744","1":"product","2":"type-product","3":"status-publish","4":"has-post-thumbnail","6":"product_cat-bath","7":"product_cat-hotel-towels","9":"first","10":"instock","11":"taxable","12":"shipping-taxable","13":"purchasable","14":"product-type-variable"},"_links":{"self":[{"href":"https:\/\/nexgendecors.com\/fr\/wp-json\/wp\/v2\/product\/174744","targetHints":{"allow":["GET"]}}],"collection":[{"href":"https:\/\/nexgendecors.com\/fr\/wp-json\/wp\/v2\/product"}],"about":[{"href":"https:\/\/nexgendecors.com\/fr\/wp-json\/wp\/v2\/types\/product"}],"replies":[{"embeddable":true,"href":"https:\/\/nexgendecors.com\/fr\/wp-json\/wp\/v2\/comments?post=174744"}],"version-history":[{"count":0,"href":"https:\/\/nexgendecors.com\/fr\/wp-json\/wp\/v2\/product\/174744\/revisions"}],"wp:featuredmedia":[{"embeddable":true,"href":"https:\/\/nexgendecors.com\/fr\/wp-json\/wp\/v2\/media\/174743"}],"wp:attachment":[{"href":"https:\/\/nexgendecors.com\/fr\/wp-json\/wp\/v2\/media?parent=174744"}],"wp:term":[{"taxonomy":"product_brand","embeddable":true,"href":"https:\/\/nexgendecors.com\/fr\/wp-json\/wp\/v2\/product_brand?post=174744"},{"taxonomy":"product_cat","embeddable":true,"href":"https:\/\/nexgendecors.com\/fr\/wp-json\/wp\/v2\/product_cat?post=174744"},{"taxonomy":"product_tag","embeddable":true,"href":"https:\/\/nexgendecors.com\/fr\/wp-json\/wp\/v2\/product_tag?post=174744"}],"curies":[{"name":"wp","href":"https:\/\/api.w.org\/{rel}","templated":true}]}}