{"id":174754,"date":"2025-02-25T16:23:30","date_gmt":"2025-02-25T16:23:30","guid":{"rendered":"https:\/\/nexgendecors.com\/en\/product\/wholesale-large-sand-free-stripe-cotton-soft-custom-size-beach-towel\/"},"modified":"2025-04-06T10:30:23","modified_gmt":"2025-04-06T10:30:23","slug":"wholesale-large-sand-free-stripe-cotton-soft-custom-size-beach-towel","status":"publish","type":"product","link":"https:\/\/nexgendecors.com\/fr\/product\/wholesale-large-sand-free-stripe-cotton-soft-custom-size-beach-towel\/","title":{"rendered":"Serviette de plage en coton doux \u00e0 rayures, grande taille, sans sable, taille personnalis\u00e9e, vente en gros"},"content":{"rendered":"<ul>\n<li><strong>lieu d&#039;origine : <\/strong> Jiangsu, Chine<\/li>\n<li><strong>nom de marque : <\/strong> TEXTILE G\u00c9N\u00c9RAL<\/li>\n<li><strong>num\u00e9ro de mod\u00e8le : <\/strong> JRRR19<\/li>\n<li><strong>mat\u00e9riel : <\/strong> Coton<\/li>\n<li><strong>fonctionnalit\u00e9 : <\/strong> Excellente capacit\u00e9 d&#039;absorption et grande durabilit\u00e9<\/li>\n<li><strong>techniques : <\/strong> tiss\u00e9<\/li>\n<li><strong>forme : <\/strong> Rectangle<\/li>\n<li><strong>Utiliser : <\/strong> H\u00f4tel<\/li>\n<li><strong>mod\u00e8le : <\/strong> Ray\u00e9<\/li>\n<li><strong>Saison : <\/strong> Summer<\/li>\n<li><strong>Nom du produit : <\/strong> beach towel<\/li>\n<li><strong>Mat\u00e9riel : <\/strong> Coton 100%<\/li>\n<li><strong>Mod\u00e8le : <\/strong> YARN DYED<\/li>\n<li><strong>Style : <\/strong> Stripe<\/li>\n<li><strong>Fil : <\/strong> 16S\/21S\/32S<\/li>\n<li><strong>Taille : <\/strong> 70*140cm<\/li>\n<li><strong>Quantit\u00e9 minimale de commande : <\/strong> 500 pcs<\/li>\n<li><strong>Production time : <\/strong> 7-20 days<\/li>\n<li><strong>Utilisation : <\/strong> beach, gift, hotel, spa, resort, club, airplane, hospital<\/li>\n<li><strong>Taper : <\/strong> beach towel\/pool towel<\/li>\n<\/ul>","protected":false},"excerpt":{"rendered":"<p>lieu d&#039;origine : Jiangsu, Chine nom de marque : GENERAL TEXTILE num\u00e9ro de mod\u00e8le : JRRR19 mati\u00e8re : Coton caract\u00e9ristique :<\/p>","protected":false},"featured_media":174753,"comment_status":"open","ping_status":"closed","template":"","meta":[],"product_brand":[],"product_cat":[30927,30937],"product_tag":[],"class_list":{"0":"post-174754","1":"product","2":"type-product","3":"status-publish","4":"has-post-thumbnail","6":"product_cat-bath","7":"product_cat-hotel-towels","9":"first","10":"instock","11":"taxable","12":"shipping-taxable","13":"purchasable","14":"product-type-variable"},"_links":{"self":[{"href":"https:\/\/nexgendecors.com\/fr\/wp-json\/wp\/v2\/product\/174754","targetHints":{"allow":["GET"]}}],"collection":[{"href":"https:\/\/nexgendecors.com\/fr\/wp-json\/wp\/v2\/product"}],"about":[{"href":"https:\/\/nexgendecors.com\/fr\/wp-json\/wp\/v2\/types\/product"}],"replies":[{"embeddable":true,"href":"https:\/\/nexgendecors.com\/fr\/wp-json\/wp\/v2\/comments?post=174754"}],"version-history":[{"count":0,"href":"https:\/\/nexgendecors.com\/fr\/wp-json\/wp\/v2\/product\/174754\/revisions"}],"wp:featuredmedia":[{"embeddable":true,"href":"https:\/\/nexgendecors.com\/fr\/wp-json\/wp\/v2\/media\/174753"}],"wp:attachment":[{"href":"https:\/\/nexgendecors.com\/fr\/wp-json\/wp\/v2\/media?parent=174754"}],"wp:term":[{"taxonomy":"product_brand","embeddable":true,"href":"https:\/\/nexgendecors.com\/fr\/wp-json\/wp\/v2\/product_brand?post=174754"},{"taxonomy":"product_cat","embeddable":true,"href":"https:\/\/nexgendecors.com\/fr\/wp-json\/wp\/v2\/product_cat?post=174754"},{"taxonomy":"product_tag","embeddable":true,"href":"https:\/\/nexgendecors.com\/fr\/wp-json\/wp\/v2\/product_tag?post=174754"}],"curies":[{"name":"wp","href":"https:\/\/api.w.org\/{rel}","templated":true}]}}