{"id":174762,"date":"2025-02-25T16:23:47","date_gmt":"2025-02-25T16:23:47","guid":{"rendered":"https:\/\/nexgendecors.com\/en\/product\/jr222-hotel-bathroom-50x80cm-400g-anti-slip-bath-mat\/"},"modified":"2025-04-06T10:30:31","modified_gmt":"2025-04-06T10:30:31","slug":"jr222-hotel-bathroom-50x80cm-400g-anti-slip-bath-mat","status":"publish","type":"product","link":"https:\/\/nexgendecors.com\/fr\/product\/jr222-hotel-bathroom-50x80cm-400g-anti-slip-bath-mat\/","title":{"rendered":"Tapis de bain antid\u00e9rapant pour salle de bain d&#039;h\u00f4tel JR222 50 x 80 cm 400 g"},"content":{"rendered":"<ul>\n<li><strong>techniques : <\/strong> MACHINE MADE<\/li>\n<li><strong>mod\u00e8le : <\/strong> Imprimer<\/li>\n<li><strong>style de conception : <\/strong> CLASSIQUE<\/li>\n<li><strong>mat\u00e9riel : <\/strong> Coton<\/li>\n<li><strong>fonctionnalit\u00e9 : <\/strong> Durable, stock\u00e9<\/li>\n<li><strong>lieu d&#039;origine : <\/strong> Jiangsu, Chine<\/li>\n<li><strong>nom de marque : <\/strong> Textile g\u00e9n\u00e9ral<\/li>\n<li><strong>num\u00e9ro de mod\u00e8le : <\/strong> JR222<\/li>\n<li><strong>Nom du produit : <\/strong> Hotel math mat<\/li>\n<li><strong>Mat\u00e9riel : <\/strong> Coton 100%<\/li>\n<li><strong>Technique : <\/strong> Wovean<\/li>\n<li><strong>D\u00e9lai de livraison : <\/strong> 10 days<\/li>\n<li><strong>Terms of Payment : <\/strong> T\/T<\/li>\n<li><strong>Fil : <\/strong> 32 S<\/li>\n<li><strong>Couleur : <\/strong> blanc<\/li>\n<li><strong>Logo : <\/strong> Jacquard  design<\/li>\n<li><strong>Taille : <\/strong> 50X80<\/li>\n<li><strong>Poids : <\/strong> 400G<\/li>\n<\/ul>","protected":false},"excerpt":{"rendered":"<p>technique : FABRIQU\u00c9 \u00c0 LA MACHINE mod\u00e8le : Imprim\u00e9 style de conception : CLASSIQUE mati\u00e8re : Coton caract\u00e9ristique : Durable, Lieu de stockage de<\/p>","protected":false},"featured_media":174761,"comment_status":"open","ping_status":"closed","template":"","meta":[],"product_brand":[],"product_cat":[30927,30937],"product_tag":[],"class_list":{"0":"post-174762","1":"product","2":"type-product","3":"status-publish","4":"has-post-thumbnail","6":"product_cat-bath","7":"product_cat-hotel-towels","9":"first","10":"instock","11":"taxable","12":"shipping-taxable","13":"purchasable","14":"product-type-variable"},"_links":{"self":[{"href":"https:\/\/nexgendecors.com\/fr\/wp-json\/wp\/v2\/product\/174762","targetHints":{"allow":["GET"]}}],"collection":[{"href":"https:\/\/nexgendecors.com\/fr\/wp-json\/wp\/v2\/product"}],"about":[{"href":"https:\/\/nexgendecors.com\/fr\/wp-json\/wp\/v2\/types\/product"}],"replies":[{"embeddable":true,"href":"https:\/\/nexgendecors.com\/fr\/wp-json\/wp\/v2\/comments?post=174762"}],"version-history":[{"count":0,"href":"https:\/\/nexgendecors.com\/fr\/wp-json\/wp\/v2\/product\/174762\/revisions"}],"wp:featuredmedia":[{"embeddable":true,"href":"https:\/\/nexgendecors.com\/fr\/wp-json\/wp\/v2\/media\/174761"}],"wp:attachment":[{"href":"https:\/\/nexgendecors.com\/fr\/wp-json\/wp\/v2\/media?parent=174762"}],"wp:term":[{"taxonomy":"product_brand","embeddable":true,"href":"https:\/\/nexgendecors.com\/fr\/wp-json\/wp\/v2\/product_brand?post=174762"},{"taxonomy":"product_cat","embeddable":true,"href":"https:\/\/nexgendecors.com\/fr\/wp-json\/wp\/v2\/product_cat?post=174762"},{"taxonomy":"product_tag","embeddable":true,"href":"https:\/\/nexgendecors.com\/fr\/wp-json\/wp\/v2\/product_tag?post=174762"}],"curies":[{"name":"wp","href":"https:\/\/api.w.org\/{rel}","templated":true}]}}