{"id":174789,"date":"2025-02-25T16:24:44","date_gmt":"2025-02-25T16:24:44","guid":{"rendered":"https:\/\/nexgendecors.com\/en\/product\/cotton-customized-logo-white-terry-600gsm-hotel-bath-towel-set\/"},"modified":"2025-04-06T10:30:59","modified_gmt":"2025-04-06T10:30:59","slug":"cotton-customized-logo-white-terry-600gsm-hotel-bath-towel-set","status":"publish","type":"product","link":"https:\/\/nexgendecors.com\/fr\/product\/cotton-customized-logo-white-terry-600gsm-hotel-bath-towel-set\/","title":{"rendered":"Ensemble de serviettes de bain en coton \u00e9ponge blanc 600 g\/m\u00b2 avec logo personnalis\u00e9 pour h\u00f4tel"},"content":{"rendered":"<ul>\n<li><strong>lieu d&#039;origine : <\/strong> Jiangsu, Chine<\/li>\n<li><strong>nom de marque : <\/strong> TEXTILE G\u00c9N\u00c9RAL<\/li>\n<li><strong>num\u00e9ro de mod\u00e8le : <\/strong> JRAD01<\/li>\n<li><strong>mat\u00e9riel : <\/strong> Coton<\/li>\n<li><strong>fonctionnalit\u00e9 : <\/strong> Excellente capacit\u00e9 d&#039;absorption et grande durabilit\u00e9<\/li>\n<li><strong>techniques : <\/strong> tiss\u00e9<\/li>\n<li><strong>forme : <\/strong> Rectangle<\/li>\n<li><strong>application : <\/strong> H\u00f4tel<\/li>\n<li><strong>mod\u00e8le : <\/strong> Couleur unie<\/li>\n<li><strong>tranche d&#039;\u00e2ge : <\/strong> Adulte<\/li>\n<li><strong>Nom du produit : <\/strong> ensemble de serviettes<\/li>\n<li><strong>Mat\u00e9riel : <\/strong> Coton 100%<\/li>\n<li><strong>Fil : <\/strong> 16S<\/li>\n<li><strong>Taille : <\/strong> Bath towel 70cm*140 cm\/ Hand towel 35cm*75 cm\/ Face towel 32cm*32 cm<\/li>\n<li><strong>Poids : <\/strong> 600g\/150g\/60g<\/li>\n<li><strong>Quantit\u00e9 minimale de commande : <\/strong> 100 Sets<\/li>\n<li><strong>Logo : <\/strong> Jacquard, Embroidery ,Customized Accepted<\/li>\n<li><strong>Emballage : <\/strong> waterproof polybag<\/li>\n<li><strong>Production time : <\/strong> 15 days<\/li>\n<li><strong>Style : <\/strong> satin band<\/li>\n<\/ul>","protected":false},"excerpt":{"rendered":"<p>lieu d&#039;origine : Jiangsu, Chine nom de marque : GENERAL TEXTILE num\u00e9ro de mod\u00e8le : JRAD01 mati\u00e8re : Coton caract\u00e9ristique :<\/p>","protected":false},"featured_media":174788,"comment_status":"open","ping_status":"closed","template":"","meta":[],"product_brand":[],"product_cat":[30927,30937],"product_tag":[],"class_list":{"0":"post-174789","1":"product","2":"type-product","3":"status-publish","4":"has-post-thumbnail","6":"product_cat-bath","7":"product_cat-hotel-towels","9":"first","10":"instock","11":"taxable","12":"shipping-taxable","13":"purchasable","14":"product-type-variable"},"_links":{"self":[{"href":"https:\/\/nexgendecors.com\/fr\/wp-json\/wp\/v2\/product\/174789","targetHints":{"allow":["GET"]}}],"collection":[{"href":"https:\/\/nexgendecors.com\/fr\/wp-json\/wp\/v2\/product"}],"about":[{"href":"https:\/\/nexgendecors.com\/fr\/wp-json\/wp\/v2\/types\/product"}],"replies":[{"embeddable":true,"href":"https:\/\/nexgendecors.com\/fr\/wp-json\/wp\/v2\/comments?post=174789"}],"version-history":[{"count":0,"href":"https:\/\/nexgendecors.com\/fr\/wp-json\/wp\/v2\/product\/174789\/revisions"}],"wp:featuredmedia":[{"embeddable":true,"href":"https:\/\/nexgendecors.com\/fr\/wp-json\/wp\/v2\/media\/174788"}],"wp:attachment":[{"href":"https:\/\/nexgendecors.com\/fr\/wp-json\/wp\/v2\/media?parent=174789"}],"wp:term":[{"taxonomy":"product_brand","embeddable":true,"href":"https:\/\/nexgendecors.com\/fr\/wp-json\/wp\/v2\/product_brand?post=174789"},{"taxonomy":"product_cat","embeddable":true,"href":"https:\/\/nexgendecors.com\/fr\/wp-json\/wp\/v2\/product_cat?post=174789"},{"taxonomy":"product_tag","embeddable":true,"href":"https:\/\/nexgendecors.com\/fr\/wp-json\/wp\/v2\/product_tag?post=174789"}],"curies":[{"name":"wp","href":"https:\/\/api.w.org\/{rel}","templated":true}]}}