{"id":174825,"date":"2025-02-25T16:27:21","date_gmt":"2025-02-25T16:27:21","guid":{"rendered":"https:\/\/nexgendecors.com\/en\/product\/jr512-luxury-hotel-100-cotton-highly-absorbent-anti-slip-floor-mat-bath-rugs\/"},"modified":"2025-04-06T10:31:28","modified_gmt":"2025-04-06T10:31:28","slug":"jr512-luxury-hotel-100-cotton-highly-absorbent-anti-slip-floor-mat-bath-rugs","status":"publish","type":"product","link":"https:\/\/nexgendecors.com\/fr\/product\/jr512-luxury-hotel-100-cotton-highly-absorbent-anti-slip-floor-mat-bath-rugs\/","title":{"rendered":"Tapis de bain antid\u00e9rapant en coton tr\u00e8s absorbant pour h\u00f4tel de luxe JR512 100%"},"content":{"rendered":"<ul>\n<li><strong>techniques : <\/strong> MACHINE MADE<\/li>\n<li><strong>mod\u00e8le : <\/strong> Plaid<\/li>\n<li><strong>style de conception : <\/strong> CLASSIQUE<\/li>\n<li><strong>mat\u00e9riel : <\/strong> Coton<\/li>\n<li><strong>fonctionnalit\u00e9 : <\/strong> Durable, stock\u00e9<\/li>\n<li><strong>lieu d&#039;origine : <\/strong> Jiangsu, Chine<\/li>\n<li><strong>nom de marque : <\/strong> TEXTILE G\u00c9N\u00c9RAL<\/li>\n<li><strong>num\u00e9ro de mod\u00e8le : <\/strong> JR512<\/li>\n<li><strong>Nom du produit : <\/strong> Hotel bath rug<\/li>\n<li><strong>Couleur : <\/strong> OEM<\/li>\n<li><strong>Taper : <\/strong> Custermized Wool Carpet Yarn<\/li>\n<li><strong>Rug type : <\/strong> Bath  Room Area Rug<\/li>\n<li><strong>Utilisation : <\/strong> Commercial<\/li>\n<li><strong>Forme : <\/strong> Rectangleor<\/li>\n<li><strong>Craft : <\/strong> Machine Tufted Rugs<\/li>\n<li><strong>Quantit\u00e9 minimale de commande : <\/strong> 1 Pieces<\/li>\n<li><strong>Mod\u00e8le : <\/strong> Modern Desgins<\/li>\n<\/ul>","protected":false},"excerpt":{"rendered":"<p>technique : FAIT \u00c0 LA MACHINE mod\u00e8le : Plaid style de conception : CLASSIQUE mati\u00e8re : Coton caract\u00e9ristique : Durable, Lieu de stockage<\/p>","protected":false},"featured_media":174824,"comment_status":"open","ping_status":"closed","template":"","meta":[],"product_brand":[],"product_cat":[30927,30937],"product_tag":[],"class_list":{"0":"post-174825","1":"product","2":"type-product","3":"status-publish","4":"has-post-thumbnail","6":"product_cat-bath","7":"product_cat-hotel-towels","9":"first","10":"instock","11":"taxable","12":"shipping-taxable","13":"purchasable","14":"product-type-variable"},"_links":{"self":[{"href":"https:\/\/nexgendecors.com\/fr\/wp-json\/wp\/v2\/product\/174825","targetHints":{"allow":["GET"]}}],"collection":[{"href":"https:\/\/nexgendecors.com\/fr\/wp-json\/wp\/v2\/product"}],"about":[{"href":"https:\/\/nexgendecors.com\/fr\/wp-json\/wp\/v2\/types\/product"}],"replies":[{"embeddable":true,"href":"https:\/\/nexgendecors.com\/fr\/wp-json\/wp\/v2\/comments?post=174825"}],"version-history":[{"count":0,"href":"https:\/\/nexgendecors.com\/fr\/wp-json\/wp\/v2\/product\/174825\/revisions"}],"wp:featuredmedia":[{"embeddable":true,"href":"https:\/\/nexgendecors.com\/fr\/wp-json\/wp\/v2\/media\/174824"}],"wp:attachment":[{"href":"https:\/\/nexgendecors.com\/fr\/wp-json\/wp\/v2\/media?parent=174825"}],"wp:term":[{"taxonomy":"product_brand","embeddable":true,"href":"https:\/\/nexgendecors.com\/fr\/wp-json\/wp\/v2\/product_brand?post=174825"},{"taxonomy":"product_cat","embeddable":true,"href":"https:\/\/nexgendecors.com\/fr\/wp-json\/wp\/v2\/product_cat?post=174825"},{"taxonomy":"product_tag","embeddable":true,"href":"https:\/\/nexgendecors.com\/fr\/wp-json\/wp\/v2\/product_tag?post=174825"}],"curies":[{"name":"wp","href":"https:\/\/api.w.org\/{rel}","templated":true}]}}