{"id":174833,"date":"2025-02-25T16:27:45","date_gmt":"2025-02-25T16:27:45","guid":{"rendered":"https:\/\/nexgendecors.com\/en\/product\/luxury-600gsm-highly-absorbent-100-cotton-hotel-white-bath-towel\/"},"modified":"2025-04-06T10:31:38","modified_gmt":"2025-04-06T10:31:38","slug":"luxury-600gsm-highly-absorbent-100-cotton-hotel-white-bath-towel","status":"publish","type":"product","link":"https:\/\/nexgendecors.com\/fr\/product\/luxury-600gsm-highly-absorbent-100-cotton-hotel-white-bath-towel\/","title":{"rendered":"Serviette de bain blanche de luxe en coton 100% 600 g\/m\u00b2, tr\u00e8s absorbante, pour h\u00f4tel"},"content":{"rendered":"<ul>\n<li><strong>lieu d&#039;origine : <\/strong> Jiangsu, Chine<\/li>\n<li><strong>nom de marque : <\/strong> TEXTILE G\u00c9N\u00c9RAL<\/li>\n<li><strong>num\u00e9ro de mod\u00e8le : <\/strong> JRES96<\/li>\n<li><strong>mat\u00e9riel : <\/strong> Coton<\/li>\n<li><strong>fonctionnalit\u00e9 : <\/strong> Excellente capacit\u00e9 d&#039;absorption et grande durabilit\u00e9<\/li>\n<li><strong>techniques : <\/strong> tiss\u00e9<\/li>\n<li><strong>forme : <\/strong> Carr\u00e9<\/li>\n<li><strong>application : <\/strong> Accueil<\/li>\n<li><strong>mod\u00e8le : <\/strong> Couleur unie<\/li>\n<li><strong>tranche d&#039;\u00e2ge : <\/strong> Adulte<\/li>\n<li><strong>Nom du produit : <\/strong> Hotel Towel Sets<\/li>\n<li><strong>Fil : <\/strong> 16S<\/li>\n<li><strong>Quantit\u00e9 minimale de commande : <\/strong> 100 Sets<\/li>\n<li><strong>Logo : <\/strong> Jacquard\/Broderie\/Personnalis\u00e9 accept\u00e9<\/li>\n<li><strong>Emballage : <\/strong> Polybag\/Carton\/Personnalis\u00e9 \u00e9tanche accept\u00e9<\/li>\n<li><strong>Production time : <\/strong> 7-30 days<\/li>\n<li><strong>Taille : <\/strong> 80X160cm<\/li>\n<li><strong>Poids : <\/strong> 800G<\/li>\n<li><strong>Mat\u00e9riel : <\/strong> Coton 100%<\/li>\n<li><strong>Mod\u00e8le : <\/strong> Brod\u00e9<\/li>\n<\/ul>","protected":false},"excerpt":{"rendered":"<p>lieu d&#039;origine : Jiangsu, Chine nom de marque : GENERAL TEXTILE num\u00e9ro de mod\u00e8le : JRES96 mati\u00e8re : Coton caract\u00e9ristique :<\/p>","protected":false},"featured_media":174832,"comment_status":"open","ping_status":"closed","template":"","meta":[],"product_brand":[],"product_cat":[30927,30937],"product_tag":[],"class_list":{"0":"post-174833","1":"product","2":"type-product","3":"status-publish","4":"has-post-thumbnail","6":"product_cat-bath","7":"product_cat-hotel-towels","9":"first","10":"instock","11":"taxable","12":"shipping-taxable","13":"purchasable","14":"product-type-variable"},"_links":{"self":[{"href":"https:\/\/nexgendecors.com\/fr\/wp-json\/wp\/v2\/product\/174833","targetHints":{"allow":["GET"]}}],"collection":[{"href":"https:\/\/nexgendecors.com\/fr\/wp-json\/wp\/v2\/product"}],"about":[{"href":"https:\/\/nexgendecors.com\/fr\/wp-json\/wp\/v2\/types\/product"}],"replies":[{"embeddable":true,"href":"https:\/\/nexgendecors.com\/fr\/wp-json\/wp\/v2\/comments?post=174833"}],"version-history":[{"count":0,"href":"https:\/\/nexgendecors.com\/fr\/wp-json\/wp\/v2\/product\/174833\/revisions"}],"wp:featuredmedia":[{"embeddable":true,"href":"https:\/\/nexgendecors.com\/fr\/wp-json\/wp\/v2\/media\/174832"}],"wp:attachment":[{"href":"https:\/\/nexgendecors.com\/fr\/wp-json\/wp\/v2\/media?parent=174833"}],"wp:term":[{"taxonomy":"product_brand","embeddable":true,"href":"https:\/\/nexgendecors.com\/fr\/wp-json\/wp\/v2\/product_brand?post=174833"},{"taxonomy":"product_cat","embeddable":true,"href":"https:\/\/nexgendecors.com\/fr\/wp-json\/wp\/v2\/product_cat?post=174833"},{"taxonomy":"product_tag","embeddable":true,"href":"https:\/\/nexgendecors.com\/fr\/wp-json\/wp\/v2\/product_tag?post=174833"}],"curies":[{"name":"wp","href":"https:\/\/api.w.org\/{rel}","templated":true}]}}