{"id":17488,"date":"2025-01-13T14:23:01","date_gmt":"2025-01-13T14:23:01","guid":{"rendered":"https:\/\/nexgendecors.com\/product\/yanasuo-pmma-artificial-stone-bathtub-household-independent-integrated-small-bathtub-rectangular-small-apartment-double-bathtub\/"},"modified":"2025-03-08T06:11:00","modified_gmt":"2025-03-08T06:11:00","slug":"yanasuo-pmma-artificial-stone-bathtub-household-independent-integrated-small-bathtub-rectangular-small-apartment-double-bathtub","status":"publish","type":"product","link":"https:\/\/nexgendecors.com\/fr\/product\/yanasuo-pmma-artificial-stone-bathtub-household-independent-integrated-small-bathtub-rectangular-small-apartment-double-bathtub\/","title":{"rendered":"Baignoire double Yanasuo en PMMA \u2013 Design chic et peu encombrant"},"content":{"rendered":"<ul>\n<li>\n<strong>marque<\/strong>:YANASO\/Yanaso (mat\u00e9riau principal de la d\u00e9coration de la maison)<\/li>\n<li>\n<strong>mod\u00e8le<\/strong>:YNS8607<\/li>\n<li>\n<strong>forme<\/strong>:D\u00e9tach\u00e9<\/li>\n<li>\n<strong>Origine<\/strong>:Chine continentale<\/li>\n<li>\n<strong>province<\/strong>:Province du Guangdong<\/li>\n<li>\n<strong>ville<\/strong>:Jiangmen<\/li>\n<li>\n<strong>Est-ce qu&#039;il contient un robinet ?<\/strong>:Non inclus<\/li>\n<li>\n<strong>longueur<\/strong>:1.2m 1.3m 1.4m 1.5m 1.6m 1.7m 1.8m<\/li>\n<li>\n<strong>Mat\u00e9riel<\/strong>:man made rock<\/li>\n<li>\n<strong>Y a-t-il des mains courantes ?<\/strong>:Non<\/li>\n<li>\n<strong>Service en ville<\/strong>:Livraison porte-\u00e0-porte logistique intra-urbaine<\/li>\n<li>\n<strong>trier par couleur<\/strong>:Standard artificial stone &#8211; matte white + drainage accessories + overflow Standard artificial stone &#8211; glossy white + drainage accessories + overflow Standard artificial stone &#8211; matte black outside and white inside + drainage accessories + overflow Standard artificial stone &#8211; matte black + drainage accessories + overflow Standard artificial stone &#8211; matte gray + drainage accessories + overflow Standard artificial stone &#8211; matte pink + drainage accessories + overflow Standard artificial stone &#8211; matte milk coffee + drainage accessories + overflow PMMA artificial stone &#8211; matte white + drainage accessories + overflow PMMA artificial stone &#8211; glossy white + drainage accessories + overflow Color customization This model is available in 1.58 meters in size. Please contact customer service if you need it!<\/li>\n<\/ul>\n<p><img><\/p>","protected":false},"excerpt":{"rendered":"<p>Marque : YANASO\/Yanaso (mat\u00e9riau principal de d\u00e9coration int\u00e9rieure) Mod\u00e8le : YNS8607 Forme : D\u00e9tach\u00e9e Origine : Chine continentale Province : Province du Guangdong Ville : Jiangmen Contient-il un robinet ? : Non inclus Longueur : 1,2 m 1,3 m<\/p>","protected":false},"featured_media":18956,"comment_status":"open","ping_status":"closed","template":"","meta":[],"product_brand":[],"product_cat":[30971,869],"product_tag":[],"class_list":{"0":"post-17488","1":"product","2":"type-product","3":"status-publish","4":"has-post-thumbnail","6":"product_cat-hp","7":"product_cat-wholesale-bathtub","9":"first","10":"instock","11":"taxable","12":"shipping-taxable","13":"purchasable","14":"product-type-variable"},"_links":{"self":[{"href":"https:\/\/nexgendecors.com\/fr\/wp-json\/wp\/v2\/product\/17488","targetHints":{"allow":["GET"]}}],"collection":[{"href":"https:\/\/nexgendecors.com\/fr\/wp-json\/wp\/v2\/product"}],"about":[{"href":"https:\/\/nexgendecors.com\/fr\/wp-json\/wp\/v2\/types\/product"}],"replies":[{"embeddable":true,"href":"https:\/\/nexgendecors.com\/fr\/wp-json\/wp\/v2\/comments?post=17488"}],"version-history":[{"count":0,"href":"https:\/\/nexgendecors.com\/fr\/wp-json\/wp\/v2\/product\/17488\/revisions"}],"wp:featuredmedia":[{"embeddable":true,"href":"https:\/\/nexgendecors.com\/fr\/wp-json\/wp\/v2\/media\/18956"}],"wp:attachment":[{"href":"https:\/\/nexgendecors.com\/fr\/wp-json\/wp\/v2\/media?parent=17488"}],"wp:term":[{"taxonomy":"product_brand","embeddable":true,"href":"https:\/\/nexgendecors.com\/fr\/wp-json\/wp\/v2\/product_brand?post=17488"},{"taxonomy":"product_cat","embeddable":true,"href":"https:\/\/nexgendecors.com\/fr\/wp-json\/wp\/v2\/product_cat?post=17488"},{"taxonomy":"product_tag","embeddable":true,"href":"https:\/\/nexgendecors.com\/fr\/wp-json\/wp\/v2\/product_tag?post=17488"}],"curies":[{"name":"wp","href":"https:\/\/api.w.org\/{rel}","templated":true}]}}