{"id":174951,"date":"2025-02-25T16:37:44","date_gmt":"2025-02-25T16:37:44","guid":{"rendered":"https:\/\/nexgendecors.com\/en\/product\/100-bedding-set-customized-color-300tc-soft-hotel-bed-linen\/"},"modified":"2025-04-06T10:33:19","modified_gmt":"2025-04-06T10:33:19","slug":"100-bedding-set-customized-color-300tc-soft-hotel-bed-linen","status":"publish","type":"product","link":"https:\/\/nexgendecors.com\/fr\/product\/100-bedding-set-customized-color-300tc-soft-hotel-bed-linen\/","title":{"rendered":"Parure de lit 100%, couleur personnalis\u00e9e, 300 fils, douce, pour h\u00f4tel"},"content":{"rendered":"<ul>\n<li><strong>lieu d&#039;origine : <\/strong> Jiangsu, Chine<\/li>\n<li><strong>nom de marque : <\/strong> GT<\/li>\n<li><strong>num\u00e9ro de mod\u00e8le : <\/strong> 300T<\/li>\n<li><strong>mat\u00e9riel : <\/strong> Coton 100%<\/li>\n<li><strong>fonctionnalit\u00e9 : <\/strong> Anti-pilling, Nondisposable<\/li>\n<li><strong>techniques : <\/strong> tiss\u00e9<\/li>\n<li><strong>style : <\/strong> Style europ\u00e9en et am\u00e9ricain<\/li>\n<li><strong>quantit\u00e9 : <\/strong> 4 pi\u00e8ces<\/li>\n<li><strong>Remplissage : <\/strong> Coton<\/li>\n<li><strong>mod\u00e8le : <\/strong> Solide<\/li>\n<li><strong>application : <\/strong> H\u00f4tel, Maison, Mariage, H\u00f4pital<\/li>\n<li><strong>est_personnalis\u00e9 : <\/strong> Oui<\/li>\n<li><strong>densit\u00e9 du tissu : <\/strong> 173 * 118<\/li>\n<li><strong>nombre de tissus : <\/strong> 60<\/li>\n<li><strong>degr\u00e9 de solidit\u00e9 des couleurs : <\/strong> 3-4<\/li>\n<li><strong>nombre de fils : <\/strong> 300tc<\/li>\n<li><strong>poids : <\/strong> 3-3.5 kg<\/li>\n<li><strong>Nom du produit : <\/strong> Hotel Bedding Sets<\/li>\n<li><strong>Tissu : <\/strong> Coton 100%<\/li>\n<li><strong>Thread : <\/strong> 300TC<\/li>\n<li><strong>Mod\u00e8le : <\/strong> Brod\u00e9<\/li>\n<li><strong>Taille de l&#039;application : <\/strong> 1,0 m 3,3 pieds<\/li>\n<li><strong>Quantit\u00e9 minimale de commande : <\/strong> 100 Sets<\/li>\n<li><strong>Logo : <\/strong> Jacquard\/Broderie\/Personnalis\u00e9 accept\u00e9<\/li>\n<li><strong>Emballage : <\/strong> Polybag\/Carton\/Personnalis\u00e9 \u00e9tanche accept\u00e9<\/li>\n<li><strong>Production time : <\/strong> 7-30 days<\/li>\n<li><strong>Acheteur commercial : <\/strong> H\u00f4tels<\/li>\n<\/ul>","protected":false},"excerpt":{"rendered":"<p>Lieu d&#039;origine : Jiangsu, Chine Nom de marque : GT Num\u00e9ro de mod\u00e8le : 300T Mat\u00e9riau : Coton 100% Caract\u00e9ristique :<\/p>","protected":false},"featured_media":174950,"comment_status":"open","ping_status":"closed","template":"","meta":[],"product_brand":[],"product_cat":[30926,30951,30953],"product_tag":[],"class_list":{"0":"post-174951","1":"product","2":"type-product","3":"status-publish","4":"has-post-thumbnail","6":"product_cat-bedding","7":"product_cat-hotel-bedding","8":"product_cat-hotel-sheet-linen","10":"first","11":"instock","12":"taxable","13":"shipping-taxable","14":"purchasable","15":"product-type-variable"},"_links":{"self":[{"href":"https:\/\/nexgendecors.com\/fr\/wp-json\/wp\/v2\/product\/174951","targetHints":{"allow":["GET"]}}],"collection":[{"href":"https:\/\/nexgendecors.com\/fr\/wp-json\/wp\/v2\/product"}],"about":[{"href":"https:\/\/nexgendecors.com\/fr\/wp-json\/wp\/v2\/types\/product"}],"replies":[{"embeddable":true,"href":"https:\/\/nexgendecors.com\/fr\/wp-json\/wp\/v2\/comments?post=174951"}],"version-history":[{"count":0,"href":"https:\/\/nexgendecors.com\/fr\/wp-json\/wp\/v2\/product\/174951\/revisions"}],"wp:featuredmedia":[{"embeddable":true,"href":"https:\/\/nexgendecors.com\/fr\/wp-json\/wp\/v2\/media\/174950"}],"wp:attachment":[{"href":"https:\/\/nexgendecors.com\/fr\/wp-json\/wp\/v2\/media?parent=174951"}],"wp:term":[{"taxonomy":"product_brand","embeddable":true,"href":"https:\/\/nexgendecors.com\/fr\/wp-json\/wp\/v2\/product_brand?post=174951"},{"taxonomy":"product_cat","embeddable":true,"href":"https:\/\/nexgendecors.com\/fr\/wp-json\/wp\/v2\/product_cat?post=174951"},{"taxonomy":"product_tag","embeddable":true,"href":"https:\/\/nexgendecors.com\/fr\/wp-json\/wp\/v2\/product_tag?post=174951"}],"curies":[{"name":"wp","href":"https:\/\/api.w.org\/{rel}","templated":true}]}}