{"id":174995,"date":"2025-02-25T16:41:42","date_gmt":"2025-02-25T16:41:42","guid":{"rendered":"https:\/\/nexgendecors.com\/en\/product\/soft-breathable-1800-thread-count-double-brushed-microfiber-queen-size-bed-sheet-for-winter\/"},"modified":"2025-04-06T10:34:00","modified_gmt":"2025-04-06T10:34:00","slug":"soft-breathable-1800-thread-count-double-brushed-microfiber-queen-size-bed-sheet-for-winter","status":"publish","type":"product","link":"https:\/\/nexgendecors.com\/fr\/product\/soft-breathable-1800-thread-count-double-brushed-microfiber-queen-size-bed-sheet-for-winter\/","title":{"rendered":"Drap de lit Queen size en microfibre double bross\u00e9e, doux et respirant, 1800 fils au pouce carr\u00e9, pour l&#039;hiver"},"content":{"rendered":"<ul>\n<li><strong>lieu d&#039;origine : <\/strong> Jiangsu, Chine<\/li>\n<li><strong>nom de marque : <\/strong> Textile g\u00e9n\u00e9ral<\/li>\n<li><strong>num\u00e9ro de mod\u00e8le : <\/strong> ic69<\/li>\n<li><strong>mat\u00e9riel : <\/strong> 100% Polyester, Microfiber Fabric<\/li>\n<li><strong>fonctionnalit\u00e9 : <\/strong> Nondisposable, durable, wrinkle free<\/li>\n<li><strong>techniques : <\/strong> tiss\u00e9<\/li>\n<li><strong>style : <\/strong> style am\u00e9ricain<\/li>\n<li><strong>quantit\u00e9 : <\/strong> 4 pi\u00e8ces<\/li>\n<li><strong>Remplissage : <\/strong> none<\/li>\n<li><strong>mod\u00e8le : <\/strong> Solide<\/li>\n<li><strong>application : <\/strong> H\u00f4tel, Maison, Mariage, H\u00f4pital<\/li>\n<li><strong>est_personnalis\u00e9 : <\/strong> Oui<\/li>\n<li><strong>densit\u00e9 du tissu : <\/strong> 80gsm-110gsm<\/li>\n<li><strong>nombre de tissus : <\/strong> 40<\/li>\n<li><strong>degr\u00e9 de solidit\u00e9 des couleurs : <\/strong> 3-4<\/li>\n<li><strong>nombre de fils : <\/strong> 200TC<\/li>\n<li><strong>poids : <\/strong> 2-2,5 kg<\/li>\n<li><strong>Nom du produit : <\/strong> bed sheet set<\/li>\n<li><strong>One set includes : <\/strong> 1*flat sheet, 1*fitted sheet, 2* pillow case<\/li>\n<li><strong>Mat\u00e9riel : <\/strong> 100% microfiber<\/li>\n<li><strong>Mod\u00e8le : <\/strong> Teint uni<\/li>\n<li><strong>\u00c9paisseur : <\/strong> 80gsm-110gsm<\/li>\n<li><strong>Taille de l&#039;application : <\/strong> 1,5 m 5 pieds<\/li>\n<li><strong>Pakaging : <\/strong> waterproof poly bag or customized PVC bag<\/li>\n<li><strong>Emballage : <\/strong> Polybag\/Carton\/Personnalis\u00e9 \u00e9tanche accept\u00e9<\/li>\n<li><strong>Quantit\u00e9 minimale de commande : <\/strong> 50 Sets<\/li>\n<li><strong>Production time : <\/strong> 7-30 days<\/li>\n<\/ul>","protected":false},"excerpt":{"rendered":"<p>Lieu d&#039;origine : Jiangsu, Chine Nom de marque : General Textile Num\u00e9ro de mod\u00e8le : ic69 Mat\u00e9riau : 100% Polyester, Microfibre<\/p>","protected":false},"featured_media":174994,"comment_status":"open","ping_status":"closed","template":"","meta":[],"product_brand":[],"product_cat":[30926,30951,30953,30956],"product_tag":[],"class_list":{"0":"post-174995","1":"product","2":"type-product","3":"status-publish","4":"has-post-thumbnail","6":"product_cat-bedding","7":"product_cat-hotel-bedding","8":"product_cat-hotel-sheet-linen","9":"product_cat-mattress-cover","11":"first","12":"instock","13":"taxable","14":"shipping-taxable","15":"purchasable","16":"product-type-variable"},"_links":{"self":[{"href":"https:\/\/nexgendecors.com\/fr\/wp-json\/wp\/v2\/product\/174995","targetHints":{"allow":["GET"]}}],"collection":[{"href":"https:\/\/nexgendecors.com\/fr\/wp-json\/wp\/v2\/product"}],"about":[{"href":"https:\/\/nexgendecors.com\/fr\/wp-json\/wp\/v2\/types\/product"}],"replies":[{"embeddable":true,"href":"https:\/\/nexgendecors.com\/fr\/wp-json\/wp\/v2\/comments?post=174995"}],"version-history":[{"count":0,"href":"https:\/\/nexgendecors.com\/fr\/wp-json\/wp\/v2\/product\/174995\/revisions"}],"wp:featuredmedia":[{"embeddable":true,"href":"https:\/\/nexgendecors.com\/fr\/wp-json\/wp\/v2\/media\/174994"}],"wp:attachment":[{"href":"https:\/\/nexgendecors.com\/fr\/wp-json\/wp\/v2\/media?parent=174995"}],"wp:term":[{"taxonomy":"product_brand","embeddable":true,"href":"https:\/\/nexgendecors.com\/fr\/wp-json\/wp\/v2\/product_brand?post=174995"},{"taxonomy":"product_cat","embeddable":true,"href":"https:\/\/nexgendecors.com\/fr\/wp-json\/wp\/v2\/product_cat?post=174995"},{"taxonomy":"product_tag","embeddable":true,"href":"https:\/\/nexgendecors.com\/fr\/wp-json\/wp\/v2\/product_tag?post=174995"}],"curies":[{"name":"wp","href":"https:\/\/api.w.org\/{rel}","templated":true}]}}