{"id":175007,"date":"2025-02-25T16:42:08","date_gmt":"2025-02-25T16:42:08","guid":{"rendered":"https:\/\/nexgendecors.com\/en\/product\/300-thread-count-white-bedding-hotel-collection-queen-size-100-cotton-satin-fabric-bedding-set\/"},"modified":"2025-04-06T10:34:11","modified_gmt":"2025-04-06T10:34:11","slug":"300-thread-count-white-bedding-hotel-collection-queen-size-100-cotton-satin-fabric-bedding-set","status":"publish","type":"product","link":"https:\/\/nexgendecors.com\/fr\/product\/300-thread-count-white-bedding-hotel-collection-queen-size-100-cotton-satin-fabric-bedding-set\/","title":{"rendered":"Parure de lit en satin de coton blanc 300 fils au pouce carr\u00e9, collection h\u00f4teli\u00e8re, taille Queen size 100%"},"content":{"rendered":"<ul>\n<li><strong>lieu d&#039;origine : <\/strong> Jiangsu, Chine<\/li>\n<li><strong>nom de marque : <\/strong> General<\/li>\n<li><strong>num\u00e9ro de mod\u00e8le : <\/strong> 300qs<\/li>\n<li><strong>mat\u00e9riel : <\/strong> Coton 100%<\/li>\n<li><strong>fonctionnalit\u00e9 : <\/strong> Anti-pilling, Nondisposable<\/li>\n<li><strong>techniques : <\/strong> tiss\u00e9<\/li>\n<li><strong>style : <\/strong> Plaine<\/li>\n<li><strong>quantit\u00e9 : <\/strong> 4 pi\u00e8ces<\/li>\n<li><strong>Remplissage : <\/strong> Coton<\/li>\n<li><strong>mod\u00e8le : <\/strong> Solide<\/li>\n<li><strong>application : <\/strong> Hotel, Home, Wedding, Hospital, Wedding Quilt Cover, Wedding Four-piece Kit, Wedding Pillow\/Pillowcase<\/li>\n<li><strong>est_personnalis\u00e9 : <\/strong> Oui<\/li>\n<li><strong>densit\u00e9 du tissu : <\/strong> 173 * 118<\/li>\n<li><strong>nombre de tissus : <\/strong> 60<\/li>\n<li><strong>degr\u00e9 de solidit\u00e9 des couleurs : <\/strong> 3-4<\/li>\n<li><strong>nombre de fils : <\/strong> 300tc<\/li>\n<li><strong>poids : <\/strong> 3-3.5 kg<\/li>\n<li><strong>Nom du produit : <\/strong> Bedding  Set<\/li>\n<li><strong>Tissu : <\/strong> Coton 100%<\/li>\n<li><strong>Nombre de fils : <\/strong> 300TC<\/li>\n<li><strong>Detailed : <\/strong> 1*quilt cover+1*bed sheet+2*pillow case<\/li>\n<li><strong>Taille de l&#039;application : <\/strong> cover 220*240cm\/sheet 230*280cm\/pillowcase 54*85cm<\/li>\n<li><strong>Standard : <\/strong> 4 star<\/li>\n<li><strong>Quantit\u00e9 minimale de commande : <\/strong> 2 Sets<\/li>\n<li><strong>Dur\u00e9e de l&#039;\u00e9chantillon : <\/strong> 3-7 Days<\/li>\n<li><strong>Conditions de paiement : <\/strong> 30% D\u00e9p\u00f4t par T\/T, assurance commerciale Ali<\/li>\n<li><strong>Acheteur commercial : <\/strong> Hotels,E-commerce Stores<\/li>\n<\/ul>","protected":false},"excerpt":{"rendered":"<p>Lieu d&#039;origine : Jiangsu, Chine Nom de marque : General Num\u00e9ro de mod\u00e8le : 300qs Mat\u00e9riau : Coton 100% Caract\u00e9ristique :<\/p>","protected":false},"featured_media":175006,"comment_status":"open","ping_status":"closed","template":"","meta":[],"product_brand":[],"product_cat":[30926,30951,30953],"product_tag":[],"class_list":{"0":"post-175007","1":"product","2":"type-product","3":"status-publish","4":"has-post-thumbnail","6":"product_cat-bedding","7":"product_cat-hotel-bedding","8":"product_cat-hotel-sheet-linen","10":"first","11":"instock","12":"taxable","13":"shipping-taxable","14":"purchasable","15":"product-type-variable"},"_links":{"self":[{"href":"https:\/\/nexgendecors.com\/fr\/wp-json\/wp\/v2\/product\/175007","targetHints":{"allow":["GET"]}}],"collection":[{"href":"https:\/\/nexgendecors.com\/fr\/wp-json\/wp\/v2\/product"}],"about":[{"href":"https:\/\/nexgendecors.com\/fr\/wp-json\/wp\/v2\/types\/product"}],"replies":[{"embeddable":true,"href":"https:\/\/nexgendecors.com\/fr\/wp-json\/wp\/v2\/comments?post=175007"}],"version-history":[{"count":0,"href":"https:\/\/nexgendecors.com\/fr\/wp-json\/wp\/v2\/product\/175007\/revisions"}],"wp:featuredmedia":[{"embeddable":true,"href":"https:\/\/nexgendecors.com\/fr\/wp-json\/wp\/v2\/media\/175006"}],"wp:attachment":[{"href":"https:\/\/nexgendecors.com\/fr\/wp-json\/wp\/v2\/media?parent=175007"}],"wp:term":[{"taxonomy":"product_brand","embeddable":true,"href":"https:\/\/nexgendecors.com\/fr\/wp-json\/wp\/v2\/product_brand?post=175007"},{"taxonomy":"product_cat","embeddable":true,"href":"https:\/\/nexgendecors.com\/fr\/wp-json\/wp\/v2\/product_cat?post=175007"},{"taxonomy":"product_tag","embeddable":true,"href":"https:\/\/nexgendecors.com\/fr\/wp-json\/wp\/v2\/product_tag?post=175007"}],"curies":[{"name":"wp","href":"https:\/\/api.w.org\/{rel}","templated":true}]}}