{"id":175016,"date":"2025-02-25T16:42:43","date_gmt":"2025-02-25T16:42:43","guid":{"rendered":"https:\/\/nexgendecors.com\/en\/product\/wholesale-custom-luxury-king-size-300-tc-100-cotton-embroidery-hotel-bed-sheet-bedding-sets\/"},"modified":"2025-04-06T10:34:21","modified_gmt":"2025-04-06T10:34:21","slug":"wholesale-custom-luxury-king-size-300-tc-100-cotton-embroidery-hotel-bed-sheet-bedding-sets","status":"publish","type":"product","link":"https:\/\/nexgendecors.com\/fr\/product\/wholesale-custom-luxury-king-size-300-tc-100-cotton-embroidery-hotel-bed-sheet-bedding-sets\/","title":{"rendered":"Parure de lit de luxe personnalis\u00e9e en coton brod\u00e9, taille King, 300 fils\/cm\u00b2, 100%"},"content":{"rendered":"<ul>\n<li><strong>lieu d&#039;origine : <\/strong> Jiangsu, Chine<\/li>\n<li><strong>nom de marque : <\/strong> TEXTILE G\u00c9N\u00c9RAL<\/li>\n<li><strong>num\u00e9ro de mod\u00e8le : <\/strong> 18JRNA424<\/li>\n<li><strong>mat\u00e9riel : <\/strong> Coton 100%<\/li>\n<li><strong>fonctionnalit\u00e9 : <\/strong> Anti-pilling, Nondisposable<\/li>\n<li><strong>techniques : <\/strong> tiss\u00e9<\/li>\n<li><strong>style : <\/strong> Style europ\u00e9en et am\u00e9ricain<\/li>\n<li><strong>Quantit\u00e9 : <\/strong> 4 pi\u00e8ces<\/li>\n<li><strong>mat\u00e9riau de remplissage : <\/strong> Coton<\/li>\n<li><strong>mod\u00e8le : <\/strong> Ray\u00e9<\/li>\n<li><strong>application : <\/strong> H\u00f4tel, Maison, Mariage, H\u00f4pital<\/li>\n<li><strong>est_personnalis\u00e9 : <\/strong> Oui<\/li>\n<li><strong>densit\u00e9 du tissu : <\/strong> 173 * 118<\/li>\n<li><strong>nombre de tissus : <\/strong> 60<\/li>\n<li><strong>degr\u00e9 de solidit\u00e9 des couleurs : <\/strong> 3-4<\/li>\n<li><strong>nombre de fils : <\/strong> 300tc<\/li>\n<li><strong>poids : <\/strong> 2,5-3 kg<\/li>\n<li><strong>Nom du produit : <\/strong> Hotel Bedding sets<\/li>\n<li><strong>Fil : <\/strong> 60S*60S<\/li>\n<li><strong>Quantit\u00e9 minimale de commande : <\/strong> 50 Sets<\/li>\n<li><strong>Conception : <\/strong> Broderie<\/li>\n<li><strong>Emballage : <\/strong> Waterproof polybag<\/li>\n<li><strong>Tissu : <\/strong> 100% COTTON<\/li>\n<li><strong>Taille de l&#039;application : <\/strong> 1,8 m 6 pieds<\/li>\n<li><strong>Taper : <\/strong> Comforter Set<\/li>\n<li><strong>Mod\u00e8le : <\/strong> Brod\u00e9<\/li>\n<li><strong>Certification : <\/strong> OEKO-TEX STANDARD 100<\/li>\n<\/ul>","protected":false},"excerpt":{"rendered":"<p>Lieu d&#039;origine : Jiangsu, Chine Nom de marque : GENERAL TEXTILE Num\u00e9ro de mod\u00e8le : 18JRNA424 Mati\u00e8re : Coton 100% Caract\u00e9ristique<\/p>","protected":false},"featured_media":175015,"comment_status":"open","ping_status":"closed","template":"","meta":[],"product_brand":[],"product_cat":[30926,30951,30953],"product_tag":[],"class_list":{"0":"post-175016","1":"product","2":"type-product","3":"status-publish","4":"has-post-thumbnail","6":"product_cat-bedding","7":"product_cat-hotel-bedding","8":"product_cat-hotel-sheet-linen","10":"first","11":"instock","12":"taxable","13":"shipping-taxable","14":"purchasable","15":"product-type-variable"},"_links":{"self":[{"href":"https:\/\/nexgendecors.com\/fr\/wp-json\/wp\/v2\/product\/175016","targetHints":{"allow":["GET"]}}],"collection":[{"href":"https:\/\/nexgendecors.com\/fr\/wp-json\/wp\/v2\/product"}],"about":[{"href":"https:\/\/nexgendecors.com\/fr\/wp-json\/wp\/v2\/types\/product"}],"replies":[{"embeddable":true,"href":"https:\/\/nexgendecors.com\/fr\/wp-json\/wp\/v2\/comments?post=175016"}],"version-history":[{"count":0,"href":"https:\/\/nexgendecors.com\/fr\/wp-json\/wp\/v2\/product\/175016\/revisions"}],"wp:featuredmedia":[{"embeddable":true,"href":"https:\/\/nexgendecors.com\/fr\/wp-json\/wp\/v2\/media\/175015"}],"wp:attachment":[{"href":"https:\/\/nexgendecors.com\/fr\/wp-json\/wp\/v2\/media?parent=175016"}],"wp:term":[{"taxonomy":"product_brand","embeddable":true,"href":"https:\/\/nexgendecors.com\/fr\/wp-json\/wp\/v2\/product_brand?post=175016"},{"taxonomy":"product_cat","embeddable":true,"href":"https:\/\/nexgendecors.com\/fr\/wp-json\/wp\/v2\/product_cat?post=175016"},{"taxonomy":"product_tag","embeddable":true,"href":"https:\/\/nexgendecors.com\/fr\/wp-json\/wp\/v2\/product_tag?post=175016"}],"curies":[{"name":"wp","href":"https:\/\/api.w.org\/{rel}","templated":true}]}}