{"id":175024,"date":"2025-02-25T16:43:15","date_gmt":"2025-02-25T16:43:15","guid":{"rendered":"https:\/\/nexgendecors.com\/en\/product\/wholesale-hotel-hospital-fitted-bed-sheet-set-3cm-stripe-polyester-cotton-bedding-set\/"},"modified":"2025-02-25T16:43:26","modified_gmt":"2025-02-25T16:43:26","slug":"ensemble-de-draps-housses-pour-hotel-et-hopital-en-gros-ensemble-de-literie-en-coton-et-polyester-a-rayures-de-3-cm","status":"publish","type":"product","link":"https:\/\/nexgendecors.com\/fr\/product\/ensemble-de-draps-housses-pour-hotel-et-hopital-en-gros-ensemble-de-literie-en-coton-et-polyester-a-rayures-de-3-cm\/","title":{"rendered":"Parure de lit en polyester et coton \u00e0 rayures de 3 cm pour h\u00f4tel et h\u00f4pital"},"content":{"rendered":"<ul>\n<li><strong>lieu d&#039;origine : <\/strong> Jiangsu, Chine<\/li>\n<li><strong>nom de marque : <\/strong> Textile g\u00e9n\u00e9ral<\/li>\n<li><strong>num\u00e9ro de mod\u00e8le : <\/strong> IC02<\/li>\n<li><strong>mat\u00e9riel : <\/strong> 100% Polyester, 100% Coton<\/li>\n<li><strong>fonctionnalit\u00e9 : <\/strong> Anti-boulochage, non jetable, perm\u00e9able \u00e0 l&#039;air<\/li>\n<li><strong>techniques : <\/strong> tiss\u00e9<\/li>\n<li><strong>style : <\/strong> Plaine<\/li>\n<li><strong>quantit\u00e9 : <\/strong> 3 pi\u00e8ces<\/li>\n<li><strong>Remplissage : <\/strong> Aucun<\/li>\n<li><strong>mod\u00e8le : <\/strong> Ray\u00e9<\/li>\n<li><strong>application : <\/strong> H\u00f4tel, Maison, Mariage, H\u00f4pital<\/li>\n<li><strong>est_personnalis\u00e9 : <\/strong> Oui<\/li>\n<li><strong>densit\u00e9 du tissu : <\/strong> 144*80<\/li>\n<li><strong>nombre de tissus : <\/strong> 40<\/li>\n<li><strong>degr\u00e9 de solidit\u00e9 des couleurs : <\/strong> 3-4<\/li>\n<li><strong>nombre de fils : <\/strong> 200TC<\/li>\n<li><strong>poids : <\/strong> 2-2,5 kg<\/li>\n<li><strong>Nom du produit : <\/strong> ensemble de literie<\/li>\n<li><strong>Tissu : <\/strong> Polyester\/coton<\/li>\n<li><strong>Conception : <\/strong> rayures jacquard<\/li>\n<li><strong>Un ensemble contient : <\/strong> 1x drap de lit, 1x housse de couette, 2x taies d&#039;oreiller<\/li>\n<li><strong>Standard : <\/strong> 3 \u00e9toiles<\/li>\n<li><strong>Quantit\u00e9 minimale de commande : <\/strong> 20 ensembles<\/li>\n<li><strong>Conditions de paiement : <\/strong> 30% D\u00e9p\u00f4t par T\/T, assurance commerciale Ali<\/li>\n<li><strong>Taille de l&#039;application : <\/strong> 1,5 m 5 pieds<\/li>\n<li><strong>Acheteur commercial : <\/strong> H\u00f4tels<\/li>\n<\/ul>","protected":false},"excerpt":{"rendered":"<p>Lieu d&#039;origine : Jiangsu, Chine Nom de marque : General Textile Num\u00e9ro de mod\u00e8le : IC02 Mat\u00e9riau : 100% Polyester, 100%<\/p>","protected":false},"featured_media":175023,"comment_status":"open","ping_status":"closed","template":"","meta":[],"product_brand":[],"product_cat":[30926,30951,30953],"product_tag":[],"class_list":{"0":"post-175024","1":"product","2":"type-product","3":"status-publish","4":"has-post-thumbnail","6":"product_cat-bedding","7":"product_cat-hotel-bedding","8":"product_cat-hotel-sheet-linen","10":"first","11":"instock","12":"taxable","13":"shipping-taxable","14":"purchasable","15":"product-type-variable"},"_links":{"self":[{"href":"https:\/\/nexgendecors.com\/fr\/wp-json\/wp\/v2\/product\/175024","targetHints":{"allow":["GET"]}}],"collection":[{"href":"https:\/\/nexgendecors.com\/fr\/wp-json\/wp\/v2\/product"}],"about":[{"href":"https:\/\/nexgendecors.com\/fr\/wp-json\/wp\/v2\/types\/product"}],"replies":[{"embeddable":true,"href":"https:\/\/nexgendecors.com\/fr\/wp-json\/wp\/v2\/comments?post=175024"}],"version-history":[{"count":0,"href":"https:\/\/nexgendecors.com\/fr\/wp-json\/wp\/v2\/product\/175024\/revisions"}],"wp:featuredmedia":[{"embeddable":true,"href":"https:\/\/nexgendecors.com\/fr\/wp-json\/wp\/v2\/media\/175023"}],"wp:attachment":[{"href":"https:\/\/nexgendecors.com\/fr\/wp-json\/wp\/v2\/media?parent=175024"}],"wp:term":[{"taxonomy":"product_brand","embeddable":true,"href":"https:\/\/nexgendecors.com\/fr\/wp-json\/wp\/v2\/product_brand?post=175024"},{"taxonomy":"product_cat","embeddable":true,"href":"https:\/\/nexgendecors.com\/fr\/wp-json\/wp\/v2\/product_cat?post=175024"},{"taxonomy":"product_tag","embeddable":true,"href":"https:\/\/nexgendecors.com\/fr\/wp-json\/wp\/v2\/product_tag?post=175024"}],"curies":[{"name":"wp","href":"https:\/\/api.w.org\/{rel}","templated":true}]}}