{"id":175086,"date":"2025-02-25T16:51:23","date_gmt":"2025-02-25T16:51:23","guid":{"rendered":"https:\/\/nexgendecors.com\/en\/product\/custom-size-white-shawl-collar-100-cotton-hotel-terry-bathrobe-in-stock\/"},"modified":"2025-04-06T10:34:31","modified_gmt":"2025-04-06T10:34:31","slug":"custom-size-white-shawl-collar-100-cotton-hotel-terry-bathrobe-in-stock","status":"publish","type":"product","link":"https:\/\/nexgendecors.com\/fr\/product\/custom-size-white-shawl-collar-100-cotton-hotel-terry-bathrobe-in-stock\/","title":{"rendered":"Peignoir de bain en coton \u00e9ponge blanc \u00e0 col ch\u00e2le, taille personnalis\u00e9e, 100%, en stock"},"content":{"rendered":"<ul>\n<li><strong>Genre : <\/strong> Femmes<\/li>\n<li><strong>Mod\u00e8le : <\/strong> Solide<\/li>\n<li><strong>Encolure : <\/strong> col en V<\/li>\n<li><strong>Longueur : <\/strong> Full Length<\/li>\n<li><strong>Saison : <\/strong> Hiver, \u00e9t\u00e9, printemps, automne<\/li>\n<li><strong>Longueur des manches : <\/strong> Complet<\/li>\n<li><strong>D\u00e9lai de commande d&#039;\u00e9chantillon de 7 jours : <\/strong> Soutien<\/li>\n<li><strong>M\u00e9thode de tissage : <\/strong> tiss\u00e9<\/li>\n<li><strong>Type d&#039;alimentation : <\/strong> ODM<\/li>\n<li><strong>Mat\u00e9riel : <\/strong> 100% Cotton, 100% cotton<\/li>\n<li><strong>Type de tissu : <\/strong> Waffle<\/li>\n<li><strong>Technique : <\/strong> brod\u00e9<\/li>\n<li><strong>Fonctionnalit\u00e9 : <\/strong> S\u00e9chage rapide, thermique, respirant, grande taille<\/li>\n<li><strong>Lieu d&#039;origine : <\/strong> Jiangsu, Chine<\/li>\n<li><strong>Nom de marque : <\/strong> GT<\/li>\n<li><strong>Type d&#039;article : <\/strong> Robes<\/li>\n<li><strong>Nom du produit : <\/strong> terry bathrobe<\/li>\n<li><strong>Poids : <\/strong> 1100g around<\/li>\n<li><strong>Taille : <\/strong> M-L<\/li>\n<li><strong>Quantit\u00e9 minimale de commande : <\/strong> 30 pcs<\/li>\n<li><strong>Collar type : <\/strong> shawl<\/li>\n<li><strong>OEM : <\/strong> Acceptable<\/li>\n<li><strong>D\u00e9lai de livraison : <\/strong> 5 \u00e0 7 jours<\/li>\n<li><strong>Conditions de paiement : <\/strong> 100% deposit by Ali Trade Assurance<\/li>\n<\/ul>","protected":false},"excerpt":{"rendered":"<p>Genre : Femme Motif : Uni Encolure : Col en V Longueur : Pleine longueur Saison : Hiver, \u00c9t\u00e9, Printemps, Automne Manche<\/p>","protected":false},"featured_media":175085,"comment_status":"open","ping_status":"closed","template":"","meta":[],"product_brand":[],"product_cat":[30927,30941],"product_tag":[],"class_list":{"0":"post-175086","1":"product","2":"type-product","3":"status-publish","4":"has-post-thumbnail","6":"product_cat-bath","7":"product_cat-hotel-robes-slippers","9":"first","10":"instock","11":"taxable","12":"shipping-taxable","13":"purchasable","14":"product-type-variable"},"_links":{"self":[{"href":"https:\/\/nexgendecors.com\/fr\/wp-json\/wp\/v2\/product\/175086","targetHints":{"allow":["GET"]}}],"collection":[{"href":"https:\/\/nexgendecors.com\/fr\/wp-json\/wp\/v2\/product"}],"about":[{"href":"https:\/\/nexgendecors.com\/fr\/wp-json\/wp\/v2\/types\/product"}],"replies":[{"embeddable":true,"href":"https:\/\/nexgendecors.com\/fr\/wp-json\/wp\/v2\/comments?post=175086"}],"version-history":[{"count":0,"href":"https:\/\/nexgendecors.com\/fr\/wp-json\/wp\/v2\/product\/175086\/revisions"}],"wp:featuredmedia":[{"embeddable":true,"href":"https:\/\/nexgendecors.com\/fr\/wp-json\/wp\/v2\/media\/175085"}],"wp:attachment":[{"href":"https:\/\/nexgendecors.com\/fr\/wp-json\/wp\/v2\/media?parent=175086"}],"wp:term":[{"taxonomy":"product_brand","embeddable":true,"href":"https:\/\/nexgendecors.com\/fr\/wp-json\/wp\/v2\/product_brand?post=175086"},{"taxonomy":"product_cat","embeddable":true,"href":"https:\/\/nexgendecors.com\/fr\/wp-json\/wp\/v2\/product_cat?post=175086"},{"taxonomy":"product_tag","embeddable":true,"href":"https:\/\/nexgendecors.com\/fr\/wp-json\/wp\/v2\/product_tag?post=175086"}],"curies":[{"name":"wp","href":"https:\/\/api.w.org\/{rel}","templated":true}]}}