{"id":175145,"date":"2025-02-25T16:53:26","date_gmt":"2025-02-25T16:53:26","guid":{"rendered":"https:\/\/nexgendecors.com\/en\/product\/wholesale-kids-spa-robes-boys-girls-animal-hooded-100-cotton-kids-children-bathrobe\/"},"modified":"2025-04-06T10:35:29","modified_gmt":"2025-04-06T10:35:29","slug":"wholesale-kids-spa-robes-boys-girls-animal-hooded-100-cotton-kids-children-bathrobe","status":"publish","type":"product","link":"https:\/\/nexgendecors.com\/fr\/product\/wholesale-kids-spa-robes-boys-girls-animal-hooded-100-cotton-kids-children-bathrobe\/","title":{"rendered":"Vente en gros de peignoirs de spa pour enfants, gar\u00e7ons et filles, \u00e0 capuche, motif animal, 100%, en coton, pour enfants"},"content":{"rendered":"<ul>\n<li><strong>Lieu d&#039;origine : <\/strong> Jiangsu, Chine<\/li>\n<li><strong>Nom de marque : <\/strong> GT<\/li>\n<li><strong>Type de tissu : <\/strong> Terry, Velour<\/li>\n<li><strong>Fonctionnalit\u00e9 : <\/strong> Breathable, Quick Dry<\/li>\n<li><strong>Type d&#039;alimentation : <\/strong> ODM, OEM service, In-Stock Items, OEM service<\/li>\n<li><strong>Available Quantity : <\/strong> 500<\/li>\n<li><strong>Mat\u00e9riel : <\/strong> Coton 100%<\/li>\n<li><strong>Technics : <\/strong> Printed, Plain Dyed<\/li>\n<li><strong>Saison : <\/strong> All season<\/li>\n<li><strong>Type d&#039;article : <\/strong> Robes, Robes<\/li>\n<li><strong>Type de motif : <\/strong> Solide<\/li>\n<li><strong>D\u00e9lai de commande d&#039;\u00e9chantillon de 7 jours : <\/strong> Soutien<\/li>\n<li><strong>Kids bathrobe style : <\/strong> personalized<\/li>\n<li><strong>Service : <\/strong> OEM, Private Label<\/li>\n<li><strong>Children&#8217;s bathrobe fabric : <\/strong> Coton 100%<\/li>\n<li><strong>Tranche d&#039;\u00e2ge : <\/strong> Children and kids<\/li>\n<li><strong>Children&#8217;s bathrobe MOQ : <\/strong> 100 pcs<\/li>\n<li><strong>Children&#8217;s bathrobe surface : <\/strong> Doux et confortable<\/li>\n<\/ul>","protected":false},"excerpt":{"rendered":"<p>Lieu d&#039;origine : Jiangsu, Chine Nom de marque : GT Type de tissu : \u00c9ponge, velours Caract\u00e9ristique : Respirant, s\u00e9chage rapide<\/p>","protected":false},"featured_media":175147,"comment_status":"open","ping_status":"closed","template":"","meta":[],"product_brand":[],"product_cat":[30927,30941],"product_tag":[],"class_list":{"0":"post-175145","1":"product","2":"type-product","3":"status-publish","4":"has-post-thumbnail","6":"product_cat-bath","7":"product_cat-hotel-robes-slippers","9":"first","10":"instock","11":"taxable","12":"shipping-taxable","13":"purchasable","14":"product-type-variable"},"_links":{"self":[{"href":"https:\/\/nexgendecors.com\/fr\/wp-json\/wp\/v2\/product\/175145","targetHints":{"allow":["GET"]}}],"collection":[{"href":"https:\/\/nexgendecors.com\/fr\/wp-json\/wp\/v2\/product"}],"about":[{"href":"https:\/\/nexgendecors.com\/fr\/wp-json\/wp\/v2\/types\/product"}],"replies":[{"embeddable":true,"href":"https:\/\/nexgendecors.com\/fr\/wp-json\/wp\/v2\/comments?post=175145"}],"version-history":[{"count":0,"href":"https:\/\/nexgendecors.com\/fr\/wp-json\/wp\/v2\/product\/175145\/revisions"}],"wp:featuredmedia":[{"embeddable":true,"href":"https:\/\/nexgendecors.com\/fr\/wp-json\/wp\/v2\/media\/175147"}],"wp:attachment":[{"href":"https:\/\/nexgendecors.com\/fr\/wp-json\/wp\/v2\/media?parent=175145"}],"wp:term":[{"taxonomy":"product_brand","embeddable":true,"href":"https:\/\/nexgendecors.com\/fr\/wp-json\/wp\/v2\/product_brand?post=175145"},{"taxonomy":"product_cat","embeddable":true,"href":"https:\/\/nexgendecors.com\/fr\/wp-json\/wp\/v2\/product_cat?post=175145"},{"taxonomy":"product_tag","embeddable":true,"href":"https:\/\/nexgendecors.com\/fr\/wp-json\/wp\/v2\/product_tag?post=175145"}],"curies":[{"name":"wp","href":"https:\/\/api.w.org\/{rel}","templated":true}]}}