{"id":175170,"date":"2025-02-25T16:54:49","date_gmt":"2025-02-25T16:54:49","guid":{"rendered":"https:\/\/nexgendecors.com\/en\/product\/hot-selling-cheap-terry-shawl-bathrobe-for-spa-and-hotel\/"},"modified":"2025-04-06T10:35:59","modified_gmt":"2025-04-06T10:35:59","slug":"hot-selling-cheap-terry-shawl-bathrobe-for-spa-and-hotel","status":"publish","type":"product","link":"https:\/\/nexgendecors.com\/fr\/product\/hot-selling-cheap-terry-shawl-bathrobe-for-spa-and-hotel\/","title":{"rendered":"Peignoir ch\u00e2le en \u00e9ponge bon march\u00e9 pour spa et h\u00f4tel"},"content":{"rendered":"<ul>\n<li><strong>Lieu d&#039;origine : <\/strong> Jiangsu, Chine<\/li>\n<li><strong>Nom de marque : <\/strong> GT<\/li>\n<li><strong>Tranche d&#039;\u00e2ge : <\/strong> Adultes<\/li>\n<li><strong>Type de tissu : <\/strong> Terry<\/li>\n<li><strong>Fonctionnalit\u00e9 : <\/strong> Thermal, Breathable, Plus Size<\/li>\n<li><strong>Type d&#039;alimentation : <\/strong> In-Stock Items<\/li>\n<li><strong>Printing Methods : <\/strong> Puff Printing<\/li>\n<li><strong>Mat\u00e9riel : <\/strong> 100% Cotton, 100% cotton<\/li>\n<li><strong>Technics : <\/strong> brod\u00e9<\/li>\n<li><strong>Saison : <\/strong> All, Four Seasons<\/li>\n<li><strong>Type d&#039;article : <\/strong> Robes<\/li>\n<li><strong>Type de motif : <\/strong> Solide<\/li>\n<li><strong>Collar : <\/strong> col en V<\/li>\n<li><strong>Closure Type : <\/strong> cordon de serrage<\/li>\n<li><strong>Longueur : <\/strong> Full Length<\/li>\n<li><strong>Sleeve Lengthcm : <\/strong> Complet<\/li>\n<li><strong>D\u00e9lai de commande d&#039;\u00e9chantillon de 7 jours : <\/strong> Soutien<\/li>\n<li><strong>Nom du produit : <\/strong> bathrobe<\/li>\n<li><strong>Tissu : <\/strong> terry<\/li>\n<li><strong>Genre : <\/strong> women and men<\/li>\n<li><strong>Taille : <\/strong> M\/L\/XL\/XXL<\/li>\n<li><strong>Quantit\u00e9 minimale de commande : <\/strong> 50 PCS<\/li>\n<li><strong>Application : <\/strong> hotel, hospital, spa, home<\/li>\n<li><strong>Dur\u00e9e de l&#039;\u00e9chantillon : <\/strong> 3-7 days<\/li>\n<li><strong>Conditions de paiement : <\/strong> 30% deposit by T\/T, Ali trade assurance<\/li>\n<\/ul>","protected":false},"excerpt":{"rendered":"<p>Lieu d&#039;origine : Jiangsu, Chine Nom de la marque : GT Groupe d&#039;\u00e2ge : Adultes Type de tissu : Terry Caract\u00e9ristique :<\/p>","protected":false},"featured_media":175169,"comment_status":"open","ping_status":"closed","template":"","meta":[],"product_brand":[],"product_cat":[30927,30941],"product_tag":[],"class_list":{"0":"post-175170","1":"product","2":"type-product","3":"status-publish","4":"has-post-thumbnail","6":"product_cat-bath","7":"product_cat-hotel-robes-slippers","9":"first","10":"instock","11":"taxable","12":"shipping-taxable","13":"purchasable","14":"product-type-variable"},"_links":{"self":[{"href":"https:\/\/nexgendecors.com\/fr\/wp-json\/wp\/v2\/product\/175170","targetHints":{"allow":["GET"]}}],"collection":[{"href":"https:\/\/nexgendecors.com\/fr\/wp-json\/wp\/v2\/product"}],"about":[{"href":"https:\/\/nexgendecors.com\/fr\/wp-json\/wp\/v2\/types\/product"}],"replies":[{"embeddable":true,"href":"https:\/\/nexgendecors.com\/fr\/wp-json\/wp\/v2\/comments?post=175170"}],"version-history":[{"count":0,"href":"https:\/\/nexgendecors.com\/fr\/wp-json\/wp\/v2\/product\/175170\/revisions"}],"wp:featuredmedia":[{"embeddable":true,"href":"https:\/\/nexgendecors.com\/fr\/wp-json\/wp\/v2\/media\/175169"}],"wp:attachment":[{"href":"https:\/\/nexgendecors.com\/fr\/wp-json\/wp\/v2\/media?parent=175170"}],"wp:term":[{"taxonomy":"product_brand","embeddable":true,"href":"https:\/\/nexgendecors.com\/fr\/wp-json\/wp\/v2\/product_brand?post=175170"},{"taxonomy":"product_cat","embeddable":true,"href":"https:\/\/nexgendecors.com\/fr\/wp-json\/wp\/v2\/product_cat?post=175170"},{"taxonomy":"product_tag","embeddable":true,"href":"https:\/\/nexgendecors.com\/fr\/wp-json\/wp\/v2\/product_tag?post=175170"}],"curies":[{"name":"wp","href":"https:\/\/api.w.org\/{rel}","templated":true}]}}