{"id":175200,"date":"2025-02-25T16:55:40","date_gmt":"2025-02-25T16:55:40","guid":{"rendered":"https:\/\/nexgendecors.com\/en\/product\/100-cotton-white-plain-velour-four-stars-hotel-bath-robe\/"},"modified":"2025-04-06T10:36:19","modified_gmt":"2025-04-06T10:36:19","slug":"100-cotton-white-plain-velour-four-stars-hotel-bath-robe","status":"publish","type":"product","link":"https:\/\/nexgendecors.com\/fr\/product\/100-cotton-white-plain-velour-four-stars-hotel-bath-robe\/","title":{"rendered":"Peignoir de bain en coton blanc uni et velours pour h\u00f4tel quatre \u00e9toiles 100%"},"content":{"rendered":"<ul>\n<li><strong>Lieu d&#039;origine : <\/strong> Jiangsu, Chine<\/li>\n<li><strong>Nom de marque : <\/strong> TEXTILE G\u00c9N\u00c9RAL<\/li>\n<li><strong>Num\u00e9ro de mod\u00e8le : <\/strong> JRNP100<\/li>\n<li><strong>Type de tissu : <\/strong> Velours<\/li>\n<li><strong>Fonctionnalit\u00e9 : <\/strong> soft,good touching<\/li>\n<li><strong>Type d&#039;alimentation : <\/strong> Service OEM<\/li>\n<li><strong>Mat\u00e9riel : <\/strong> Coton 100%<\/li>\n<li><strong>Technique : <\/strong> brod\u00e9<\/li>\n<li><strong>Genre : <\/strong> Men, Unisex<\/li>\n<li><strong>D\u00e9lai de commande d&#039;\u00e9chantillon de 7 jours : <\/strong> Soutien<\/li>\n<li><strong>M\u00e9thode de tissage : <\/strong> tiss\u00e9<\/li>\n<li><strong>Type d&#039;article : <\/strong> Robes<\/li>\n<li><strong>Mod\u00e8le : <\/strong> Solide<\/li>\n<li><strong>Nom du produit : <\/strong> Bath robe<\/li>\n<li><strong>Quantit\u00e9 minimale de commande : <\/strong> 50 pieces<\/li>\n<li><strong>Conception : <\/strong> Col ch\u00e2le<\/li>\n<li><strong>Couleur : <\/strong> Blanc<\/li>\n<li><strong>Taille : <\/strong> M<\/li>\n<li><strong>OEM : <\/strong> Disponible<\/li>\n<li><strong>Poids : <\/strong> 1300g<\/li>\n<\/ul>","protected":false},"excerpt":{"rendered":"<p>Lieu d&#039;origine : Jiangsu, Chine Nom de la marque : GENERAL TEXTILE Num\u00e9ro de mod\u00e8le : JRNP100 Type de tissu : Velours Caract\u00e9ristique<\/p>","protected":false},"featured_media":175199,"comment_status":"open","ping_status":"closed","template":"","meta":[],"product_brand":[],"product_cat":[30927,30941],"product_tag":[],"class_list":{"0":"post-175200","1":"product","2":"type-product","3":"status-publish","4":"has-post-thumbnail","6":"product_cat-bath","7":"product_cat-hotel-robes-slippers","9":"first","10":"instock","11":"taxable","12":"shipping-taxable","13":"purchasable","14":"product-type-variable"},"_links":{"self":[{"href":"https:\/\/nexgendecors.com\/fr\/wp-json\/wp\/v2\/product\/175200","targetHints":{"allow":["GET"]}}],"collection":[{"href":"https:\/\/nexgendecors.com\/fr\/wp-json\/wp\/v2\/product"}],"about":[{"href":"https:\/\/nexgendecors.com\/fr\/wp-json\/wp\/v2\/types\/product"}],"replies":[{"embeddable":true,"href":"https:\/\/nexgendecors.com\/fr\/wp-json\/wp\/v2\/comments?post=175200"}],"version-history":[{"count":0,"href":"https:\/\/nexgendecors.com\/fr\/wp-json\/wp\/v2\/product\/175200\/revisions"}],"wp:featuredmedia":[{"embeddable":true,"href":"https:\/\/nexgendecors.com\/fr\/wp-json\/wp\/v2\/media\/175199"}],"wp:attachment":[{"href":"https:\/\/nexgendecors.com\/fr\/wp-json\/wp\/v2\/media?parent=175200"}],"wp:term":[{"taxonomy":"product_brand","embeddable":true,"href":"https:\/\/nexgendecors.com\/fr\/wp-json\/wp\/v2\/product_brand?post=175200"},{"taxonomy":"product_cat","embeddable":true,"href":"https:\/\/nexgendecors.com\/fr\/wp-json\/wp\/v2\/product_cat?post=175200"},{"taxonomy":"product_tag","embeddable":true,"href":"https:\/\/nexgendecors.com\/fr\/wp-json\/wp\/v2\/product_tag?post=175200"}],"curies":[{"name":"wp","href":"https:\/\/api.w.org\/{rel}","templated":true}]}}