{"id":175348,"date":"2025-02-25T17:06:07","date_gmt":"2025-02-25T17:06:07","guid":{"rendered":"https:\/\/nexgendecors.com\/en\/product\/cotton-microfibre-thick-warm-blanket-comforter-hotel-duvet-inner\/"},"modified":"2025-04-06T10:38:09","modified_gmt":"2025-04-06T10:38:09","slug":"cotton-microfibre-thick-warm-blanket-comforter-hotel-duvet-inner","status":"publish","type":"product","link":"https:\/\/nexgendecors.com\/fr\/product\/cotton-microfibre-thick-warm-blanket-comforter-hotel-duvet-inner\/","title":{"rendered":"Couverture en coton microfibre, \u00e9paisse et chaude, doudoune h\u00f4tel, int\u00e9rieur de couette"},"content":{"rendered":"<ul>\n<li><strong>saison : <\/strong> Tous les jours<\/li>\n<li><strong>mat\u00e9riel : <\/strong> Coton 100%<\/li>\n<li><strong>mat\u00e9riau de remplissage : <\/strong> 350gsm microfibre<\/li>\n<li><strong>mod\u00e8le : <\/strong> Patchwork<\/li>\n<li><strong>techniques : <\/strong> Stitching<\/li>\n<li><strong>utiliser : <\/strong> Home, Hotel<\/li>\n<li><strong>lieu d&#039;origine : <\/strong> Jiangsu, Chine<\/li>\n<li><strong>nom de marque : <\/strong> TEXTILE G\u00c9N\u00c9RAL<\/li>\n<li><strong>num\u00e9ro de mod\u00e8le : <\/strong> 18JR<\/li>\n<li><strong>fonctionnalit\u00e9 : <\/strong> Hypoallergenic<\/li>\n<li><strong>Nom du produit : <\/strong> Hotel duvet<\/li>\n<li><strong>fabric : <\/strong> Coton 100%<\/li>\n<li><strong>Filling material : <\/strong> 350gsm microfibre<\/li>\n<li><strong>Technique : <\/strong> quilted<\/li>\n<li><strong>Taille : <\/strong> 200*220cm<\/li>\n<li><strong>color : <\/strong> blanc<\/li>\n<li><strong>Quantit\u00e9 minimale de commande : <\/strong> 10 pi\u00e8ces<\/li>\n<li><strong>Utilisation : <\/strong> Home, Hotel<\/li>\n<li><strong>Saison : <\/strong> 4 Seasons<\/li>\n<li><strong>Nom : <\/strong> Cotton Patchwork Quilt<\/li>\n<\/ul>","protected":false},"excerpt":{"rendered":"<p>saison : Tous les jours mati\u00e8re : 100% Tissu coton : 350gsm microfibre motif : Patchwork technique : Couture utilisation :<\/p>","protected":false},"featured_media":175347,"comment_status":"open","ping_status":"closed","template":"","meta":[],"product_brand":[],"product_cat":[30926,30951,30952],"product_tag":[],"class_list":{"0":"post-175348","1":"product","2":"type-product","3":"status-publish","4":"has-post-thumbnail","6":"product_cat-bedding","7":"product_cat-hotel-bedding","8":"product_cat-hotel-blanket-cover","10":"first","11":"instock","12":"taxable","13":"shipping-taxable","14":"purchasable","15":"product-type-variable"},"_links":{"self":[{"href":"https:\/\/nexgendecors.com\/fr\/wp-json\/wp\/v2\/product\/175348","targetHints":{"allow":["GET"]}}],"collection":[{"href":"https:\/\/nexgendecors.com\/fr\/wp-json\/wp\/v2\/product"}],"about":[{"href":"https:\/\/nexgendecors.com\/fr\/wp-json\/wp\/v2\/types\/product"}],"replies":[{"embeddable":true,"href":"https:\/\/nexgendecors.com\/fr\/wp-json\/wp\/v2\/comments?post=175348"}],"version-history":[{"count":0,"href":"https:\/\/nexgendecors.com\/fr\/wp-json\/wp\/v2\/product\/175348\/revisions"}],"wp:featuredmedia":[{"embeddable":true,"href":"https:\/\/nexgendecors.com\/fr\/wp-json\/wp\/v2\/media\/175347"}],"wp:attachment":[{"href":"https:\/\/nexgendecors.com\/fr\/wp-json\/wp\/v2\/media?parent=175348"}],"wp:term":[{"taxonomy":"product_brand","embeddable":true,"href":"https:\/\/nexgendecors.com\/fr\/wp-json\/wp\/v2\/product_brand?post=175348"},{"taxonomy":"product_cat","embeddable":true,"href":"https:\/\/nexgendecors.com\/fr\/wp-json\/wp\/v2\/product_cat?post=175348"},{"taxonomy":"product_tag","embeddable":true,"href":"https:\/\/nexgendecors.com\/fr\/wp-json\/wp\/v2\/product_tag?post=175348"}],"curies":[{"name":"wp","href":"https:\/\/api.w.org\/{rel}","templated":true}]}}