{"id":175387,"date":"2025-02-25T17:07:57","date_gmt":"2025-02-25T17:07:57","guid":{"rendered":"https:\/\/nexgendecors.com\/en\/product\/cheap-wholesale-100-microfiber-fabric-700g-polyester-pillow-insert-hotel-collection-bed-pillows-for-sleeping\/"},"modified":"2025-04-06T10:38:19","modified_gmt":"2025-04-06T10:38:19","slug":"cheap-wholesale-100-microfiber-fabric-700g-polyester-pillow-insert-hotel-collection-bed-pillows-for-sleeping","status":"publish","type":"product","link":"https:\/\/nexgendecors.com\/fr\/product\/cheap-wholesale-100-microfiber-fabric-700g-polyester-pillow-insert-hotel-collection-bed-pillows-for-sleeping\/","title":{"rendered":"Oreiller en microfibre 100% 700 g, en polyester, bon march\u00e9, pour dormir, collection h\u00f4teli\u00e8re"},"content":{"rendered":"<ul>\n<li><strong>lieu d&#039;origine : <\/strong> Jiangsu, Chine<\/li>\n<li><strong>nom de marque : <\/strong> JR<\/li>\n<li><strong>num\u00e9ro de mod\u00e8le : <\/strong> JRP01<\/li>\n<li><strong>cover material : <\/strong> Coton 100%<\/li>\n<li><strong>mat\u00e9riau de remplissage : <\/strong> Down<\/li>\n<li><strong>forme : <\/strong> Rectangle<\/li>\n<li><strong>mod\u00e8le : <\/strong> Solide<\/li>\n<li><strong>part : <\/strong> NECK<\/li>\n<li><strong>est_personnalis\u00e9 : <\/strong> Oui<\/li>\n<li><strong>Fabric Count : <\/strong> 40<\/li>\n<li><strong>Nombre de fils : <\/strong> 200TC<\/li>\n<li><strong>Utiliser : <\/strong> Bedding<\/li>\n<li><strong>Tissu : <\/strong> blend cotton<\/li>\n<li><strong>Remplissage : <\/strong> 700g hollow fibe\/ polyester<\/li>\n<li><strong>Taille : <\/strong> 45cm*75cm<\/li>\n<li><strong>Poids : <\/strong> 800g<\/li>\n<li><strong>Standard : <\/strong> 3 \u00e9toiles<\/li>\n<li><strong>Application : <\/strong> hotel, home, hospital, apartment, dormitory<\/li>\n<li><strong>Quantit\u00e9 minimale de commande : <\/strong> 100 pi\u00e8ces<\/li>\n<li><strong>Conditions de paiement : <\/strong> 30% deposit by T\/T, Ali Trade Assurance<\/li>\n<li><strong>Holiday : <\/strong> Father&#8217;s Day, Christmas, Thanksgiving, Halloween<\/li>\n<li><strong>Saison : <\/strong> Toutes saisons<\/li>\n<li><strong>Room Space : <\/strong> Bedroom, Dorm Room<\/li>\n<\/ul>","protected":false},"excerpt":{"rendered":"<p>Lieu d&#039;origine : Jiangsu, Chine Nom de marque : JR Num\u00e9ro de mod\u00e8le : JRP01 Mat\u00e9riau de la housse : 100% Rembourrage en coton<\/p>","protected":false},"featured_media":175389,"comment_status":"open","ping_status":"closed","template":"","meta":[],"product_brand":[],"product_cat":[30926,30951,30954],"product_tag":[],"class_list":{"0":"post-175387","1":"product","2":"type-product","3":"status-publish","4":"has-post-thumbnail","6":"product_cat-bedding","7":"product_cat-hotel-bedding","8":"product_cat-hotel-pillows-and-covers","10":"first","11":"instock","12":"taxable","13":"shipping-taxable","14":"purchasable","15":"product-type-variable"},"_links":{"self":[{"href":"https:\/\/nexgendecors.com\/fr\/wp-json\/wp\/v2\/product\/175387","targetHints":{"allow":["GET"]}}],"collection":[{"href":"https:\/\/nexgendecors.com\/fr\/wp-json\/wp\/v2\/product"}],"about":[{"href":"https:\/\/nexgendecors.com\/fr\/wp-json\/wp\/v2\/types\/product"}],"replies":[{"embeddable":true,"href":"https:\/\/nexgendecors.com\/fr\/wp-json\/wp\/v2\/comments?post=175387"}],"version-history":[{"count":0,"href":"https:\/\/nexgendecors.com\/fr\/wp-json\/wp\/v2\/product\/175387\/revisions"}],"wp:featuredmedia":[{"embeddable":true,"href":"https:\/\/nexgendecors.com\/fr\/wp-json\/wp\/v2\/media\/175389"}],"wp:attachment":[{"href":"https:\/\/nexgendecors.com\/fr\/wp-json\/wp\/v2\/media?parent=175387"}],"wp:term":[{"taxonomy":"product_brand","embeddable":true,"href":"https:\/\/nexgendecors.com\/fr\/wp-json\/wp\/v2\/product_brand?post=175387"},{"taxonomy":"product_cat","embeddable":true,"href":"https:\/\/nexgendecors.com\/fr\/wp-json\/wp\/v2\/product_cat?post=175387"},{"taxonomy":"product_tag","embeddable":true,"href":"https:\/\/nexgendecors.com\/fr\/wp-json\/wp\/v2\/product_tag?post=175387"}],"curies":[{"name":"wp","href":"https:\/\/api.w.org\/{rel}","templated":true}]}}