{"id":175395,"date":"2025-02-25T17:08:12","date_gmt":"2025-02-25T17:08:12","guid":{"rendered":"https:\/\/nexgendecors.com\/en\/product\/carefully-crafted-zero-defect-white-polyester-microfiber-hotel-collection-bed-pillows-for-sleeping\/"},"modified":"2025-04-06T10:38:21","modified_gmt":"2025-04-06T10:38:21","slug":"carefully-crafted-zero-defect-white-polyester-microfiber-hotel-collection-bed-pillows-for-sleeping","status":"publish","type":"product","link":"https:\/\/nexgendecors.com\/fr\/product\/carefully-crafted-zero-defect-white-polyester-microfiber-hotel-collection-bed-pillows-for-sleeping\/","title":{"rendered":"Oreillers de lit en microfibre polyester blanc de la collection Hotel, fabriqu\u00e9s avec soin et sans d\u00e9faut, pour le sommeil"},"content":{"rendered":"<ul>\n<li><strong>lieu d&#039;origine : <\/strong> Jiangsu, Chine<\/li>\n<li><strong>nom de marque : <\/strong> JR<\/li>\n<li><strong>num\u00e9ro de mod\u00e8le : <\/strong> JRP01<\/li>\n<li><strong>cover material : <\/strong> Coton 100%<\/li>\n<li><strong>mat\u00e9riau de remplissage : <\/strong> Microfibre<\/li>\n<li><strong>forme : <\/strong> Rectangle<\/li>\n<li><strong>part : <\/strong> NECK<\/li>\n<li><strong>est_personnalis\u00e9 : <\/strong> Oui<\/li>\n<li><strong>Fabric Count : <\/strong> 40, 40<\/li>\n<li><strong>Nombre de fils : <\/strong> 200TC, 200TC<\/li>\n<li><strong>poids : <\/strong> 1-1.5 Kg<\/li>\n<li><strong>Grade : <\/strong> Cat\u00e9gorie A<\/li>\n<li><strong>Utiliser : <\/strong> Bedding<\/li>\n<li><strong>Nom du produit : <\/strong> Hotel Pillow<\/li>\n<li><strong>Hotel Pillow Usage : <\/strong> Hotel Bed Sleeping<\/li>\n<li><strong>Hotel Pillow Size : <\/strong> 45*75cm\/50*80cm\/60*90cm<\/li>\n<li><strong>Hotel Pillow Material : <\/strong> 100% cotton fabric+microfiber filling<\/li>\n<li><strong>Hotel Pillow Fabric : <\/strong> 40S*40S\/133*100<\/li>\n<li><strong>Hotel Pillow Technics : <\/strong> stitching<\/li>\n<\/ul>","protected":false},"excerpt":{"rendered":"<p>Lieu d&#039;origine : Jiangsu, Chine Nom de marque : JR Num\u00e9ro de mod\u00e8le : JRP01 Mat\u00e9riau de la housse : 100% Rembourrage en coton<\/p>","protected":false},"featured_media":175394,"comment_status":"open","ping_status":"closed","template":"","meta":[],"product_brand":[],"product_cat":[30926,30951,30954],"product_tag":[],"class_list":{"0":"post-175395","1":"product","2":"type-product","3":"status-publish","4":"has-post-thumbnail","6":"product_cat-bedding","7":"product_cat-hotel-bedding","8":"product_cat-hotel-pillows-and-covers","10":"first","11":"instock","12":"taxable","13":"shipping-taxable","14":"purchasable","15":"product-type-variable"},"_links":{"self":[{"href":"https:\/\/nexgendecors.com\/fr\/wp-json\/wp\/v2\/product\/175395","targetHints":{"allow":["GET"]}}],"collection":[{"href":"https:\/\/nexgendecors.com\/fr\/wp-json\/wp\/v2\/product"}],"about":[{"href":"https:\/\/nexgendecors.com\/fr\/wp-json\/wp\/v2\/types\/product"}],"replies":[{"embeddable":true,"href":"https:\/\/nexgendecors.com\/fr\/wp-json\/wp\/v2\/comments?post=175395"}],"version-history":[{"count":0,"href":"https:\/\/nexgendecors.com\/fr\/wp-json\/wp\/v2\/product\/175395\/revisions"}],"wp:featuredmedia":[{"embeddable":true,"href":"https:\/\/nexgendecors.com\/fr\/wp-json\/wp\/v2\/media\/175394"}],"wp:attachment":[{"href":"https:\/\/nexgendecors.com\/fr\/wp-json\/wp\/v2\/media?parent=175395"}],"wp:term":[{"taxonomy":"product_brand","embeddable":true,"href":"https:\/\/nexgendecors.com\/fr\/wp-json\/wp\/v2\/product_brand?post=175395"},{"taxonomy":"product_cat","embeddable":true,"href":"https:\/\/nexgendecors.com\/fr\/wp-json\/wp\/v2\/product_cat?post=175395"},{"taxonomy":"product_tag","embeddable":true,"href":"https:\/\/nexgendecors.com\/fr\/wp-json\/wp\/v2\/product_tag?post=175395"}],"curies":[{"name":"wp","href":"https:\/\/api.w.org\/{rel}","templated":true}]}}