{"id":17566,"date":"2025-01-13T14:23:06","date_gmt":"2025-01-13T14:23:06","guid":{"rendered":"https:\/\/nexgendecors.com\/product\/yanasuo-pmma-artificial-stone-bathtub-home-independent-integrated-double-net-red-hotel-homestay-goose-egg-shaped-bathtub\/"},"modified":"2025-04-06T07:40:30","modified_gmt":"2025-04-06T07:40:30","slug":"yanasuo-pmma-artificial-stone-bathtub-home-independent-integrated-double-net-red-hotel-homestay-goose-egg-shaped-bathtub","status":"publish","type":"product","link":"https:\/\/nexgendecors.com\/fr\/product\/yanasuo-pmma-artificial-stone-bathtub-home-independent-integrated-double-net-red-hotel-homestay-goose-egg-shaped-bathtub\/","title":{"rendered":"Baignoire Yanasuo en PMMA en forme d&#039;\u0153uf pour la maison et les h\u00f4tels"},"content":{"rendered":"<ul>\n<li>\n<strong>marque<\/strong>:YANASO\/Yanaso (mat\u00e9riau principal de la d\u00e9coration de la maison)<\/li>\n<li>\n<strong>mod\u00e8le<\/strong>:YNS8608<\/li>\n<li>\n<strong>forme<\/strong>:D\u00e9tach\u00e9<\/li>\n<li>\n<strong>Origine<\/strong>:Chine continentale<\/li>\n<li>\n<strong>province<\/strong>:Province du Guangdong<\/li>\n<li>\n<strong>ville<\/strong>:Huizhou<\/li>\n<li>\n<strong>Est-ce qu&#039;il contient un robinet ?<\/strong>:Non inclus<\/li>\n<li>\n<strong>longueur<\/strong>:1,3m 1,4m 1,5m 1,6m 1,7m 1,8m<\/li>\n<li>\n<strong>Mat\u00e9riel<\/strong>:man made rock<\/li>\n<li>\n<strong>Y a-t-il des mains courantes ?<\/strong>:Non<\/li>\n<li>\n<strong>capacit\u00e9<\/strong>:100L<\/li>\n<li>\n<strong>Service en ville<\/strong>:Livraison porte-\u00e0-porte logistique intra-urbaine<\/li>\n<li>\n<strong>trier par couleur<\/strong>:Standard artificial stone [thin edge] matte white + drainage accessories + overflow standard artificial stone [thin edge] glossy white + drain + drain pipe + overflow standard artificial stone [thin edge] matte black outside and white inside + drain + drain + overflow standard artificial stone [thin edge] matte pink + drain + drain + overflow + overflow standard artificial stone [thin edge] matte gray + drain + drain + overflow + overflow standard artificial stone [thin edge] matte black + drain + drain + overflow + overflow standard artificial stone [thin edge] matte red + drain + drain + overflow + overflow standard artificial stone [thin edge] matte orange + drain + drain + overflow + overflow standard artificial stone [thin edge] matte dark green + drain + drain + overflow + overflow PMMA artificial stone [thin edge] matte white + drainage accessories + overflow PMMA artificial stone [thin edge] glossy white + drainage accessories + overflow standard Stone [thick edge] matte white + drain + drain pipe + overflow standard artificial stone [thick edge] glossy white + drain + drain pipe + overflow standard artificial stone [thick edge] matte outer black and inner white + drain + drain pipe + overflow standard artificial stone [thick edge] matte gray + drain + drain pipe + overflow standard artificial stone [thick edge] matte black + drain + drain pipe + overflow standard artificial stone [thick edge] matte pink + drain + drain pipe + overflow standard artificial stone [thick edge] matte orange + drain + drain pipe + overflow standard artificial stone [thick edge] matte red + drain + drain pipe + overflow standard artificial stone [thick edge] matte dark green + drain + drain pipe + overflow PMMA artificial stone [thick edge] matte white + drainage accessories + overflow PMMA artificial stone [thick edge] glossy white + drainage accessories + overflow color customization<\/li>\n<li>\n<strong><\/strong>:<\/li>\n<\/ul>\n<p><img><\/p>","protected":false},"excerpt":{"rendered":"<p>Marque : YANASO\/Yanaso (mat\u00e9riau principal de d\u00e9coration int\u00e9rieure) Mod\u00e8le : YNS8608 Forme : D\u00e9tach\u00e9e Origine : Chine continentale Province : Province du Guangdong Ville : Huizhou Contient-il un robinet ? : Non inclus Longueur : 1,3 m 1,4 m<\/p>","protected":false},"featured_media":18959,"comment_status":"open","ping_status":"closed","template":"","meta":[],"product_brand":[],"product_cat":[30971,869],"product_tag":[],"class_list":{"0":"post-17566","1":"product","2":"type-product","3":"status-publish","4":"has-post-thumbnail","6":"product_cat-hp","7":"product_cat-wholesale-bathtub","9":"first","10":"instock","11":"taxable","12":"shipping-taxable","13":"purchasable","14":"product-type-variable"},"_links":{"self":[{"href":"https:\/\/nexgendecors.com\/fr\/wp-json\/wp\/v2\/product\/17566","targetHints":{"allow":["GET"]}}],"collection":[{"href":"https:\/\/nexgendecors.com\/fr\/wp-json\/wp\/v2\/product"}],"about":[{"href":"https:\/\/nexgendecors.com\/fr\/wp-json\/wp\/v2\/types\/product"}],"replies":[{"embeddable":true,"href":"https:\/\/nexgendecors.com\/fr\/wp-json\/wp\/v2\/comments?post=17566"}],"version-history":[{"count":0,"href":"https:\/\/nexgendecors.com\/fr\/wp-json\/wp\/v2\/product\/17566\/revisions"}],"wp:featuredmedia":[{"embeddable":true,"href":"https:\/\/nexgendecors.com\/fr\/wp-json\/wp\/v2\/media\/18959"}],"wp:attachment":[{"href":"https:\/\/nexgendecors.com\/fr\/wp-json\/wp\/v2\/media?parent=17566"}],"wp:term":[{"taxonomy":"product_brand","embeddable":true,"href":"https:\/\/nexgendecors.com\/fr\/wp-json\/wp\/v2\/product_brand?post=17566"},{"taxonomy":"product_cat","embeddable":true,"href":"https:\/\/nexgendecors.com\/fr\/wp-json\/wp\/v2\/product_cat?post=17566"},{"taxonomy":"product_tag","embeddable":true,"href":"https:\/\/nexgendecors.com\/fr\/wp-json\/wp\/v2\/product_tag?post=17566"}],"curies":[{"name":"wp","href":"https:\/\/api.w.org\/{rel}","templated":true}]}}