{"id":175883,"date":"2025-02-26T03:37:18","date_gmt":"2025-02-26T03:37:18","guid":{"rendered":"https:\/\/nexgendecors.com\/en\/product\/custom-logo-free-spa-women-super-absorbent-quick-dry-towel-salon-wrap-cotton-hair-towels-spa-towel\/"},"modified":"2025-04-06T10:39:50","modified_gmt":"2025-04-06T10:39:50","slug":"serviette-de-spa-super-absorbante-a-sechage-rapide-pour-femmes-logo-personnalise-gratuit-serviette-de-salon-en-coton-pour-cheveux-serviette-de-spa","status":"publish","type":"product","link":"https:\/\/nexgendecors.com\/fr\/product\/serviette-de-spa-super-absorbante-a-sechage-rapide-pour-femmes-logo-personnalise-gratuit-serviette-de-salon-en-coton-pour-cheveux-serviette-de-spa\/","title":{"rendered":"Serviette de spa super absorbante \u00e0 s\u00e9chage rapide pour femmes, avec logo personnalis\u00e9, en coton, pour salon de coiffure"},"content":{"rendered":"<ul>\n<li><strong>mod\u00e8le : <\/strong> Couleur unie<\/li>\n<li><strong>techniques : <\/strong> tiss\u00e9<\/li>\n<li><strong>forme : <\/strong> Rectangle<\/li>\n<li><strong>application : <\/strong> Spa\/Salon\/H\u00f4tel<\/li>\n<li><strong>fonctionnalit\u00e9 : <\/strong> Antimicrobien, bonne douceur, bonne tenue des couleurs, bonne absorption d&#039;eau<\/li>\n<li><strong>nom de marque : <\/strong> FAP<\/li>\n<li><strong>lieu d&#039;origine : <\/strong> Shanghai, Chine<\/li>\n<li><strong>num\u00e9ro de mod\u00e8le : <\/strong> 62103<\/li>\n<li><strong>mat\u00e9riel : <\/strong> Microfibre<\/li>\n<li><strong>tranche d&#039;\u00e2ge : <\/strong> Adulte<\/li>\n<li><strong>Nom du produit : <\/strong> Serviette de bain spa en microfibre avec logo personnalis\u00e9<\/li>\n<li><strong>Utilisation : <\/strong> Accueil H\u00f4tel Spa Salon<\/li>\n<li><strong>Tissu : <\/strong> Coton<\/li>\n<li><strong>Couleur : <\/strong> Couleur unie<\/li>\n<li><strong>Taille : <\/strong> 20x70cm \/ 35x75cm \/ 40x80cm \/ 70x140cm \/ 80x190cm<\/li>\n<li><strong>Logo : <\/strong> Broderie<\/li>\n<li><strong>Livraison : <\/strong> 3 \u00e0 7 jours<\/li>\n<li><strong>Quantit\u00e9 minimale de commande : <\/strong> 100 pi\u00e8ces<\/li>\n<li><strong>PAIEMENT : <\/strong> TT.Trade Assurance<\/li>\n<li><strong>Absorption d&#039;eau : <\/strong> Bien<\/li>\n<\/ul>","protected":false},"excerpt":{"rendered":"<p>motif : Couleur unie technique : tiss\u00e9 forme : Rectangle application : Spa\/Salon\/H\u00f4tel caract\u00e9ristiques : Antimicrobien, bonne douceur, bonne r\u00e9sistance des couleurs<\/p>","protected":false},"featured_media":175882,"comment_status":"open","ping_status":"closed","template":"","meta":[],"product_brand":[],"product_cat":[30960],"product_tag":[],"class_list":{"0":"post-175883","1":"product","2":"type-product","3":"status-publish","4":"has-post-thumbnail","6":"product_cat-spa-supplies","8":"first","9":"instock","10":"taxable","11":"shipping-taxable","12":"purchasable","13":"product-type-variable"},"_links":{"self":[{"href":"https:\/\/nexgendecors.com\/fr\/wp-json\/wp\/v2\/product\/175883","targetHints":{"allow":["GET"]}}],"collection":[{"href":"https:\/\/nexgendecors.com\/fr\/wp-json\/wp\/v2\/product"}],"about":[{"href":"https:\/\/nexgendecors.com\/fr\/wp-json\/wp\/v2\/types\/product"}],"replies":[{"embeddable":true,"href":"https:\/\/nexgendecors.com\/fr\/wp-json\/wp\/v2\/comments?post=175883"}],"version-history":[{"count":0,"href":"https:\/\/nexgendecors.com\/fr\/wp-json\/wp\/v2\/product\/175883\/revisions"}],"wp:featuredmedia":[{"embeddable":true,"href":"https:\/\/nexgendecors.com\/fr\/wp-json\/wp\/v2\/media\/175882"}],"wp:attachment":[{"href":"https:\/\/nexgendecors.com\/fr\/wp-json\/wp\/v2\/media?parent=175883"}],"wp:term":[{"taxonomy":"product_brand","embeddable":true,"href":"https:\/\/nexgendecors.com\/fr\/wp-json\/wp\/v2\/product_brand?post=175883"},{"taxonomy":"product_cat","embeddable":true,"href":"https:\/\/nexgendecors.com\/fr\/wp-json\/wp\/v2\/product_cat?post=175883"},{"taxonomy":"product_tag","embeddable":true,"href":"https:\/\/nexgendecors.com\/fr\/wp-json\/wp\/v2\/product_tag?post=175883"}],"curies":[{"name":"wp","href":"https:\/\/api.w.org\/{rel}","templated":true}]}}