{"id":175909,"date":"2025-02-26T03:37:36","date_gmt":"2025-02-26T03:37:36","guid":{"rendered":"https:\/\/nexgendecors.com\/en\/product\/bed-sheet-cotton-spa-facial-bed-cover\/"},"modified":"2025-04-06T10:40:02","modified_gmt":"2025-04-06T10:40:02","slug":"bed-sheet-cotton-spa-facial-bed-cover","status":"publish","type":"product","link":"https:\/\/nexgendecors.com\/fr\/product\/bed-sheet-cotton-spa-facial-bed-cover\/","title":{"rendered":"Drap de lit en coton pour spa et soins du visage"},"content":{"rendered":"<ul>\n<li><strong>type de motif : <\/strong> Plant<\/li>\n<li><strong>nombre de tissus : <\/strong> 40<\/li>\n<li><strong>nombre de fils : <\/strong> 200TC<\/li>\n<li><strong>poids : <\/strong> 110g<\/li>\n<li><strong>Grade : <\/strong> Qualit\u00e9<\/li>\n<li><strong>mat\u00e9riel : <\/strong> Coton 100%<\/li>\n<li><strong>style : <\/strong> Plaine<\/li>\n<li><strong>mod\u00e8le : <\/strong> Teint uni<\/li>\n<li><strong>taper : <\/strong> FLAT SHEET<\/li>\n<li><strong>tranche d&#039;\u00e2ge : <\/strong> Adultes<\/li>\n<li><strong>utiliser : <\/strong> Spa<\/li>\n<li><strong>yarn count : <\/strong> 40s<\/li>\n<li><strong>lieu d&#039;origine : <\/strong> Jiangsu, Chine<\/li>\n<li><strong>nom de marque : <\/strong> FAP<\/li>\n<li><strong>num\u00e9ro de mod\u00e8le : <\/strong> DPFHBS2002<\/li>\n<li><strong>Couleur : <\/strong> Blanc<\/li>\n<li><strong>Taille : <\/strong> Single size<\/li>\n<li><strong>Tissu : <\/strong> Coton 100%<\/li>\n<li><strong>Yarn count : <\/strong> 40S<\/li>\n<li><strong>Thread count : <\/strong> 200TC<\/li>\n<li><strong>Conception : <\/strong> Blanc pur<\/li>\n<li><strong>Poids : <\/strong> 110gsm<\/li>\n<li><strong>Payment terms : <\/strong> Paypal.Western union TT<\/li>\n<li><strong>Quantit\u00e9 minimale de commande : <\/strong> 100 pi\u00e8ces<\/li>\n<li><strong>Emballer : <\/strong> polyester Bag<\/li>\n<\/ul>","protected":false},"excerpt":{"rendered":"<p>type de motif : Plante nombre de fils : 40 nombre de fils : 200TC poids : 110g Qualit\u00e9 : Mat\u00e9riau de qualit\u00e9 :<\/p>","protected":false},"featured_media":175908,"comment_status":"open","ping_status":"closed","template":"","meta":[],"product_brand":[],"product_cat":[30960],"product_tag":[],"class_list":{"0":"post-175909","1":"product","2":"type-product","3":"status-publish","4":"has-post-thumbnail","6":"product_cat-spa-supplies","8":"first","9":"instock","10":"taxable","11":"shipping-taxable","12":"purchasable","13":"product-type-variable"},"_links":{"self":[{"href":"https:\/\/nexgendecors.com\/fr\/wp-json\/wp\/v2\/product\/175909","targetHints":{"allow":["GET"]}}],"collection":[{"href":"https:\/\/nexgendecors.com\/fr\/wp-json\/wp\/v2\/product"}],"about":[{"href":"https:\/\/nexgendecors.com\/fr\/wp-json\/wp\/v2\/types\/product"}],"replies":[{"embeddable":true,"href":"https:\/\/nexgendecors.com\/fr\/wp-json\/wp\/v2\/comments?post=175909"}],"version-history":[{"count":0,"href":"https:\/\/nexgendecors.com\/fr\/wp-json\/wp\/v2\/product\/175909\/revisions"}],"wp:featuredmedia":[{"embeddable":true,"href":"https:\/\/nexgendecors.com\/fr\/wp-json\/wp\/v2\/media\/175908"}],"wp:attachment":[{"href":"https:\/\/nexgendecors.com\/fr\/wp-json\/wp\/v2\/media?parent=175909"}],"wp:term":[{"taxonomy":"product_brand","embeddable":true,"href":"https:\/\/nexgendecors.com\/fr\/wp-json\/wp\/v2\/product_brand?post=175909"},{"taxonomy":"product_cat","embeddable":true,"href":"https:\/\/nexgendecors.com\/fr\/wp-json\/wp\/v2\/product_cat?post=175909"},{"taxonomy":"product_tag","embeddable":true,"href":"https:\/\/nexgendecors.com\/fr\/wp-json\/wp\/v2\/product_tag?post=175909"}],"curies":[{"name":"wp","href":"https:\/\/api.w.org\/{rel}","templated":true}]}}