{"id":176049,"date":"2025-02-26T03:53:23","date_gmt":"2025-02-26T03:53:23","guid":{"rendered":"https:\/\/nexgendecors.com\/en\/product\/wholesale-super-absorbent-quick-dry-hair-towel-wrap-85-polyester-15-cotton-coral-fleece-hair-drying-hat-for-women\/"},"modified":"2025-04-06T10:41:24","modified_gmt":"2025-04-06T10:41:24","slug":"wholesale-super-absorbent-quick-dry-hair-towel-wrap-85-polyester-15-cotton-coral-fleece-hair-drying-hat-for-women","status":"publish","type":"product","link":"https:\/\/nexgendecors.com\/fr\/product\/wholesale-super-absorbent-quick-dry-hair-towel-wrap-85-polyester-15-cotton-coral-fleece-hair-drying-hat-for-women\/","title":{"rendered":"Serviette de s\u00e9chage pour cheveux super absorbante \u00e0 s\u00e9chage rapide, en polyester 85%, 15%, en coton et polaire corail, pour femmes"},"content":{"rendered":"<ul>\n<li><strong>mat\u00e9riel : <\/strong> weave<\/li>\n<li><strong>utiliser : <\/strong> Thermal<\/li>\n<li><strong>lieu d&#039;origine : <\/strong> Jiangsu, Chine<\/li>\n<li><strong>nom de marque : <\/strong> YALAN or OEM<\/li>\n<li><strong>Nom du produit : <\/strong> Hair Drying Cap<\/li>\n<li><strong>Mat\u00e9riel : <\/strong> 85% polyester 15% cotton, coral fleece<\/li>\n<li><strong>Taille : <\/strong> 60*110cm<\/li>\n<li><strong>Fonction : <\/strong> Bathroom Supplies. Waterproof. Protect Hair<\/li>\n<li><strong>Style : <\/strong> Normal<\/li>\n<li><strong>Logo : <\/strong> Accepter le logo personnalis\u00e9<\/li>\n<li><strong>Couleur : <\/strong> Pink or customized color<\/li>\n<li><strong>Quantit\u00e9 minimale de commande : <\/strong> 500pcs<\/li>\n<li><strong>\u00c9chantillon : <\/strong> Samples Avaliable<\/li>\n<li><strong>Emballage : <\/strong> Inner Opp bag + Outer carton<\/li>\n<\/ul>","protected":false},"excerpt":{"rendered":"<p>mat\u00e9riau : tissage utilisation : thermique lieu d&#039;origine : Jiangsu, Chine nom de marque : YALAN ou OEM nom du produit<\/p>","protected":false},"featured_media":176048,"comment_status":"open","ping_status":"closed","template":"","meta":[],"product_brand":[],"product_cat":[30941,30937,30960],"product_tag":[],"class_list":{"0":"post-176049","1":"product","2":"type-product","3":"status-publish","4":"has-post-thumbnail","6":"product_cat-hotel-robes-slippers","7":"product_cat-hotel-towels","8":"product_cat-spa-supplies","10":"first","11":"instock","12":"taxable","13":"shipping-taxable","14":"purchasable","15":"product-type-variable"},"_links":{"self":[{"href":"https:\/\/nexgendecors.com\/fr\/wp-json\/wp\/v2\/product\/176049","targetHints":{"allow":["GET"]}}],"collection":[{"href":"https:\/\/nexgendecors.com\/fr\/wp-json\/wp\/v2\/product"}],"about":[{"href":"https:\/\/nexgendecors.com\/fr\/wp-json\/wp\/v2\/types\/product"}],"replies":[{"embeddable":true,"href":"https:\/\/nexgendecors.com\/fr\/wp-json\/wp\/v2\/comments?post=176049"}],"version-history":[{"count":0,"href":"https:\/\/nexgendecors.com\/fr\/wp-json\/wp\/v2\/product\/176049\/revisions"}],"wp:featuredmedia":[{"embeddable":true,"href":"https:\/\/nexgendecors.com\/fr\/wp-json\/wp\/v2\/media\/176048"}],"wp:attachment":[{"href":"https:\/\/nexgendecors.com\/fr\/wp-json\/wp\/v2\/media?parent=176049"}],"wp:term":[{"taxonomy":"product_brand","embeddable":true,"href":"https:\/\/nexgendecors.com\/fr\/wp-json\/wp\/v2\/product_brand?post=176049"},{"taxonomy":"product_cat","embeddable":true,"href":"https:\/\/nexgendecors.com\/fr\/wp-json\/wp\/v2\/product_cat?post=176049"},{"taxonomy":"product_tag","embeddable":true,"href":"https:\/\/nexgendecors.com\/fr\/wp-json\/wp\/v2\/product_tag?post=176049"}],"curies":[{"name":"wp","href":"https:\/\/api.w.org\/{rel}","templated":true}]}}