{"id":176147,"date":"2025-02-26T03:59:57","date_gmt":"2025-02-26T03:59:57","guid":{"rendered":"https:\/\/nexgendecors.com\/en\/product\/100-polyester-high-quality-decorative-fabric-hotel-bed-throws-and-bed-runners-customized-design\/"},"modified":"2025-04-06T10:41:56","modified_gmt":"2025-04-06T10:41:56","slug":"100-polyester-high-quality-decorative-fabric-hotel-bed-throws-and-bed-runners-customized-design","status":"publish","type":"product","link":"https:\/\/nexgendecors.com\/fr\/product\/100-polyester-high-quality-decorative-fabric-hotel-bed-throws-and-bed-runners-customized-design\/","title":{"rendered":"100% Tissu d\u00e9coratif en polyester de haute qualit\u00e9 pour lit d'h\u00f4tel Plaids et chemins de lit personnalis\u00e9s"},"content":{"rendered":"<ul>\n<li><strong>type de motif : <\/strong> Endless<\/li>\n<li><strong>est_personnalis\u00e9 : <\/strong> Oui<\/li>\n<li><strong>densit\u00e9 du tissu : <\/strong> 128&#215;68<\/li>\n<li><strong>nombre de tissus : <\/strong> 40<\/li>\n<li><strong>degr\u00e9 de solidit\u00e9 des couleurs : <\/strong> 4<\/li>\n<li><strong>nombre de fils : <\/strong> 200TC<\/li>\n<li><strong>Grade : <\/strong> Cat\u00e9gorie A<\/li>\n<li><strong>saison : <\/strong> Toutes saisons<\/li>\n<li><strong>taper : <\/strong> Ensembles de couvre-lits et de couvre-lits<\/li>\n<li><strong>utiliser : <\/strong> H\u00f4tel<\/li>\n<li><strong>mat\u00e9riel : <\/strong> Fibre de polyester 100%<\/li>\n<li><strong>remplissage : <\/strong> Polyester<\/li>\n<li><strong>mod\u00e8le : <\/strong> brod\u00e9<\/li>\n<li><strong>style : <\/strong> European and American Style, Jacquard<\/li>\n<li><strong>Quantit\u00e9 : <\/strong> 3 pi\u00e8ces<\/li>\n<li><strong>techniques : <\/strong> tiss\u00e9<\/li>\n<li><strong>fonctionnalit\u00e9 : <\/strong> Nondisposable, Sustainable<\/li>\n<li><strong>lieu d&#039;origine : <\/strong> Jiangsu, Chine<\/li>\n<li><strong>nom de marque : <\/strong> Yalan<\/li>\n<li><strong>num\u00e9ro de mod\u00e8le : <\/strong> YLBR-001<\/li>\n<li><strong>Nom du produit : <\/strong> Hotel bed runners<\/li>\n<li><strong>Mat\u00e9riel : <\/strong> 100%Polyester Fibre<\/li>\n<li><strong>Taille de l&#039;application : <\/strong> 50*180cm<\/li>\n<li><strong>poids : <\/strong> 0-0.5kg<\/li>\n<li><strong>logo : <\/strong> Accepter le logo personnalis\u00e9<\/li>\n<li><strong>Conception : <\/strong> Accepter les conceptions personnalis\u00e9es<\/li>\n<li><strong>Couleur : <\/strong> Brown\/Bule or Customized<\/li>\n<li><strong>Utilisation : <\/strong> bath towel<\/li>\n<li><strong>Dur\u00e9e de l&#039;\u00e9chantillon : <\/strong> 3-5 Working Days<\/li>\n<\/ul>","protected":false},"excerpt":{"rendered":"<p>type de motif : Sans fin is_customized : Oui densit\u00e9 du tissu : 128\u00d768 nombre de tissus : 40 degr\u00e9 de solidit\u00e9 des couleurs : 4<\/p>","protected":false},"featured_media":176146,"comment_status":"open","ping_status":"closed","template":"","meta":[],"product_brand":[],"product_cat":[30955],"product_tag":[],"class_list":{"0":"post-176147","1":"product","2":"type-product","3":"status-publish","4":"has-post-thumbnail","6":"product_cat-hotel-coverlet","8":"first","9":"instock","10":"taxable","11":"shipping-taxable","12":"purchasable","13":"product-type-variable"},"_links":{"self":[{"href":"https:\/\/nexgendecors.com\/fr\/wp-json\/wp\/v2\/product\/176147","targetHints":{"allow":["GET"]}}],"collection":[{"href":"https:\/\/nexgendecors.com\/fr\/wp-json\/wp\/v2\/product"}],"about":[{"href":"https:\/\/nexgendecors.com\/fr\/wp-json\/wp\/v2\/types\/product"}],"replies":[{"embeddable":true,"href":"https:\/\/nexgendecors.com\/fr\/wp-json\/wp\/v2\/comments?post=176147"}],"version-history":[{"count":0,"href":"https:\/\/nexgendecors.com\/fr\/wp-json\/wp\/v2\/product\/176147\/revisions"}],"wp:featuredmedia":[{"embeddable":true,"href":"https:\/\/nexgendecors.com\/fr\/wp-json\/wp\/v2\/media\/176146"}],"wp:attachment":[{"href":"https:\/\/nexgendecors.com\/fr\/wp-json\/wp\/v2\/media?parent=176147"}],"wp:term":[{"taxonomy":"product_brand","embeddable":true,"href":"https:\/\/nexgendecors.com\/fr\/wp-json\/wp\/v2\/product_brand?post=176147"},{"taxonomy":"product_cat","embeddable":true,"href":"https:\/\/nexgendecors.com\/fr\/wp-json\/wp\/v2\/product_cat?post=176147"},{"taxonomy":"product_tag","embeddable":true,"href":"https:\/\/nexgendecors.com\/fr\/wp-json\/wp\/v2\/product_tag?post=176147"}],"curies":[{"name":"wp","href":"https:\/\/api.w.org\/{rel}","templated":true}]}}