{"id":176165,"date":"2025-02-26T04:01:11","date_gmt":"2025-02-26T04:01:11","guid":{"rendered":"https:\/\/nexgendecors.com\/en\/product\/yalan-factory-supply-exquisite-luxury-matched-cushions-and-bed-runners-queen-size\/"},"modified":"2025-04-06T10:42:12","modified_gmt":"2025-04-06T10:42:12","slug":"yalan-factory-supply-exquisite-luxury-matched-cushions-and-bed-runners-queen-size","status":"publish","type":"product","link":"https:\/\/nexgendecors.com\/fr\/product\/yalan-factory-supply-exquisite-luxury-matched-cushions-and-bed-runners-queen-size\/","title":{"rendered":"Yalan Factory Supply Exquisite Luxury Matched Cushions and Bed Runners Queen Size (Coussins et chemins de lit assortis de luxe)"},"content":{"rendered":"<ul>\n<li><strong>type de motif : <\/strong> Solide<\/li>\n<li><strong>est_personnalis\u00e9 : <\/strong> Oui<\/li>\n<li><strong>densit\u00e9 du tissu : <\/strong> 133&#215;72<\/li>\n<li><strong>nombre de tissus : <\/strong> 80<\/li>\n<li><strong>degr\u00e9 de solidit\u00e9 des couleurs : <\/strong> 4<\/li>\n<li><strong>nombre de fils : <\/strong> 300tc<\/li>\n<li><strong>Grade : <\/strong> Cat\u00e9gorie A<\/li>\n<li><strong>Taille de l&#039;application : <\/strong> 1.0m 3.3 feet, 1.2m 4 feet, 2.0m 6.6 feet, 1.5m 5 feet, 1.8m 6 feet<\/li>\n<li><strong>saison : <\/strong> Toutes saisons<\/li>\n<li><strong>taper : <\/strong> Duvet Cover Sets<\/li>\n<li><strong>utiliser : <\/strong> H\u00f4tel<\/li>\n<li><strong>mat\u00e9riel : <\/strong> Fibre de polyester 100%<\/li>\n<li><strong>remplissage : <\/strong> Polyester<\/li>\n<li><strong>mod\u00e8le : <\/strong> Imprim\u00e9<\/li>\n<li><strong>style : <\/strong> Modern, Printed<\/li>\n<li><strong>Quantit\u00e9 : <\/strong> 3 pi\u00e8ces<\/li>\n<li><strong>fonctionnalit\u00e9 : <\/strong> Durable<\/li>\n<li><strong>lieu d&#039;origine : <\/strong> Jiangsu, Chine<\/li>\n<li><strong>nom de marque : <\/strong> Yalan<\/li>\n<li><strong>num\u00e9ro de mod\u00e8le : <\/strong> YLBR001<\/li>\n<li><strong>Nom du produit : <\/strong> chemin de lit<\/li>\n<li><strong>Fabric material : <\/strong> high end decoration fabric<\/li>\n<li><strong>Couleur : <\/strong> Couleur personnalis\u00e9e<\/li>\n<li><strong>Mod\u00e8le : <\/strong> Geometric<\/li>\n<li><strong>Utilisation : <\/strong> living room , table runner<\/li>\n<li><strong>Label : <\/strong> Accept Customized Labels<\/li>\n<\/ul>","protected":false},"excerpt":{"rendered":"<p>type de motif : Solid is_customized : Yes densit\u00e9 du tissu : 133\u00d772 nombre de tissus : 80 degr\u00e9 de solidit\u00e9 des couleurs : 4<\/p>","protected":false},"featured_media":176164,"comment_status":"open","ping_status":"closed","template":"","meta":[],"product_brand":[],"product_cat":[30955],"product_tag":[],"class_list":{"0":"post-176165","1":"product","2":"type-product","3":"status-publish","4":"has-post-thumbnail","6":"product_cat-hotel-coverlet","8":"first","9":"instock","10":"taxable","11":"shipping-taxable","12":"purchasable","13":"product-type-variable"},"_links":{"self":[{"href":"https:\/\/nexgendecors.com\/fr\/wp-json\/wp\/v2\/product\/176165","targetHints":{"allow":["GET"]}}],"collection":[{"href":"https:\/\/nexgendecors.com\/fr\/wp-json\/wp\/v2\/product"}],"about":[{"href":"https:\/\/nexgendecors.com\/fr\/wp-json\/wp\/v2\/types\/product"}],"replies":[{"embeddable":true,"href":"https:\/\/nexgendecors.com\/fr\/wp-json\/wp\/v2\/comments?post=176165"}],"version-history":[{"count":0,"href":"https:\/\/nexgendecors.com\/fr\/wp-json\/wp\/v2\/product\/176165\/revisions"}],"wp:featuredmedia":[{"embeddable":true,"href":"https:\/\/nexgendecors.com\/fr\/wp-json\/wp\/v2\/media\/176164"}],"wp:attachment":[{"href":"https:\/\/nexgendecors.com\/fr\/wp-json\/wp\/v2\/media?parent=176165"}],"wp:term":[{"taxonomy":"product_brand","embeddable":true,"href":"https:\/\/nexgendecors.com\/fr\/wp-json\/wp\/v2\/product_brand?post=176165"},{"taxonomy":"product_cat","embeddable":true,"href":"https:\/\/nexgendecors.com\/fr\/wp-json\/wp\/v2\/product_cat?post=176165"},{"taxonomy":"product_tag","embeddable":true,"href":"https:\/\/nexgendecors.com\/fr\/wp-json\/wp\/v2\/product_tag?post=176165"}],"curies":[{"name":"wp","href":"https:\/\/api.w.org\/{rel}","templated":true}]}}