{"id":176241,"date":"2025-02-26T04:34:21","date_gmt":"2025-02-26T04:34:21","guid":{"rendered":"https:\/\/nexgendecors.com\/en\/product\/hotel-bed-runners-high-quality-bedspreads-solid-color-tassel-bed-runners-scarf-for-king-size\/"},"modified":"2025-04-06T10:43:10","modified_gmt":"2025-04-06T10:43:10","slug":"hotel-bed-runners-high-quality-bedspreads-solid-color-tassel-bed-runners-scarf-for-king-size","status":"publish","type":"product","link":"https:\/\/nexgendecors.com\/fr\/product\/hotel-bed-runners-high-quality-bedspreads-solid-color-tassel-bed-runners-scarf-for-king-size\/","title":{"rendered":"Chemins de lit d&#039;h\u00f4tel de haute qualit\u00e9, couvre-lits \u00e0 pompons de couleur unie, \u00e9charpe pour lit king size"},"content":{"rendered":"<ul>\n<li><strong>lieu d&#039;origine : <\/strong> Jiangsu, Chine<\/li>\n<li><strong>nom de marque : <\/strong> Yalan<\/li>\n<li><strong>num\u00e9ro de mod\u00e8le : <\/strong> YLK0136<\/li>\n<li><strong>mat\u00e9riel : <\/strong> Microfiber Fabric<\/li>\n<li><strong>fonctionnalit\u00e9 : <\/strong> Sustainable, Anti-pilling<\/li>\n<li><strong>techniques : <\/strong> knitted, woven<\/li>\n<li><strong>style : <\/strong> simple, CLASSIC, Modern<\/li>\n<li><strong>mod\u00e8le : <\/strong> Solide<\/li>\n<li><strong>est_personnalis\u00e9 : <\/strong> Oui<\/li>\n<li><strong>poids : <\/strong> 2,5-3 kg<\/li>\n<li><strong>Nom du produit : <\/strong> Super Soft Fleece Blanket<\/li>\n<li><strong>Mots cl\u00e9s : <\/strong> bed runner  Throw Blankets<\/li>\n<li><strong>Couleur : <\/strong> Colors Customized<\/li>\n<li><strong>Utilisation : <\/strong> Home Hotel Living Room Bedroom<\/li>\n<\/ul>","protected":false},"excerpt":{"rendered":"<p>Lieu d&#039;origine : Jiangsu, Chine Nom de marque : Yalan Num\u00e9ro de mod\u00e8le : YLK0136 Mat\u00e9riau : Tissu en microfibre Caract\u00e9ristiques :<\/p>","protected":false},"featured_media":176240,"comment_status":"open","ping_status":"closed","template":"","meta":[],"product_brand":[],"product_cat":[30955],"product_tag":[],"class_list":{"0":"post-176241","1":"product","2":"type-product","3":"status-publish","4":"has-post-thumbnail","6":"product_cat-hotel-coverlet","8":"first","9":"instock","10":"taxable","11":"shipping-taxable","12":"purchasable","13":"product-type-variable"},"_links":{"self":[{"href":"https:\/\/nexgendecors.com\/fr\/wp-json\/wp\/v2\/product\/176241","targetHints":{"allow":["GET"]}}],"collection":[{"href":"https:\/\/nexgendecors.com\/fr\/wp-json\/wp\/v2\/product"}],"about":[{"href":"https:\/\/nexgendecors.com\/fr\/wp-json\/wp\/v2\/types\/product"}],"replies":[{"embeddable":true,"href":"https:\/\/nexgendecors.com\/fr\/wp-json\/wp\/v2\/comments?post=176241"}],"version-history":[{"count":0,"href":"https:\/\/nexgendecors.com\/fr\/wp-json\/wp\/v2\/product\/176241\/revisions"}],"wp:featuredmedia":[{"embeddable":true,"href":"https:\/\/nexgendecors.com\/fr\/wp-json\/wp\/v2\/media\/176240"}],"wp:attachment":[{"href":"https:\/\/nexgendecors.com\/fr\/wp-json\/wp\/v2\/media?parent=176241"}],"wp:term":[{"taxonomy":"product_brand","embeddable":true,"href":"https:\/\/nexgendecors.com\/fr\/wp-json\/wp\/v2\/product_brand?post=176241"},{"taxonomy":"product_cat","embeddable":true,"href":"https:\/\/nexgendecors.com\/fr\/wp-json\/wp\/v2\/product_cat?post=176241"},{"taxonomy":"product_tag","embeddable":true,"href":"https:\/\/nexgendecors.com\/fr\/wp-json\/wp\/v2\/product_tag?post=176241"}],"curies":[{"name":"wp","href":"https:\/\/api.w.org\/{rel}","templated":true}]}}