{"id":176382,"date":"2025-02-26T04:35:13","date_gmt":"2025-02-26T04:35:13","guid":{"rendered":"https:\/\/nexgendecors.com\/en\/product\/wholesale-luxury-queen-king-size-customize-logo-bed-runner-and-cushion-cover-sets-for-hotel\/"},"modified":"2025-04-06T10:43:32","modified_gmt":"2025-04-06T10:43:32","slug":"wholesale-luxury-queen-king-size-customize-logo-bed-runner-and-cushion-cover-sets-for-hotel","status":"publish","type":"product","link":"https:\/\/nexgendecors.com\/fr\/product\/wholesale-luxury-queen-king-size-customize-logo-bed-runner-and-cushion-cover-sets-for-hotel\/","title":{"rendered":"Ensembles de couvre-lit et de housses de coussin de luxe avec logo personnalisable pour h\u00f4tel, taille Queen et King, vente en gros"},"content":{"rendered":"<ul>\n<li><strong>type de motif : <\/strong> Imprimer<\/li>\n<li><strong>nombre de tissus : <\/strong> 40<\/li>\n<li><strong>nombre de fils : <\/strong> 300tc<\/li>\n<li><strong>mat\u00e9riel : <\/strong> Polyester \/ Coton<\/li>\n<li><strong>style : <\/strong> jacquard<\/li>\n<li><strong>mod\u00e8le : <\/strong> Teint uni<\/li>\n<li><strong>techniques : <\/strong> Diagonal Printing<\/li>\n<li><strong>utiliser : <\/strong> Home, Hotel<\/li>\n<li><strong>poids : <\/strong> 1.5<\/li>\n<li><strong>lieu d&#039;origine : <\/strong> Jiangsu, Chine<\/li>\n<li><strong>nom de marque : <\/strong> Yalan<\/li>\n<li><strong>num\u00e9ro de mod\u00e8le : <\/strong> YLK0129<\/li>\n<li><strong>Nom du produit : <\/strong> Bed Runner and Cushion Cover<\/li>\n<li><strong>Tissu : <\/strong> polyester\/cotton<\/li>\n<li><strong>Utilisation : <\/strong> Home Hotel Hospital<\/li>\n<li><strong>Style : <\/strong> Luxe<\/li>\n<\/ul>","protected":false},"excerpt":{"rendered":"<p>type de motif : imprim\u00e9 nombre de tissus : 40 nombre de fils : 300 fils au pouce carr\u00e9 mati\u00e8re : polyester \/ coton style : jacquard<\/p>","protected":false},"featured_media":176380,"comment_status":"open","ping_status":"closed","template":"","meta":[],"product_brand":[],"product_cat":[30955],"product_tag":[],"class_list":{"0":"post-176382","1":"product","2":"type-product","3":"status-publish","4":"has-post-thumbnail","6":"product_cat-hotel-coverlet","8":"first","9":"instock","10":"taxable","11":"shipping-taxable","12":"purchasable","13":"product-type-variable"},"_links":{"self":[{"href":"https:\/\/nexgendecors.com\/fr\/wp-json\/wp\/v2\/product\/176382","targetHints":{"allow":["GET"]}}],"collection":[{"href":"https:\/\/nexgendecors.com\/fr\/wp-json\/wp\/v2\/product"}],"about":[{"href":"https:\/\/nexgendecors.com\/fr\/wp-json\/wp\/v2\/types\/product"}],"replies":[{"embeddable":true,"href":"https:\/\/nexgendecors.com\/fr\/wp-json\/wp\/v2\/comments?post=176382"}],"version-history":[{"count":0,"href":"https:\/\/nexgendecors.com\/fr\/wp-json\/wp\/v2\/product\/176382\/revisions"}],"wp:featuredmedia":[{"embeddable":true,"href":"https:\/\/nexgendecors.com\/fr\/wp-json\/wp\/v2\/media\/176380"}],"wp:attachment":[{"href":"https:\/\/nexgendecors.com\/fr\/wp-json\/wp\/v2\/media?parent=176382"}],"wp:term":[{"taxonomy":"product_brand","embeddable":true,"href":"https:\/\/nexgendecors.com\/fr\/wp-json\/wp\/v2\/product_brand?post=176382"},{"taxonomy":"product_cat","embeddable":true,"href":"https:\/\/nexgendecors.com\/fr\/wp-json\/wp\/v2\/product_cat?post=176382"},{"taxonomy":"product_tag","embeddable":true,"href":"https:\/\/nexgendecors.com\/fr\/wp-json\/wp\/v2\/product_tag?post=176382"}],"curies":[{"name":"wp","href":"https:\/\/api.w.org\/{rel}","templated":true}]}}