{"id":176502,"date":"2025-02-26T05:46:15","date_gmt":"2025-02-26T05:46:15","guid":{"rendered":"https:\/\/nexgendecors.com\/en\/product\/custom-modern-hotel-bed-runner-cushion-cover\/"},"modified":"2025-04-10T16:01:48","modified_gmt":"2025-04-10T16:01:48","slug":"custom-modern-hotel-bed-runner-cushion-cover","status":"publish","type":"product","link":"https:\/\/nexgendecors.com\/fr\/product\/custom-modern-hotel-bed-runner-cushion-cover\/","title":{"rendered":"Housse de coussin de lit d&#039;h\u00f4tel moderne personnalis\u00e9e"},"content":{"rendered":"<ul>\n<li><strong>lieu d&#039;origine : <\/strong> Chine<\/li>\n<li><strong>nom de marque : <\/strong> Shaanxi Yalan Textile<\/li>\n<li><strong>num\u00e9ro de mod\u00e8le : <\/strong> YLYY0256<\/li>\n<li><strong>mat\u00e9riel : <\/strong> 100% Polyester<\/li>\n<li><strong>fonctionnalit\u00e9 : <\/strong> Non jetable<\/li>\n<li><strong>techniques : <\/strong> tiss\u00e9<\/li>\n<li><strong>style : <\/strong> Style europ\u00e9en et am\u00e9ricain<\/li>\n<li><strong>quantit\u00e9 : <\/strong> 3 pi\u00e8ces<\/li>\n<li><strong>Remplissage : <\/strong> non<\/li>\n<li><strong>application : <\/strong> H\u00f4tel<\/li>\n<li><strong>est_personnalis\u00e9 : <\/strong> Oui<\/li>\n<li><strong>densit\u00e9 du tissu : <\/strong> 128&#215;68<\/li>\n<li><strong>nombre de tissus : <\/strong> 40<\/li>\n<li><strong>degr\u00e9 de solidit\u00e9 des couleurs : <\/strong> 4<\/li>\n<li><strong>nombre de fils : <\/strong> 200TC<\/li>\n<li><strong>Taille de l&#039;application : <\/strong> 1.0m 3.3 feet, 1.2m 4 feet, 1.35m 4.5 feet, 1.5m 5 feet, 1.8m 6 feet, 2.0m 6.6 feet<\/li>\n<li><strong>Grade : <\/strong> Cat\u00e9gorie A<\/li>\n<li><strong>Type de motif : <\/strong> SCENIC<\/li>\n<li><strong>Taper : <\/strong> Ensembles de couvre-lits et de couvre-lits<\/li>\n<li><strong>Tranche d&#039;\u00e2ge : <\/strong> ADULT<\/li>\n<li><strong>Mod\u00e8le : <\/strong> printed<\/li>\n<li><strong>Mat\u00e9riel : <\/strong> Polyester 100%<\/li>\n<li><strong>Qualit\u00e9 : <\/strong> Normes internationales<\/li>\n<li><strong>Dur\u00e9e de l&#039;\u00e9chantillon : <\/strong> 3 \u00e0 5 jours<\/li>\n<li><strong>Quantit\u00e9 minimale de commande : <\/strong> accepter un petit MOQ<\/li>\n<li><strong>Caract\u00e9ristiques : <\/strong> Respectueux de l&#039;environnement<\/li>\n<li><strong>Style : <\/strong> luxury<\/li>\n<li><strong>Certification : <\/strong> ISO 9001:2008 Certificate<\/li>\n<li><strong>Adresse de l&#039;usine : <\/strong> Ville de Nantong, \u00e0 2 heures du port de Shanghai<\/li>\n<li><strong>Exp\u00e9dition : <\/strong> Express for sample, by sea for bulk<\/li>\n<li><strong>Nom de l&#039;article : <\/strong> modern bed runner hotel<\/li>\n<\/ul>","protected":false},"excerpt":{"rendered":"<p>Lieu d&#039;origine : Chine Nom de marque : Shaanxi Yalan Textile Num\u00e9ro de mod\u00e8le : YLYY0256 Mat\u00e9riau : Polyester 100% Caract\u00e9ristique<\/p>","protected":false},"featured_media":176513,"comment_status":"open","ping_status":"closed","template":"","meta":[],"product_brand":[],"product_cat":[30955],"product_tag":[],"class_list":{"0":"post-176502","1":"product","2":"type-product","3":"status-publish","4":"has-post-thumbnail","6":"product_cat-hotel-coverlet","8":"first","9":"instock","10":"taxable","11":"shipping-taxable","12":"purchasable","13":"product-type-variable"},"_links":{"self":[{"href":"https:\/\/nexgendecors.com\/fr\/wp-json\/wp\/v2\/product\/176502","targetHints":{"allow":["GET"]}}],"collection":[{"href":"https:\/\/nexgendecors.com\/fr\/wp-json\/wp\/v2\/product"}],"about":[{"href":"https:\/\/nexgendecors.com\/fr\/wp-json\/wp\/v2\/types\/product"}],"replies":[{"embeddable":true,"href":"https:\/\/nexgendecors.com\/fr\/wp-json\/wp\/v2\/comments?post=176502"}],"version-history":[{"count":0,"href":"https:\/\/nexgendecors.com\/fr\/wp-json\/wp\/v2\/product\/176502\/revisions"}],"wp:featuredmedia":[{"embeddable":true,"href":"https:\/\/nexgendecors.com\/fr\/wp-json\/wp\/v2\/media\/176513"}],"wp:attachment":[{"href":"https:\/\/nexgendecors.com\/fr\/wp-json\/wp\/v2\/media?parent=176502"}],"wp:term":[{"taxonomy":"product_brand","embeddable":true,"href":"https:\/\/nexgendecors.com\/fr\/wp-json\/wp\/v2\/product_brand?post=176502"},{"taxonomy":"product_cat","embeddable":true,"href":"https:\/\/nexgendecors.com\/fr\/wp-json\/wp\/v2\/product_cat?post=176502"},{"taxonomy":"product_tag","embeddable":true,"href":"https:\/\/nexgendecors.com\/fr\/wp-json\/wp\/v2\/product_tag?post=176502"}],"curies":[{"name":"wp","href":"https:\/\/api.w.org\/{rel}","templated":true}]}}