{"id":176523,"date":"2025-02-26T05:54:02","date_gmt":"2025-02-26T05:54:02","guid":{"rendered":"https:\/\/nexgendecors.com\/en\/product\/wholesale-five-star-4piece-hotels-bedding-set-100-cotton-satin-queen-king-size-quilt-cover-flat-sheet-pillowcase\/"},"modified":"2025-04-06T10:45:07","modified_gmt":"2025-04-06T10:45:07","slug":"wholesale-five-star-4piece-hotels-bedding-set-100-cotton-satin-queen-king-size-quilt-cover-flat-sheet-pillowcase","status":"publish","type":"product","link":"https:\/\/nexgendecors.com\/fr\/product\/wholesale-five-star-4piece-hotels-bedding-set-100-cotton-satin-queen-king-size-quilt-cover-flat-sheet-pillowcase\/","title":{"rendered":"Parure de lit 4 pi\u00e8ces pour h\u00f4tels 5 \u00e9toiles en gros 100% en satin de coton Queen King Size avec housse de couette, drap plat et taie d&#039;oreiller"},"content":{"rendered":"<ul>\n<li><strong>lieu d&#039;origine : <\/strong> Shaanxi, China<\/li>\n<li><strong>nom de marque : <\/strong> YALAN<\/li>\n<li><strong>mat\u00e9riel : <\/strong> Coton 100%<\/li>\n<li><strong>fonctionnalit\u00e9 : <\/strong> Anti-static, Anti Dust Mite, Anti-Bacteria, Anti-Pull, Sustainable, Anti-pilling<\/li>\n<li><strong>techniques : <\/strong> tiss\u00e9<\/li>\n<li><strong>style : <\/strong> Moderne<\/li>\n<li><strong>quantit\u00e9 : <\/strong> 4 pi\u00e8ces<\/li>\n<li><strong>mod\u00e8le : <\/strong> Celebrities, Festival, Solid<\/li>\n<li><strong>application : <\/strong> Hotel, Home, Wedding, Hospital, SCHOOL<\/li>\n<li><strong>est_personnalis\u00e9 : <\/strong> Oui<\/li>\n<li><strong>densit\u00e9 du tissu : <\/strong> 173 * 118<\/li>\n<li><strong>nombre de tissus : <\/strong> 60*40<\/li>\n<li><strong>degr\u00e9 de solidit\u00e9 des couleurs : <\/strong> 4<\/li>\n<li><strong>nombre de fils : <\/strong> 300<\/li>\n<li><strong>poids : <\/strong> 1-1.5 Kg<\/li>\n<li><strong>Nom du produit : <\/strong> Bed Sheet set<\/li>\n<li><strong>Utilisation : <\/strong> Home Hotel Hospital Wedding  School<\/li>\n<li><strong>Tissu : <\/strong> 100 %cotton<\/li>\n<li><strong>Couleur : <\/strong> White \/ Customized Color<\/li>\n<li><strong>Taille : <\/strong> Twin  Full  Queen  King  SUPER KING<\/li>\n<li><strong>Technique : <\/strong> Stitching hemming<\/li>\n<li><strong>Quantit\u00e9 minimale de commande : <\/strong> 100 Sets<\/li>\n<li><strong>Logo : <\/strong> Logo personnalis\u00e9<\/li>\n<li><strong>Certification : <\/strong> OEKO-TEX   ISO9001<\/li>\n<li><strong>Emballage : <\/strong> inner opp bag+outer export carton<\/li>\n<\/ul>","protected":false},"excerpt":{"rendered":"<p>Lieu d'origine : Shaanxi, Chine Marque : YALAN Mati\u00e8re : 100% Coton Caract\u00e9ristiques : antistatique, anti-acariens,<\/p>","protected":false},"featured_media":176522,"comment_status":"open","ping_status":"closed","template":"","meta":[],"product_brand":[],"product_cat":[30953,30956],"product_tag":[],"class_list":{"0":"post-176523","1":"product","2":"type-product","3":"status-publish","4":"has-post-thumbnail","6":"product_cat-hotel-sheet-linen","7":"product_cat-mattress-cover","9":"first","10":"instock","11":"taxable","12":"shipping-taxable","13":"purchasable","14":"product-type-variable"},"_links":{"self":[{"href":"https:\/\/nexgendecors.com\/fr\/wp-json\/wp\/v2\/product\/176523","targetHints":{"allow":["GET"]}}],"collection":[{"href":"https:\/\/nexgendecors.com\/fr\/wp-json\/wp\/v2\/product"}],"about":[{"href":"https:\/\/nexgendecors.com\/fr\/wp-json\/wp\/v2\/types\/product"}],"replies":[{"embeddable":true,"href":"https:\/\/nexgendecors.com\/fr\/wp-json\/wp\/v2\/comments?post=176523"}],"version-history":[{"count":0,"href":"https:\/\/nexgendecors.com\/fr\/wp-json\/wp\/v2\/product\/176523\/revisions"}],"wp:featuredmedia":[{"embeddable":true,"href":"https:\/\/nexgendecors.com\/fr\/wp-json\/wp\/v2\/media\/176522"}],"wp:attachment":[{"href":"https:\/\/nexgendecors.com\/fr\/wp-json\/wp\/v2\/media?parent=176523"}],"wp:term":[{"taxonomy":"product_brand","embeddable":true,"href":"https:\/\/nexgendecors.com\/fr\/wp-json\/wp\/v2\/product_brand?post=176523"},{"taxonomy":"product_cat","embeddable":true,"href":"https:\/\/nexgendecors.com\/fr\/wp-json\/wp\/v2\/product_cat?post=176523"},{"taxonomy":"product_tag","embeddable":true,"href":"https:\/\/nexgendecors.com\/fr\/wp-json\/wp\/v2\/product_tag?post=176523"}],"curies":[{"name":"wp","href":"https:\/\/api.w.org\/{rel}","templated":true}]}}