{"id":176643,"date":"2025-02-26T06:04:15","date_gmt":"2025-02-26T06:04:15","guid":{"rendered":"https:\/\/nexgendecors.com\/en\/product\/custom-printed-white-100-cotton-linen-napkins-for-luxury-hotel\/"},"modified":"2025-02-26T06:04:28","modified_gmt":"2025-02-26T06:04:28","slug":"custom-printed-white-100-cotton-linen-napkins-for-luxury-hotel","status":"publish","type":"product","link":"https:\/\/nexgendecors.com\/fr\/product\/custom-printed-white-100-cotton-linen-napkins-for-luxury-hotel\/","title":{"rendered":"Serviettes en lin et coton blanc 100% imprim\u00e9es sur mesure pour h\u00f4tel de luxe"},"content":{"rendered":"<ul>\n<li><strong>est_personnalis\u00e9 : <\/strong> Oui<\/li>\n<li><strong>Specification : <\/strong> 60*60cm<\/li>\n<li><strong>mat\u00e9riel : <\/strong> Coton 100%<\/li>\n<li><strong>style : <\/strong> jacquard<\/li>\n<li><strong>mod\u00e8le : <\/strong> Teint uni<\/li>\n<li><strong>techniques : <\/strong> crocheted<\/li>\n<li><strong>fonctionnalit\u00e9 : <\/strong> Jetable<\/li>\n<li><strong>application : <\/strong> Home, Airplane, Restaurant<\/li>\n<li><strong>taille : <\/strong> 56*56cm<\/li>\n<li><strong>lieu d&#039;origine : <\/strong> Jiangsu, Chine<\/li>\n<li><strong>nom de marque : <\/strong> Yalan<\/li>\n<li><strong>num\u00e9ro de mod\u00e8le : <\/strong> YLTN-01<\/li>\n<li><strong>Nom du produit : <\/strong> 100% cotton  napkins<\/li>\n<li><strong>Couleur : <\/strong> White \/Customized Color<\/li>\n<li><strong>Avantage : <\/strong> Eco-friendly Soft Comfortable<\/li>\n<li><strong>Emballage : <\/strong> Opp Bag +carton<\/li>\n<li><strong>Quantit\u00e9 minimale de commande : <\/strong> 1000pcs<\/li>\n<li><strong>Taille : <\/strong> 56*56cm<\/li>\n<li><strong>GSM : <\/strong> 220\/230\/550GSM<\/li>\n<li><strong>Certification : <\/strong> OEKO-TEX STANDARD 100<\/li>\n<li><strong>M\u00e9thode de tissage : <\/strong> Plain\/jacquard\/embroidery\/sateen<\/li>\n<li><strong>Logo : <\/strong> Customzied LOGO<\/li>\n<\/ul>","protected":false},"excerpt":{"rendered":"<p>is_customized : Oui Sp\u00e9cification : 60*60cm mati\u00e8re : 100% Coton style : jacquard motif : Teint uni technique : crochet\u00e9<\/p>","protected":false},"featured_media":176642,"comment_status":"open","ping_status":"closed","template":"","meta":[],"product_brand":[],"product_cat":[30961],"product_tag":[],"class_list":{"0":"post-176643","1":"product","2":"type-product","3":"status-publish","4":"has-post-thumbnail","6":"product_cat-napkins-dining-covers","8":"first","9":"instock","10":"taxable","11":"shipping-taxable","12":"purchasable","13":"product-type-variable"},"_links":{"self":[{"href":"https:\/\/nexgendecors.com\/fr\/wp-json\/wp\/v2\/product\/176643","targetHints":{"allow":["GET"]}}],"collection":[{"href":"https:\/\/nexgendecors.com\/fr\/wp-json\/wp\/v2\/product"}],"about":[{"href":"https:\/\/nexgendecors.com\/fr\/wp-json\/wp\/v2\/types\/product"}],"replies":[{"embeddable":true,"href":"https:\/\/nexgendecors.com\/fr\/wp-json\/wp\/v2\/comments?post=176643"}],"version-history":[{"count":0,"href":"https:\/\/nexgendecors.com\/fr\/wp-json\/wp\/v2\/product\/176643\/revisions"}],"wp:featuredmedia":[{"embeddable":true,"href":"https:\/\/nexgendecors.com\/fr\/wp-json\/wp\/v2\/media\/176642"}],"wp:attachment":[{"href":"https:\/\/nexgendecors.com\/fr\/wp-json\/wp\/v2\/media?parent=176643"}],"wp:term":[{"taxonomy":"product_brand","embeddable":true,"href":"https:\/\/nexgendecors.com\/fr\/wp-json\/wp\/v2\/product_brand?post=176643"},{"taxonomy":"product_cat","embeddable":true,"href":"https:\/\/nexgendecors.com\/fr\/wp-json\/wp\/v2\/product_cat?post=176643"},{"taxonomy":"product_tag","embeddable":true,"href":"https:\/\/nexgendecors.com\/fr\/wp-json\/wp\/v2\/product_tag?post=176643"}],"curies":[{"name":"wp","href":"https:\/\/api.w.org\/{rel}","templated":true}]}}