{"id":176652,"date":"2025-02-26T06:05:11","date_gmt":"2025-02-26T06:05:11","guid":{"rendered":"https:\/\/nexgendecors.com\/en\/product\/custom-printed-white-100-cotton-linen-napkins-for-luxury-hotel-2\/"},"modified":"2025-02-26T06:05:23","modified_gmt":"2025-02-26T06:05:23","slug":"custom-printed-white-100-cotton-linen-napkins-for-luxury-hotel-2","status":"publish","type":"product","link":"https:\/\/nexgendecors.com\/fr\/product\/custom-printed-white-100-cotton-linen-napkins-for-luxury-hotel-2\/","title":{"rendered":"Serviettes en lin et coton blanc 100% imprim\u00e9es sur mesure pour h\u00f4tel de luxe"},"content":{"rendered":"<ul>\n<li><strong>est_personnalis\u00e9 : <\/strong> Oui<\/li>\n<li><strong>Specification : <\/strong> 60*60cm<\/li>\n<li><strong>mat\u00e9riel : <\/strong> Coton 100%<\/li>\n<li><strong>style : <\/strong> Moderne<\/li>\n<li><strong>mod\u00e8le : <\/strong> Teint uni<\/li>\n<li><strong>techniques : <\/strong> crocheted<\/li>\n<li><strong>application : <\/strong> Home, Airplane, Restaurant<\/li>\n<li><strong>lieu d&#039;origine : <\/strong> Jiangsu, Chine<\/li>\n<li><strong>nom de marque : <\/strong> Yalan<\/li>\n<li><strong>num\u00e9ro de mod\u00e8le : <\/strong> YLTN-01<\/li>\n<li><strong>Nom du produit : <\/strong> 100% cotton linen napkins<\/li>\n<li><strong>Couleur : <\/strong> Multi Colors<\/li>\n<li><strong>Taille : <\/strong> 56*56cm<\/li>\n<li><strong>Emballage : <\/strong> Opp Bag +carton<\/li>\n<li><strong>Quantit\u00e9 minimale de commande : <\/strong> 2000 pi\u00e8ces<\/li>\n<li><strong>GSM : <\/strong> 220\/230\/550GSM<\/li>\n<li><strong>Certification : <\/strong> OEKO-TEX STANDARD 100<\/li>\n<li><strong>Tissu : <\/strong> 100% Coton<\/li>\n<li><strong>Fonctionnalit\u00e9 : <\/strong> Washable and reusable<\/li>\n<li><strong>Edge : <\/strong> One Stitching Edge<\/li>\n<\/ul>","protected":false},"excerpt":{"rendered":"<p>is_customized : Oui Sp\u00e9cification : 60*60cm mati\u00e8re : 100% Coton style : Moderne motif : Teint uni technique : crochet\u00e9<\/p>","protected":false},"featured_media":176651,"comment_status":"open","ping_status":"closed","template":"","meta":[],"product_brand":[],"product_cat":[30961],"product_tag":[],"class_list":{"0":"post-176652","1":"product","2":"type-product","3":"status-publish","4":"has-post-thumbnail","6":"product_cat-napkins-dining-covers","8":"first","9":"instock","10":"taxable","11":"shipping-taxable","12":"purchasable","13":"product-type-variable"},"_links":{"self":[{"href":"https:\/\/nexgendecors.com\/fr\/wp-json\/wp\/v2\/product\/176652","targetHints":{"allow":["GET"]}}],"collection":[{"href":"https:\/\/nexgendecors.com\/fr\/wp-json\/wp\/v2\/product"}],"about":[{"href":"https:\/\/nexgendecors.com\/fr\/wp-json\/wp\/v2\/types\/product"}],"replies":[{"embeddable":true,"href":"https:\/\/nexgendecors.com\/fr\/wp-json\/wp\/v2\/comments?post=176652"}],"version-history":[{"count":0,"href":"https:\/\/nexgendecors.com\/fr\/wp-json\/wp\/v2\/product\/176652\/revisions"}],"wp:featuredmedia":[{"embeddable":true,"href":"https:\/\/nexgendecors.com\/fr\/wp-json\/wp\/v2\/media\/176651"}],"wp:attachment":[{"href":"https:\/\/nexgendecors.com\/fr\/wp-json\/wp\/v2\/media?parent=176652"}],"wp:term":[{"taxonomy":"product_brand","embeddable":true,"href":"https:\/\/nexgendecors.com\/fr\/wp-json\/wp\/v2\/product_brand?post=176652"},{"taxonomy":"product_cat","embeddable":true,"href":"https:\/\/nexgendecors.com\/fr\/wp-json\/wp\/v2\/product_cat?post=176652"},{"taxonomy":"product_tag","embeddable":true,"href":"https:\/\/nexgendecors.com\/fr\/wp-json\/wp\/v2\/product_tag?post=176652"}],"curies":[{"name":"wp","href":"https:\/\/api.w.org\/{rel}","templated":true}]}}