{"id":176692,"date":"2025-02-26T06:35:27","date_gmt":"2025-02-26T06:35:27","guid":{"rendered":"https:\/\/nexgendecors.com\/en\/product\/free-sample-round-white-polyester-cotton-banquet-wedding-linen-hotel-table-cloth-tablecloth-for-hotels\/"},"modified":"2025-04-06T10:47:21","modified_gmt":"2025-04-06T10:47:21","slug":"free-sample-round-white-polyester-cotton-banquet-wedding-linen-hotel-table-cloth-tablecloth-for-hotels","status":"publish","type":"product","link":"https:\/\/nexgendecors.com\/fr\/product\/free-sample-round-white-polyester-cotton-banquet-wedding-linen-hotel-table-cloth-tablecloth-for-hotels\/","title":{"rendered":"\u00c9chantillon gratuit de nappe ronde en polyester et coton blanc pour banquet, mariage, h\u00f4tel"},"content":{"rendered":"<ul>\n<li><strong>mat\u00e9riel : <\/strong> Coton 100%<\/li>\n<li><strong>type de motif : <\/strong> Geometric<\/li>\n<li><strong>est_personnalis\u00e9 : <\/strong> Oui<\/li>\n<li><strong>style : <\/strong> Plaine<\/li>\n<li><strong>mod\u00e8le : <\/strong> Teint uni<\/li>\n<li><strong>techniques : <\/strong> tiss\u00e9<\/li>\n<li><strong>forme : <\/strong> Oval<\/li>\n<li><strong>fonctionnalit\u00e9 : <\/strong> Oilproof<\/li>\n<li><strong>application : <\/strong> Banquet, Home, Hotel, outdoor, Party, Wedding<\/li>\n<li><strong>lieu d&#039;origine : <\/strong> Guangdong, Chine<\/li>\n<li><strong>nom de marque : <\/strong> \u00c9LIE<\/li>\n<li><strong>num\u00e9ro de mod\u00e8le : <\/strong> tablecloths for hotels<\/li>\n<li><strong>Couleur : <\/strong> Peut \u00eatre personnalis\u00e9<\/li>\n<li><strong>Conception : <\/strong> Custom Designs Unique Logo<\/li>\n<li><strong>Taille : <\/strong> Taille personnalis\u00e9e<\/li>\n<li><strong>Article : <\/strong> Wedding Party Hotel Table Cloth<\/li>\n<li><strong>Utilisation : <\/strong> SOIR\u00c9E DE SOUDURE \u00c0 L&#039;H\u00d4TEL \u00c0 DOMICILE<\/li>\n<li><strong>Taper : <\/strong> Tablecover<\/li>\n<li><strong>\u00c9chantillons : <\/strong> 1-3 Working Days<\/li>\n<li><strong>Avantage : <\/strong> Professional Service<\/li>\n<li><strong>Utiliser : <\/strong> Restaurant, Resort, Club<\/li>\n<li><strong>Saison : <\/strong> Automne<\/li>\n<\/ul>","protected":false},"excerpt":{"rendered":"<p>mati\u00e8re : 100% Coton type de motif : G\u00e9om\u00e9trique est_personnalis\u00e9 : Oui style : Uni motif : Teinture unie techniques :<\/p>","protected":false},"featured_media":176691,"comment_status":"open","ping_status":"closed","template":"","meta":[],"product_brand":[],"product_cat":[30961],"product_tag":[],"class_list":{"0":"post-176692","1":"product","2":"type-product","3":"status-publish","4":"has-post-thumbnail","6":"product_cat-napkins-dining-covers","8":"first","9":"instock","10":"taxable","11":"shipping-taxable","12":"purchasable","13":"product-type-variable"},"_links":{"self":[{"href":"https:\/\/nexgendecors.com\/fr\/wp-json\/wp\/v2\/product\/176692","targetHints":{"allow":["GET"]}}],"collection":[{"href":"https:\/\/nexgendecors.com\/fr\/wp-json\/wp\/v2\/product"}],"about":[{"href":"https:\/\/nexgendecors.com\/fr\/wp-json\/wp\/v2\/types\/product"}],"replies":[{"embeddable":true,"href":"https:\/\/nexgendecors.com\/fr\/wp-json\/wp\/v2\/comments?post=176692"}],"version-history":[{"count":0,"href":"https:\/\/nexgendecors.com\/fr\/wp-json\/wp\/v2\/product\/176692\/revisions"}],"wp:featuredmedia":[{"embeddable":true,"href":"https:\/\/nexgendecors.com\/fr\/wp-json\/wp\/v2\/media\/176691"}],"wp:attachment":[{"href":"https:\/\/nexgendecors.com\/fr\/wp-json\/wp\/v2\/media?parent=176692"}],"wp:term":[{"taxonomy":"product_brand","embeddable":true,"href":"https:\/\/nexgendecors.com\/fr\/wp-json\/wp\/v2\/product_brand?post=176692"},{"taxonomy":"product_cat","embeddable":true,"href":"https:\/\/nexgendecors.com\/fr\/wp-json\/wp\/v2\/product_cat?post=176692"},{"taxonomy":"product_tag","embeddable":true,"href":"https:\/\/nexgendecors.com\/fr\/wp-json\/wp\/v2\/product_tag?post=176692"}],"curies":[{"name":"wp","href":"https:\/\/api.w.org\/{rel}","templated":true}]}}