{"id":176710,"date":"2025-02-26T06:35:52","date_gmt":"2025-02-26T06:35:52","guid":{"rendered":"https:\/\/nexgendecors.com\/en\/product\/luxury-restaurant-5-stars-hotel-round-white-wedding-table-cloth\/"},"modified":"2025-02-26T06:36:04","modified_gmt":"2025-02-26T06:36:04","slug":"luxury-restaurant-5-stars-hotel-round-white-wedding-table-cloth","status":"publish","type":"product","link":"https:\/\/nexgendecors.com\/fr\/product\/luxury-restaurant-5-stars-hotel-round-white-wedding-table-cloth\/","title":{"rendered":"Nappe de mariage ronde blanche pour restaurant de luxe, h\u00f4tel 5 \u00e9toiles"},"content":{"rendered":"<ul>\n<li><strong>mat\u00e9riel : <\/strong> Polyester \/ Coton<\/li>\n<li><strong>type de motif : <\/strong> Plant<\/li>\n<li><strong>est_personnalis\u00e9 : <\/strong> Oui<\/li>\n<li><strong>style : <\/strong> Classic<\/li>\n<li><strong>mod\u00e8le : <\/strong> Embroidered \/ Plain Dyed<\/li>\n<li><strong>techniques : <\/strong> tricot\u00e9<\/li>\n<li><strong>forme : <\/strong> Round \/ Square<\/li>\n<li><strong>fonctionnalit\u00e9 : <\/strong> \u00c9tanche<\/li>\n<li><strong>application : <\/strong> Home, outdoor, Hotel, Wedding, Party, Banquet<\/li>\n<li><strong>lieu d&#039;origine : <\/strong> Chine<\/li>\n<li><strong>nom de marque : <\/strong> ELIYA HOTEL LINEN<\/li>\n<li><strong>num\u00e9ro de mod\u00e8le : <\/strong> ELIYA-DL-342<\/li>\n<li><strong>Nom du produit : <\/strong> Hotel Table Cloth<\/li>\n<li><strong>Tissu : <\/strong> Polyester \/ Coton<\/li>\n<li><strong>Logo : <\/strong> Logo du client<\/li>\n<li><strong>Fonction : <\/strong> Hotel \/ Wedding \/ Banquet \/ Restaurant<\/li>\n<li><strong>Poids : <\/strong> 30-150gsm<\/li>\n<li><strong>Surface : <\/strong> Glossy \/Matte<\/li>\n<li><strong>Avantage : <\/strong> Service \/ Waterproof \/Beautiful<\/li>\n<li><strong>Taper : <\/strong> Hotel Items Theme \/ Wedding Party Theme<\/li>\n<li><strong>Dur\u00e9e de l&#039;\u00e9chantillon : <\/strong> 3 &#8211; 7 Days<\/li>\n<li><strong>Couleur : <\/strong> Couleur personnalis\u00e9e<\/li>\n<\/ul>","protected":false},"excerpt":{"rendered":"<p>mati\u00e8re : Polyester \/ Coton type de motif : V\u00e9g\u00e9tal is_customized : Oui style : Classique motif : Brod\u00e9 \/ Uni<\/p>","protected":false},"featured_media":176709,"comment_status":"open","ping_status":"closed","template":"","meta":[],"product_brand":[],"product_cat":[30961],"product_tag":[],"class_list":{"0":"post-176710","1":"product","2":"type-product","3":"status-publish","4":"has-post-thumbnail","6":"product_cat-napkins-dining-covers","8":"first","9":"instock","10":"taxable","11":"shipping-taxable","12":"purchasable","13":"product-type-variable"},"_links":{"self":[{"href":"https:\/\/nexgendecors.com\/fr\/wp-json\/wp\/v2\/product\/176710","targetHints":{"allow":["GET"]}}],"collection":[{"href":"https:\/\/nexgendecors.com\/fr\/wp-json\/wp\/v2\/product"}],"about":[{"href":"https:\/\/nexgendecors.com\/fr\/wp-json\/wp\/v2\/types\/product"}],"replies":[{"embeddable":true,"href":"https:\/\/nexgendecors.com\/fr\/wp-json\/wp\/v2\/comments?post=176710"}],"version-history":[{"count":0,"href":"https:\/\/nexgendecors.com\/fr\/wp-json\/wp\/v2\/product\/176710\/revisions"}],"wp:featuredmedia":[{"embeddable":true,"href":"https:\/\/nexgendecors.com\/fr\/wp-json\/wp\/v2\/media\/176709"}],"wp:attachment":[{"href":"https:\/\/nexgendecors.com\/fr\/wp-json\/wp\/v2\/media?parent=176710"}],"wp:term":[{"taxonomy":"product_brand","embeddable":true,"href":"https:\/\/nexgendecors.com\/fr\/wp-json\/wp\/v2\/product_brand?post=176710"},{"taxonomy":"product_cat","embeddable":true,"href":"https:\/\/nexgendecors.com\/fr\/wp-json\/wp\/v2\/product_cat?post=176710"},{"taxonomy":"product_tag","embeddable":true,"href":"https:\/\/nexgendecors.com\/fr\/wp-json\/wp\/v2\/product_tag?post=176710"}],"curies":[{"name":"wp","href":"https:\/\/api.w.org\/{rel}","templated":true}]}}