{"id":176852,"date":"2025-02-26T06:40:02","date_gmt":"2025-02-26T06:40:02","guid":{"rendered":"https:\/\/nexgendecors.com\/en\/product\/custom-white-wedding-party-round-table-cloth-for-luxury-hotel-polyester-cotton-waterproof-indoor-and-outdoor-banquet-presents\/"},"modified":"2025-04-06T10:47:51","modified_gmt":"2025-04-06T10:47:51","slug":"custom-white-wedding-party-round-table-cloth-for-luxury-hotel-polyester-cotton-waterproof-indoor-and-outdoor-banquet-presents","status":"publish","type":"product","link":"https:\/\/nexgendecors.com\/fr\/product\/custom-white-wedding-party-round-table-cloth-for-luxury-hotel-polyester-cotton-waterproof-indoor-and-outdoor-banquet-presents\/","title":{"rendered":"Nappe ronde blanche personnalis\u00e9e pour f\u00eate de mariage, pour h\u00f4tel de luxe, polyester\/coton, imperm\u00e9able, pour banquet int\u00e9rieur et ext\u00e9rieur. PR\u00c9SENTS"},"content":{"rendered":"<ul>\n<li><strong>mat\u00e9riel : <\/strong> Polyester \/ Coton<\/li>\n<li><strong>type de motif : <\/strong> Plant<\/li>\n<li><strong>est_personnalis\u00e9 : <\/strong> Oui<\/li>\n<li><strong>style : <\/strong> Classic<\/li>\n<li><strong>mod\u00e8le : <\/strong> Embroidered \/ Plain Dyed<\/li>\n<li><strong>techniques : <\/strong> tricot\u00e9<\/li>\n<li><strong>forme : <\/strong> Round \/ Square<\/li>\n<li><strong>fonctionnalit\u00e9 : <\/strong> \u00c9tanche<\/li>\n<li><strong>application : <\/strong> Home, outdoor, Hotel, Wedding, Party, Banquet<\/li>\n<li><strong>lieu d&#039;origine : <\/strong> Chine<\/li>\n<li><strong>nom de marque : <\/strong> ELIYA HOTEL LINEN<\/li>\n<li><strong>num\u00e9ro de mod\u00e8le : <\/strong> ELIYA-DL-009<\/li>\n<li><strong>Nom du produit : <\/strong> Round Table Cloth<\/li>\n<li><strong>Tissu : <\/strong> Polyester \/ Coton<\/li>\n<li><strong>Logo : <\/strong> Logo du client<\/li>\n<li><strong>Fonction : <\/strong> Hotel \/ Wedding \/ Banquet \/ Restaurant<\/li>\n<li><strong>Poids : <\/strong> 30-150gsm<\/li>\n<li><strong>Surface : <\/strong> Glossy \/Matte<\/li>\n<li><strong>Avantage : <\/strong> Service \/ Waterproof \/Beautiful<\/li>\n<li><strong>Taper : <\/strong> Hotel Items Theme \/ Wedding Party Theme<\/li>\n<li><strong>Dur\u00e9e de l&#039;\u00e9chantillon : <\/strong> 3 &#8211; 7 Days<\/li>\n<li><strong>Couleur : <\/strong> Couleur personnalis\u00e9e<\/li>\n<li><strong>Acheteur commercial : <\/strong> Caterers &amp; Canteens, Restaurants, Fast Food and Takeaway Food Services, Food &amp; Beverage Stores, Food &amp; Beverage Manufacture, Bubble tea,Juice &amp; Smoothie Bars, Hotels, Cafes and Coffee Shops<\/li>\n<li><strong>Occasion : <\/strong> Party, Presents, Wedding<\/li>\n<li><strong>Style de conception : <\/strong> Transitional, CLASSIC<\/li>\n<li><strong>Saison : <\/strong> Tous les jours<\/li>\n<li><strong>Room Space : <\/strong> Dining Room, Indoor and Outdoor<\/li>\n<li><strong>Certification : <\/strong> OEKO-TEX STANDARD 100<\/li>\n<\/ul>","protected":false},"excerpt":{"rendered":"<p>mati\u00e8re : Polyester \/ Coton type de motif : V\u00e9g\u00e9tal is_customized : Oui style : Classique motif : Brod\u00e9 \/ Uni<\/p>","protected":false},"featured_media":176851,"comment_status":"open","ping_status":"closed","template":"","meta":[],"product_brand":[],"product_cat":[30961],"product_tag":[],"class_list":{"0":"post-176852","1":"product","2":"type-product","3":"status-publish","4":"has-post-thumbnail","6":"product_cat-napkins-dining-covers","8":"first","9":"instock","10":"taxable","11":"shipping-taxable","12":"purchasable","13":"product-type-variable"},"_links":{"self":[{"href":"https:\/\/nexgendecors.com\/fr\/wp-json\/wp\/v2\/product\/176852","targetHints":{"allow":["GET"]}}],"collection":[{"href":"https:\/\/nexgendecors.com\/fr\/wp-json\/wp\/v2\/product"}],"about":[{"href":"https:\/\/nexgendecors.com\/fr\/wp-json\/wp\/v2\/types\/product"}],"replies":[{"embeddable":true,"href":"https:\/\/nexgendecors.com\/fr\/wp-json\/wp\/v2\/comments?post=176852"}],"version-history":[{"count":0,"href":"https:\/\/nexgendecors.com\/fr\/wp-json\/wp\/v2\/product\/176852\/revisions"}],"wp:featuredmedia":[{"embeddable":true,"href":"https:\/\/nexgendecors.com\/fr\/wp-json\/wp\/v2\/media\/176851"}],"wp:attachment":[{"href":"https:\/\/nexgendecors.com\/fr\/wp-json\/wp\/v2\/media?parent=176852"}],"wp:term":[{"taxonomy":"product_brand","embeddable":true,"href":"https:\/\/nexgendecors.com\/fr\/wp-json\/wp\/v2\/product_brand?post=176852"},{"taxonomy":"product_cat","embeddable":true,"href":"https:\/\/nexgendecors.com\/fr\/wp-json\/wp\/v2\/product_cat?post=176852"},{"taxonomy":"product_tag","embeddable":true,"href":"https:\/\/nexgendecors.com\/fr\/wp-json\/wp\/v2\/product_tag?post=176852"}],"curies":[{"name":"wp","href":"https:\/\/api.w.org\/{rel}","templated":true}]}}