{"id":176968,"date":"2025-02-26T06:40:44","date_gmt":"2025-02-26T06:40:44","guid":{"rendered":"https:\/\/nexgendecors.com\/en\/product\/eliya-factory-outlet-table-linen-table-cloth-100-cotton-for-hotel\/"},"modified":"2025-04-06T10:48:10","modified_gmt":"2025-04-06T10:48:10","slug":"eliya-factory-outlet-table-linen-table-cloth-100-cotton-for-hotel","status":"publish","type":"product","link":"https:\/\/nexgendecors.com\/fr\/product\/eliya-factory-outlet-table-linen-table-cloth-100-cotton-for-hotel\/","title":{"rendered":"Linge de table ELIYA Factory Outlet, nappe 100% en coton pour h\u00f4tel"},"content":{"rendered":"<ul>\n<li><strong>mat\u00e9riel : <\/strong> Lace Fabric<\/li>\n<li><strong>type de motif : <\/strong> Geometric<\/li>\n<li><strong>est_personnalis\u00e9 : <\/strong> Oui<\/li>\n<li><strong>style : <\/strong> Plaine<\/li>\n<li><strong>mod\u00e8le : <\/strong> Teint uni<\/li>\n<li><strong>techniques : <\/strong> tiss\u00e9<\/li>\n<li><strong>forme : <\/strong> ROND<\/li>\n<li><strong>fonctionnalit\u00e9 : <\/strong> Non-r\u00e9tr\u00e9cissement<\/li>\n<li><strong>application : <\/strong> Banquet, Maison, H\u00f4tel, ext\u00e9rieur, F\u00eate, Mariage, Restaurant, Complexe h\u00f4telier, Club<\/li>\n<li><strong>lieu d&#039;origine : <\/strong> Guangdong, Chine<\/li>\n<li><strong>nom de marque : <\/strong> \u00c9LIE<\/li>\n<li><strong>num\u00e9ro de mod\u00e8le : <\/strong> ELYK16010608<\/li>\n<li><strong>Title : <\/strong> ELIYA Factory Outlet Table Linen Table Cloth 100% Cotton For Hotel<\/li>\n<li><strong>Saison : <\/strong> Automne<\/li>\n<li><strong>Room Space : <\/strong> Salle \u00e0 manger<\/li>\n<\/ul>","protected":false},"excerpt":{"rendered":"<p>mati\u00e8re : Dentelle Type de motif du tissu : G\u00e9om\u00e9trique Personnalis\u00e9 : Oui Style : Uni Motif : Teinture unie Techniques :<\/p>","protected":false},"featured_media":176967,"comment_status":"open","ping_status":"closed","template":"","meta":[],"product_brand":[],"product_cat":[30961],"product_tag":[],"class_list":{"0":"post-176968","1":"product","2":"type-product","3":"status-publish","4":"has-post-thumbnail","6":"product_cat-napkins-dining-covers","8":"first","9":"instock","10":"taxable","11":"shipping-taxable","12":"purchasable","13":"product-type-variable"},"_links":{"self":[{"href":"https:\/\/nexgendecors.com\/fr\/wp-json\/wp\/v2\/product\/176968","targetHints":{"allow":["GET"]}}],"collection":[{"href":"https:\/\/nexgendecors.com\/fr\/wp-json\/wp\/v2\/product"}],"about":[{"href":"https:\/\/nexgendecors.com\/fr\/wp-json\/wp\/v2\/types\/product"}],"replies":[{"embeddable":true,"href":"https:\/\/nexgendecors.com\/fr\/wp-json\/wp\/v2\/comments?post=176968"}],"version-history":[{"count":0,"href":"https:\/\/nexgendecors.com\/fr\/wp-json\/wp\/v2\/product\/176968\/revisions"}],"wp:featuredmedia":[{"embeddable":true,"href":"https:\/\/nexgendecors.com\/fr\/wp-json\/wp\/v2\/media\/176967"}],"wp:attachment":[{"href":"https:\/\/nexgendecors.com\/fr\/wp-json\/wp\/v2\/media?parent=176968"}],"wp:term":[{"taxonomy":"product_brand","embeddable":true,"href":"https:\/\/nexgendecors.com\/fr\/wp-json\/wp\/v2\/product_brand?post=176968"},{"taxonomy":"product_cat","embeddable":true,"href":"https:\/\/nexgendecors.com\/fr\/wp-json\/wp\/v2\/product_cat?post=176968"},{"taxonomy":"product_tag","embeddable":true,"href":"https:\/\/nexgendecors.com\/fr\/wp-json\/wp\/v2\/product_tag?post=176968"}],"curies":[{"name":"wp","href":"https:\/\/api.w.org\/{rel}","templated":true}]}}