{"id":176979,"date":"2025-02-26T06:40:58","date_gmt":"2025-02-26T06:40:58","guid":{"rendered":"https:\/\/nexgendecors.com\/en\/product\/table-cloth-new-design-high-quality-promotional-banquet\/"},"modified":"2025-04-06T10:48:19","modified_gmt":"2025-04-06T10:48:19","slug":"nappe-de-table-de-banquet-promotionnelle-de-haute-qualite-de-nouveau-design","status":"publish","type":"product","link":"https:\/\/nexgendecors.com\/fr\/product\/nappe-de-table-de-banquet-promotionnelle-de-haute-qualite-de-nouveau-design\/","title":{"rendered":"Nappe de table de haute qualit\u00e9, design nouveau, pour banquet promotionnel"},"content":{"rendered":"<ul>\n<li><strong>mat\u00e9riel : <\/strong> Spandex<\/li>\n<li><strong>type de motif : <\/strong> Solide<\/li>\n<li><strong>est_personnalis\u00e9 : <\/strong> Oui<\/li>\n<li><strong>style : <\/strong> Plaine<\/li>\n<li><strong>mod\u00e8le : <\/strong> Teint uni<\/li>\n<li><strong>techniques : <\/strong> tiss\u00e9<\/li>\n<li><strong>forme : <\/strong> ROND<\/li>\n<li><strong>fonctionnalit\u00e9 : <\/strong> Non-r\u00e9tr\u00e9cissement<\/li>\n<li><strong>application : <\/strong> Banquet, Maison, H\u00f4tel, ext\u00e9rieur, F\u00eate, Mariage, Restaurant, Complexe h\u00f4telier, Club<\/li>\n<li><strong>lieu d&#039;origine : <\/strong> Guangdong, Chine<\/li>\n<li><strong>nom de marque : <\/strong> \u00c9LIE<\/li>\n<li><strong>num\u00e9ro de mod\u00e8le : <\/strong> D013C1SP1-8#<\/li>\n<li><strong>Couleur : <\/strong> Couleur personnalis\u00e9e<\/li>\n<li><strong>Utilisation : <\/strong> SOIR\u00c9E DE SOUDURE \u00c0 L&#039;H\u00d4TEL \u00c0 DOMICILE<\/li>\n<li><strong>Tissu : <\/strong> Coton et lin<\/li>\n<li><strong>Quantit\u00e9 minimale de commande : <\/strong> 100 pi\u00e8ces<\/li>\n<li><strong>Fonction : <\/strong> Mariage.banquet.restaurant.h\u00f4tel<\/li>\n<li><strong>Logo : <\/strong> Logo du client<\/li>\n<li><strong>Conditions de paiement : <\/strong> T\/T<\/li>\n<li><strong>Emballage : <\/strong> sac tiss\u00e9<\/li>\n<li><strong>Exp\u00e9dition : <\/strong> Transport maritime<\/li>\n<\/ul>","protected":false},"excerpt":{"rendered":"<p>mati\u00e8re : Spandex type de motif : Uni est_personnalis\u00e9 : Oui style : Uni motif : Teint uni technique : tiss\u00e9<\/p>","protected":false},"featured_media":176978,"comment_status":"open","ping_status":"closed","template":"","meta":[],"product_brand":[],"product_cat":[30961],"product_tag":[],"class_list":{"0":"post-176979","1":"product","2":"type-product","3":"status-publish","4":"has-post-thumbnail","6":"product_cat-napkins-dining-covers","8":"first","9":"instock","10":"taxable","11":"shipping-taxable","12":"purchasable","13":"product-type-variable"},"_links":{"self":[{"href":"https:\/\/nexgendecors.com\/fr\/wp-json\/wp\/v2\/product\/176979","targetHints":{"allow":["GET"]}}],"collection":[{"href":"https:\/\/nexgendecors.com\/fr\/wp-json\/wp\/v2\/product"}],"about":[{"href":"https:\/\/nexgendecors.com\/fr\/wp-json\/wp\/v2\/types\/product"}],"replies":[{"embeddable":true,"href":"https:\/\/nexgendecors.com\/fr\/wp-json\/wp\/v2\/comments?post=176979"}],"version-history":[{"count":0,"href":"https:\/\/nexgendecors.com\/fr\/wp-json\/wp\/v2\/product\/176979\/revisions"}],"wp:featuredmedia":[{"embeddable":true,"href":"https:\/\/nexgendecors.com\/fr\/wp-json\/wp\/v2\/media\/176978"}],"wp:attachment":[{"href":"https:\/\/nexgendecors.com\/fr\/wp-json\/wp\/v2\/media?parent=176979"}],"wp:term":[{"taxonomy":"product_brand","embeddable":true,"href":"https:\/\/nexgendecors.com\/fr\/wp-json\/wp\/v2\/product_brand?post=176979"},{"taxonomy":"product_cat","embeddable":true,"href":"https:\/\/nexgendecors.com\/fr\/wp-json\/wp\/v2\/product_cat?post=176979"},{"taxonomy":"product_tag","embeddable":true,"href":"https:\/\/nexgendecors.com\/fr\/wp-json\/wp\/v2\/product_tag?post=176979"}],"curies":[{"name":"wp","href":"https:\/\/api.w.org\/{rel}","templated":true}]}}