{"id":177006,"date":"2025-02-26T06:41:14","date_gmt":"2025-02-26T06:41:14","guid":{"rendered":"https:\/\/nexgendecors.com\/en\/product\/catering-equipment-polyester-table-cloth-fabric-decorative-wedding-table-cover\/"},"modified":"2025-04-06T10:48:28","modified_gmt":"2025-04-06T10:48:28","slug":"catering-equipment-polyester-table-cloth-fabric-decorative-wedding-table-cover","status":"publish","type":"product","link":"https:\/\/nexgendecors.com\/fr\/product\/catering-equipment-polyester-table-cloth-fabric-decorative-wedding-table-cover\/","title":{"rendered":"\u00c9quipement de restauration Nappes de table en polyester Tissu Couverture de table de mariage d\u00e9corative"},"content":{"rendered":"<ul>\n<li><strong>mat\u00e9riel : <\/strong> 100% Polyester<\/li>\n<li><strong>type de motif : <\/strong> Geometric<\/li>\n<li><strong>style : <\/strong> Plaine<\/li>\n<li><strong>mod\u00e8le : <\/strong> Teint uni<\/li>\n<li><strong>techniques : <\/strong> tiss\u00e9<\/li>\n<li><strong>forme : <\/strong> ROND<\/li>\n<li><strong>fonctionnalit\u00e9 : <\/strong> Non-r\u00e9tr\u00e9cissement<\/li>\n<li><strong>application : <\/strong> Banquet, Maison, H\u00f4tel, ext\u00e9rieur, F\u00eate, Mariage, Restaurant, Complexe h\u00f4telier, Club<\/li>\n<li><strong>lieu d&#039;origine : <\/strong> Guangdong, Chine<\/li>\n<li><strong>nom de marque : <\/strong> \u00c9LIE<\/li>\n<li><strong>Saison : <\/strong> Automne<\/li>\n<li><strong>Room Space : <\/strong> Salle \u00e0 manger<\/li>\n<\/ul>","protected":false},"excerpt":{"rendered":"<p>mati\u00e8re : 100% Polyester type de motif : Style g\u00e9om\u00e9trique : uni Motif : uni Technique de teinture : tiss\u00e9 Forme :<\/p>","protected":false},"featured_media":177005,"comment_status":"open","ping_status":"closed","template":"","meta":[],"product_brand":[],"product_cat":[30961],"product_tag":[],"class_list":{"0":"post-177006","1":"product","2":"type-product","3":"status-publish","4":"has-post-thumbnail","6":"product_cat-napkins-dining-covers","8":"first","9":"instock","10":"taxable","11":"shipping-taxable","12":"purchasable","13":"product-type-variable"},"_links":{"self":[{"href":"https:\/\/nexgendecors.com\/fr\/wp-json\/wp\/v2\/product\/177006","targetHints":{"allow":["GET"]}}],"collection":[{"href":"https:\/\/nexgendecors.com\/fr\/wp-json\/wp\/v2\/product"}],"about":[{"href":"https:\/\/nexgendecors.com\/fr\/wp-json\/wp\/v2\/types\/product"}],"replies":[{"embeddable":true,"href":"https:\/\/nexgendecors.com\/fr\/wp-json\/wp\/v2\/comments?post=177006"}],"version-history":[{"count":0,"href":"https:\/\/nexgendecors.com\/fr\/wp-json\/wp\/v2\/product\/177006\/revisions"}],"wp:featuredmedia":[{"embeddable":true,"href":"https:\/\/nexgendecors.com\/fr\/wp-json\/wp\/v2\/media\/177005"}],"wp:attachment":[{"href":"https:\/\/nexgendecors.com\/fr\/wp-json\/wp\/v2\/media?parent=177006"}],"wp:term":[{"taxonomy":"product_brand","embeddable":true,"href":"https:\/\/nexgendecors.com\/fr\/wp-json\/wp\/v2\/product_brand?post=177006"},{"taxonomy":"product_cat","embeddable":true,"href":"https:\/\/nexgendecors.com\/fr\/wp-json\/wp\/v2\/product_cat?post=177006"},{"taxonomy":"product_tag","embeddable":true,"href":"https:\/\/nexgendecors.com\/fr\/wp-json\/wp\/v2\/product_tag?post=177006"}],"curies":[{"name":"wp","href":"https:\/\/api.w.org\/{rel}","templated":true}]}}