{"id":177022,"date":"2025-02-26T06:41:57","date_gmt":"2025-02-26T06:41:57","guid":{"rendered":"https:\/\/nexgendecors.com\/en\/product\/5-star-hotel-restaurant-dinning-luxury-linen-table-cloth-for-wedding\/"},"modified":"2025-04-06T10:48:42","modified_gmt":"2025-04-06T10:48:42","slug":"5-star-hotel-restaurant-dinning-luxury-linen-table-cloth-for-wedding","status":"publish","type":"product","link":"https:\/\/nexgendecors.com\/fr\/product\/5-star-hotel-restaurant-dinning-luxury-linen-table-cloth-for-wedding\/","title":{"rendered":"5 Star Hotel Restaurant Dinning Luxury Linen Table Cloth for Wedding"},"content":{"rendered":"<ul>\n<li><strong>mat\u00e9riel : <\/strong> Polyester \/ Coton<\/li>\n<li><strong>type de motif : <\/strong> Plant<\/li>\n<li><strong>est_personnalis\u00e9 : <\/strong> Oui<\/li>\n<li><strong>style : <\/strong> Classic<\/li>\n<li><strong>mod\u00e8le : <\/strong> Embroidered \/ Plain Dyed<\/li>\n<li><strong>techniques : <\/strong> tricot\u00e9<\/li>\n<li><strong>forme : <\/strong> Round \/ Square<\/li>\n<li><strong>application : <\/strong> Home, outdoor, Hotel, Wedding, Party, Banquet<\/li>\n<li><strong>lieu d&#039;origine : <\/strong> Guangdong, Chine<\/li>\n<li><strong>nom de marque : <\/strong> ELIYA HOTEL LINEN<\/li>\n<li><strong>num\u00e9ro de mod\u00e8le : <\/strong> ELIYA-BB-045<\/li>\n<li><strong>Nom du produit : <\/strong> Dinning Table Cloth<\/li>\n<li><strong>Logo : <\/strong> Logo du client<\/li>\n<li><strong>Tissu : <\/strong> Polyester \/ Coton<\/li>\n<li><strong>Fonction : <\/strong> Hotel \/ Wedding \/ Banquet \/ Restaurant<\/li>\n<li><strong>Poids : <\/strong> 30-150gsm<\/li>\n<li><strong>Surface : <\/strong> Glossy \/Matte<\/li>\n<li><strong>Avantage : <\/strong> Service \/ Waterproof \/Beautiful<\/li>\n<li><strong>Taper : <\/strong> Hotel Items Theme \/ Wedding Party Theme<\/li>\n<li><strong>Dur\u00e9e de l&#039;\u00e9chantillon : <\/strong> 3 &#8211; 7 Days<\/li>\n<li><strong>Couleur : <\/strong> Couleur personnalis\u00e9e<\/li>\n<li><strong>Saison : <\/strong> Tous les jours<\/li>\n<li><strong>Room Space : <\/strong> Salle \u00e0 manger<\/li>\n<\/ul>","protected":false},"excerpt":{"rendered":"<p>mati\u00e8re : Polyester \/ Coton type de motif : V\u00e9g\u00e9tal is_customized : Oui style : Classique motif : Brod\u00e9 \/ Uni<\/p>","protected":false},"featured_media":177021,"comment_status":"open","ping_status":"closed","template":"","meta":[],"product_brand":[],"product_cat":[30961],"product_tag":[],"class_list":{"0":"post-177022","1":"product","2":"type-product","3":"status-publish","4":"has-post-thumbnail","6":"product_cat-napkins-dining-covers","8":"first","9":"instock","10":"taxable","11":"shipping-taxable","12":"purchasable","13":"product-type-variable"},"_links":{"self":[{"href":"https:\/\/nexgendecors.com\/fr\/wp-json\/wp\/v2\/product\/177022","targetHints":{"allow":["GET"]}}],"collection":[{"href":"https:\/\/nexgendecors.com\/fr\/wp-json\/wp\/v2\/product"}],"about":[{"href":"https:\/\/nexgendecors.com\/fr\/wp-json\/wp\/v2\/types\/product"}],"replies":[{"embeddable":true,"href":"https:\/\/nexgendecors.com\/fr\/wp-json\/wp\/v2\/comments?post=177022"}],"version-history":[{"count":0,"href":"https:\/\/nexgendecors.com\/fr\/wp-json\/wp\/v2\/product\/177022\/revisions"}],"wp:featuredmedia":[{"embeddable":true,"href":"https:\/\/nexgendecors.com\/fr\/wp-json\/wp\/v2\/media\/177021"}],"wp:attachment":[{"href":"https:\/\/nexgendecors.com\/fr\/wp-json\/wp\/v2\/media?parent=177022"}],"wp:term":[{"taxonomy":"product_brand","embeddable":true,"href":"https:\/\/nexgendecors.com\/fr\/wp-json\/wp\/v2\/product_brand?post=177022"},{"taxonomy":"product_cat","embeddable":true,"href":"https:\/\/nexgendecors.com\/fr\/wp-json\/wp\/v2\/product_cat?post=177022"},{"taxonomy":"product_tag","embeddable":true,"href":"https:\/\/nexgendecors.com\/fr\/wp-json\/wp\/v2\/product_tag?post=177022"}],"curies":[{"name":"wp","href":"https:\/\/api.w.org\/{rel}","templated":true}]}}