{"id":177043,"date":"2025-02-26T06:42:29","date_gmt":"2025-02-26T06:42:29","guid":{"rendered":"https:\/\/nexgendecors.com\/en\/product\/top-quality-marriott-manteleria-para-boda-5-star-hotel-wedding-tablecloth\/"},"modified":"2025-04-06T10:49:02","modified_gmt":"2025-04-06T10:49:02","slug":"top-quality-marriott-manteleria-para-boda-5-star-hotel-wedding-tablecloth","status":"publish","type":"product","link":"https:\/\/nexgendecors.com\/fr\/product\/top-quality-marriott-manteleria-para-boda-5-star-hotel-wedding-tablecloth\/","title":{"rendered":"Nappe de mariage de qualit\u00e9 sup\u00e9rieure Marriott Manteleria Para Boda, h\u00f4tel 5 \u00e9toiles"},"content":{"rendered":"<ul>\n<li><strong>mat\u00e9riel : <\/strong> Autre<\/li>\n<li><strong>type de motif : <\/strong> Geometric<\/li>\n<li><strong>est_personnalis\u00e9 : <\/strong> Oui<\/li>\n<li><strong>style : <\/strong> Plaine<\/li>\n<li><strong>mod\u00e8le : <\/strong> Teint uni<\/li>\n<li><strong>techniques : <\/strong> tiss\u00e9<\/li>\n<li><strong>forme : <\/strong> Autre<\/li>\n<li><strong>fonctionnalit\u00e9 : <\/strong> Oilproof, Non-shrinkage<\/li>\n<li><strong>application : <\/strong> Banquet, Maison, H\u00f4tel, ext\u00e9rieur, F\u00eate, Mariage, Restaurant, Complexe h\u00f4telier, Club<\/li>\n<li><strong>lieu d&#039;origine : <\/strong> Guangdong, Chine<\/li>\n<li><strong>nom de marque : <\/strong> \u00c9LIE<\/li>\n<li><strong>num\u00e9ro de mod\u00e8le : <\/strong> tablecloths for hotels<\/li>\n<li><strong>Certification : <\/strong> OEKO-TEX STANDARD 100<\/li>\n<li><strong>Conception : <\/strong> Custom Designs Unique Logo<\/li>\n<li><strong>Taille : <\/strong> Taille personnalis\u00e9e<\/li>\n<li><strong>Article : <\/strong> Wedding Party Hotel Table Cloth<\/li>\n<li><strong>Utilisation : <\/strong> SOIR\u00c9E DE SOUDURE \u00c0 L&#039;H\u00d4TEL \u00c0 DOMICILE<\/li>\n<li><strong>Taper : <\/strong> Tablecover<\/li>\n<li><strong>Impression : <\/strong> Dye Sublimation<\/li>\n<li><strong>\u00c9chantillons : <\/strong> 1-3 Working Days<\/li>\n<li><strong>Tissu : <\/strong> 100%cotton<\/li>\n<li><strong>Avantage : <\/strong> Professional Service<\/li>\n<\/ul>","protected":false},"excerpt":{"rendered":"<p>mati\u00e8re : Autre type de motif : G\u00e9om\u00e9trique est_personnalis\u00e9 : Oui style : Uni motif : Teinture unie techniques : tiss\u00e9<\/p>","protected":false},"featured_media":177042,"comment_status":"open","ping_status":"closed","template":"","meta":[],"product_brand":[],"product_cat":[30961],"product_tag":[],"class_list":{"0":"post-177043","1":"product","2":"type-product","3":"status-publish","4":"has-post-thumbnail","6":"product_cat-napkins-dining-covers","8":"first","9":"instock","10":"taxable","11":"shipping-taxable","12":"purchasable","13":"product-type-variable"},"_links":{"self":[{"href":"https:\/\/nexgendecors.com\/fr\/wp-json\/wp\/v2\/product\/177043","targetHints":{"allow":["GET"]}}],"collection":[{"href":"https:\/\/nexgendecors.com\/fr\/wp-json\/wp\/v2\/product"}],"about":[{"href":"https:\/\/nexgendecors.com\/fr\/wp-json\/wp\/v2\/types\/product"}],"replies":[{"embeddable":true,"href":"https:\/\/nexgendecors.com\/fr\/wp-json\/wp\/v2\/comments?post=177043"}],"version-history":[{"count":0,"href":"https:\/\/nexgendecors.com\/fr\/wp-json\/wp\/v2\/product\/177043\/revisions"}],"wp:featuredmedia":[{"embeddable":true,"href":"https:\/\/nexgendecors.com\/fr\/wp-json\/wp\/v2\/media\/177042"}],"wp:attachment":[{"href":"https:\/\/nexgendecors.com\/fr\/wp-json\/wp\/v2\/media?parent=177043"}],"wp:term":[{"taxonomy":"product_brand","embeddable":true,"href":"https:\/\/nexgendecors.com\/fr\/wp-json\/wp\/v2\/product_brand?post=177043"},{"taxonomy":"product_cat","embeddable":true,"href":"https:\/\/nexgendecors.com\/fr\/wp-json\/wp\/v2\/product_cat?post=177043"},{"taxonomy":"product_tag","embeddable":true,"href":"https:\/\/nexgendecors.com\/fr\/wp-json\/wp\/v2\/product_tag?post=177043"}],"curies":[{"name":"wp","href":"https:\/\/api.w.org\/{rel}","templated":true}]}}