{"id":177106,"date":"2025-02-26T12:17:16","date_gmt":"2025-02-26T12:17:16","guid":{"rendered":"https:\/\/nexgendecors.com\/en\/product\/customized-embroidery-logo-1230cm-closed-toe-soft-white-hotel-slipper\/"},"modified":"2025-04-06T10:49:31","modified_gmt":"2025-04-06T10:49:31","slug":"customized-embroidery-logo-1230cm-closed-toe-soft-white-hotel-slipper","status":"publish","type":"product","link":"https:\/\/nexgendecors.com\/fr\/product\/customized-embroidery-logo-1230cm-closed-toe-soft-white-hotel-slipper\/","title":{"rendered":"Chaussons d&#039;h\u00f4tel blancs souples \u00e0 bout ferm\u00e9 avec logo brod\u00e9 personnalis\u00e9 12 x 30 cm"},"content":{"rendered":"<ul>\n<li><strong>Lieu d&#039;origine : <\/strong> Guangdong, Chine<\/li>\n<li><strong>Nom de marque : <\/strong> \u00c9LIE<\/li>\n<li><strong>Num\u00e9ro de mod\u00e8le : <\/strong> ELY-BBS-222<\/li>\n<li><strong>Mat\u00e9riau de la semelle interm\u00e9diaire : <\/strong> EVA<\/li>\n<li><strong>Saison : <\/strong> Spring<\/li>\n<li><strong>Style : <\/strong> Close Toed, Disposable Slippers<\/li>\n<li><strong>Mat\u00e9riau de la semelle ext\u00e9rieure : <\/strong> EVA<\/li>\n<li><strong>Mat\u00e9riau sup\u00e9rieur : <\/strong> Microfiber, Cotton Fabric<\/li>\n<li><strong>Mat\u00e9riau de la doublure : <\/strong> plush<\/li>\n<li><strong>Fonctionnalit\u00e9 : <\/strong> Jetable<\/li>\n<li><strong>Utiliser : <\/strong> H\u00f4tel<\/li>\n<li><strong>Genre : <\/strong> Men<\/li>\n<li><strong>Nom du produit : <\/strong> Hotel Slipper<\/li>\n<li><strong>Utilisation : <\/strong> Home Hotel Traveling Spa Hospital<\/li>\n<li><strong>Couleur : <\/strong> Blanc<\/li>\n<li><strong>Logo : <\/strong> Peut \u00eatre personnalis\u00e9<\/li>\n<li><strong>Taille : <\/strong> 12*30cm<\/li>\n<li><strong>Mat\u00e9riel : <\/strong> EVA<\/li>\n<\/ul>","protected":false},"excerpt":{"rendered":"<p>Lieu d&#039;origine : Guangdong, Chine Nom de marque : ELIYA Num\u00e9ro de mod\u00e8le : ELY-BBS-222 Mat\u00e9riau de la semelle interm\u00e9diaire : EVA Saison :<\/p>","protected":false},"featured_media":177105,"comment_status":"open","ping_status":"closed","template":"","meta":[],"product_brand":[],"product_cat":[30941],"product_tag":[],"class_list":{"0":"post-177106","1":"product","2":"type-product","3":"status-publish","4":"has-post-thumbnail","6":"product_cat-hotel-robes-slippers","8":"first","9":"instock","10":"taxable","11":"shipping-taxable","12":"purchasable","13":"product-type-variable"},"_links":{"self":[{"href":"https:\/\/nexgendecors.com\/fr\/wp-json\/wp\/v2\/product\/177106","targetHints":{"allow":["GET"]}}],"collection":[{"href":"https:\/\/nexgendecors.com\/fr\/wp-json\/wp\/v2\/product"}],"about":[{"href":"https:\/\/nexgendecors.com\/fr\/wp-json\/wp\/v2\/types\/product"}],"replies":[{"embeddable":true,"href":"https:\/\/nexgendecors.com\/fr\/wp-json\/wp\/v2\/comments?post=177106"}],"version-history":[{"count":0,"href":"https:\/\/nexgendecors.com\/fr\/wp-json\/wp\/v2\/product\/177106\/revisions"}],"wp:featuredmedia":[{"embeddable":true,"href":"https:\/\/nexgendecors.com\/fr\/wp-json\/wp\/v2\/media\/177105"}],"wp:attachment":[{"href":"https:\/\/nexgendecors.com\/fr\/wp-json\/wp\/v2\/media?parent=177106"}],"wp:term":[{"taxonomy":"product_brand","embeddable":true,"href":"https:\/\/nexgendecors.com\/fr\/wp-json\/wp\/v2\/product_brand?post=177106"},{"taxonomy":"product_cat","embeddable":true,"href":"https:\/\/nexgendecors.com\/fr\/wp-json\/wp\/v2\/product_cat?post=177106"},{"taxonomy":"product_tag","embeddable":true,"href":"https:\/\/nexgendecors.com\/fr\/wp-json\/wp\/v2\/product_tag?post=177106"}],"curies":[{"name":"wp","href":"https:\/\/api.w.org\/{rel}","templated":true}]}}