{"id":177130,"date":"2025-02-26T12:20:14","date_gmt":"2025-02-26T12:20:14","guid":{"rendered":"https:\/\/nexgendecors.com\/en\/product\/5-star-luxury-white-washable-hotel-guest-slippers-with-logo\/"},"modified":"2025-04-06T10:50:03","modified_gmt":"2025-04-06T10:50:03","slug":"chaussons-dhotel-blancs-lavables-de-luxe-5-etoiles-avec-logo","status":"publish","type":"product","link":"https:\/\/nexgendecors.com\/fr\/product\/chaussons-dhotel-blancs-lavables-de-luxe-5-etoiles-avec-logo\/","title":{"rendered":"Chaussons d&#039;h\u00f4tel 5 \u00e9toiles blancs de luxe lavables avec logo"},"content":{"rendered":"<ul>\n<li><strong>Lieu d&#039;origine : <\/strong> Guangdong, Chine<\/li>\n<li><strong>Nom de marque : <\/strong> \u00c9LIE<\/li>\n<li><strong>Num\u00e9ro de mod\u00e8le : <\/strong> coutume<\/li>\n<li><strong>Mat\u00e9riau de la semelle interm\u00e9diaire : <\/strong> PVC, PU, caoutchouc, EVA, personnalis\u00e9<\/li>\n<li><strong>Saison : <\/strong> Hiver, \u00e9t\u00e9, printemps, automne<\/li>\n<li><strong>Style : <\/strong> Coutume<\/li>\n<li><strong>Mat\u00e9riau de la semelle ext\u00e9rieure : <\/strong> Coutume<\/li>\n<li><strong>Mat\u00e9riau sup\u00e9rieur : <\/strong> Coutume<\/li>\n<li><strong>Mat\u00e9riau de la doublure : <\/strong> Coutume<\/li>\n<li><strong>Style d&#039;orteil : <\/strong> Coutume<\/li>\n<li><strong>Fonctionnalit\u00e9 : <\/strong> Jetable<\/li>\n<\/ul>","protected":false},"excerpt":{"rendered":"<p>Lieu d&#039;origine : Guangdong, Chine Nom de marque : ELIYA Num\u00e9ro de mod\u00e8le : personnalis\u00e9 Mat\u00e9riau de la semelle interm\u00e9diaire : PVC, PU, caoutchouc,<\/p>","protected":false},"featured_media":177129,"comment_status":"open","ping_status":"closed","template":"","meta":[],"product_brand":[],"product_cat":[30941],"product_tag":[],"class_list":{"0":"post-177130","1":"product","2":"type-product","3":"status-publish","4":"has-post-thumbnail","6":"product_cat-hotel-robes-slippers","8":"first","9":"instock","10":"taxable","11":"shipping-taxable","12":"purchasable","13":"product-type-variable"},"_links":{"self":[{"href":"https:\/\/nexgendecors.com\/fr\/wp-json\/wp\/v2\/product\/177130","targetHints":{"allow":["GET"]}}],"collection":[{"href":"https:\/\/nexgendecors.com\/fr\/wp-json\/wp\/v2\/product"}],"about":[{"href":"https:\/\/nexgendecors.com\/fr\/wp-json\/wp\/v2\/types\/product"}],"replies":[{"embeddable":true,"href":"https:\/\/nexgendecors.com\/fr\/wp-json\/wp\/v2\/comments?post=177130"}],"version-history":[{"count":0,"href":"https:\/\/nexgendecors.com\/fr\/wp-json\/wp\/v2\/product\/177130\/revisions"}],"wp:featuredmedia":[{"embeddable":true,"href":"https:\/\/nexgendecors.com\/fr\/wp-json\/wp\/v2\/media\/177129"}],"wp:attachment":[{"href":"https:\/\/nexgendecors.com\/fr\/wp-json\/wp\/v2\/media?parent=177130"}],"wp:term":[{"taxonomy":"product_brand","embeddable":true,"href":"https:\/\/nexgendecors.com\/fr\/wp-json\/wp\/v2\/product_brand?post=177130"},{"taxonomy":"product_cat","embeddable":true,"href":"https:\/\/nexgendecors.com\/fr\/wp-json\/wp\/v2\/product_cat?post=177130"},{"taxonomy":"product_tag","embeddable":true,"href":"https:\/\/nexgendecors.com\/fr\/wp-json\/wp\/v2\/product_tag?post=177130"}],"curies":[{"name":"wp","href":"https:\/\/api.w.org\/{rel}","templated":true}]}}