{"id":177224,"date":"2025-02-26T12:36:38","date_gmt":"2025-02-26T12:36:38","guid":{"rendered":"https:\/\/nexgendecors.com\/en\/product\/high-quality-safe-box-customized-color-fireproof-hotel-drawer-safe-lock\/"},"modified":"2025-04-10T12:31:18","modified_gmt":"2025-04-10T12:31:18","slug":"high-quality-safe-box-customized-color-fireproof-hotel-drawer-safe-lock","status":"publish","type":"product","link":"https:\/\/nexgendecors.com\/fr\/product\/high-quality-safe-box-customized-color-fireproof-hotel-drawer-safe-lock\/","title":{"rendered":"Coffre-fort de haute qualit\u00e9 Couleur Personnalis\u00e9e S\u00e9curit\u00e9 tiroir h\u00f4tel ignifug\u00e9 Serrure"},"content":{"rendered":"<ul>\n<li><strong>utilisation sp\u00e9cifique : <\/strong> Hotel Bedroom Set<\/li>\n<li><strong>usage g\u00e9n\u00e9ral : <\/strong> Mobilier commercial<\/li>\n<li><strong>taper : <\/strong> Mobilier d&#039;h\u00f4tel<\/li>\n<li><strong>emballage du courrier : <\/strong> N<\/li>\n<li><strong>application : <\/strong> Living Room, Bedroom, Hotel, Apartment<\/li>\n<li><strong>style de conception : <\/strong> Moderne<\/li>\n<li><strong>mat\u00e9riel : <\/strong> m\u00e9tal<\/li>\n<li><strong>apparence : <\/strong> Moderne<\/li>\n<li><strong>type de m\u00e9tal : <\/strong> Acier inoxydable<\/li>\n<li><strong>lieu d&#039;origine : <\/strong> Guangdong, Chine<\/li>\n<li><strong>nom de marque : <\/strong> Eliya<\/li>\n<li><strong>Couleur : <\/strong> Noir<\/li>\n<li><strong>Screen : <\/strong> LED display screen<\/li>\n<li><strong>Taille : <\/strong> 420*370*200mm<\/li>\n<li><strong>Pouvoir : <\/strong> 4 x AA battery<\/li>\n<li><strong>Utilisation : <\/strong> Hotel Bed Room<\/li>\n<li><strong>Mat\u00e9riel : <\/strong> Acier inoxydable<\/li>\n<li><strong>Style : <\/strong> Mordern<\/li>\n<li><strong>Conception : <\/strong> Customized Designs<\/li>\n<\/ul>","protected":false},"excerpt":{"rendered":"<p>utilisation sp\u00e9cifique : Ensemble de chambre d'h\u00f4tel utilisation g\u00e9n\u00e9rale : Commercial Type de meuble : Meuble d'h\u00f4tel emballage postal : N application<\/p>","protected":false},"featured_media":177223,"comment_status":"open","ping_status":"closed","template":"","meta":[],"product_brand":[],"product_cat":[30984,30931],"product_tag":[],"class_list":{"0":"post-177224","1":"product","2":"type-product","3":"status-publish","4":"has-post-thumbnail","6":"product_cat-hotel-appliances","7":"product_cat-hotel-safes","9":"first","10":"instock","11":"taxable","12":"shipping-taxable","13":"purchasable","14":"product-type-variable"},"_links":{"self":[{"href":"https:\/\/nexgendecors.com\/fr\/wp-json\/wp\/v2\/product\/177224","targetHints":{"allow":["GET"]}}],"collection":[{"href":"https:\/\/nexgendecors.com\/fr\/wp-json\/wp\/v2\/product"}],"about":[{"href":"https:\/\/nexgendecors.com\/fr\/wp-json\/wp\/v2\/types\/product"}],"replies":[{"embeddable":true,"href":"https:\/\/nexgendecors.com\/fr\/wp-json\/wp\/v2\/comments?post=177224"}],"version-history":[{"count":0,"href":"https:\/\/nexgendecors.com\/fr\/wp-json\/wp\/v2\/product\/177224\/revisions"}],"wp:featuredmedia":[{"embeddable":true,"href":"https:\/\/nexgendecors.com\/fr\/wp-json\/wp\/v2\/media\/177223"}],"wp:attachment":[{"href":"https:\/\/nexgendecors.com\/fr\/wp-json\/wp\/v2\/media?parent=177224"}],"wp:term":[{"taxonomy":"product_brand","embeddable":true,"href":"https:\/\/nexgendecors.com\/fr\/wp-json\/wp\/v2\/product_brand?post=177224"},{"taxonomy":"product_cat","embeddable":true,"href":"https:\/\/nexgendecors.com\/fr\/wp-json\/wp\/v2\/product_cat?post=177224"},{"taxonomy":"product_tag","embeddable":true,"href":"https:\/\/nexgendecors.com\/fr\/wp-json\/wp\/v2\/product_tag?post=177224"}],"curies":[{"name":"wp","href":"https:\/\/api.w.org\/{rel}","templated":true}]}}